{"id":1211,"date":"2020-01-09T14:46:28","date_gmt":"2020-01-09T14:46:28","guid":{"rendered":"https:\/\/www.campingepibleu.com\/?page_id=1211"},"modified":"2025-10-17T09:41:36","modified_gmt":"2025-10-17T09:41:36","slug":"camping-luberon-parc-aquatique","status":"publish","type":"page","link":"https:\/\/www.campingepibleu.com\/fr\/camping-luberon-parc-aquatique\/","title":{"rendered":"Camping avec parc aquatique dans le Lub\u00e9ron"},"content":{"rendered":"[vc_row][vc_column][vc_column_text]Pour vous rafraichir pendant vos vacances, profitez de la piscine chauff\u00e9e et des toboggans de notre <a href=\"\/fr\/\">camping Luberon<\/a> avec parc aquatique ![\/vc_column_text][vc_column_text][\/vc_column_text][vc_row_inner][vc_column_inner width=\u00a0\u00bb1\/2&Prime;][vc_single_image image=\u00a0\u00bb3010&Prime; img_size=\u00a0\u00bbfull\u00a0\u00bb title=\u00a0\u00bbSTRUCTURE GONFLABLE\u00a0\u00bb][\/vc_column_inner][vc_column_inner width=\u00a0\u00bb1\/2&Prime;][vc_single_image image=\u00a0\u00bb2790&Prime; img_size=\u00a0\u00bbfull\u00a0\u00bb][\/vc_column_inner][\/vc_row_inner][vc_row_inner][vc_column_inner width=\u00a0\u00bb1\/4&Prime;][vc_single_image image=\u00a0\u00bb2887&Prime; img_size=\u00a0\u00bbfull\u00a0\u00bb][\/vc_column_inner][vc_column_inner width=\u00a0\u00bb1\/4&Prime;][vc_single_image image=\u00a0\u00bb2884&Prime; img_size=\u00a0\u00bbfull\u00a0\u00bb][\/vc_column_inner][vc_column_inner width=\u00a0\u00bb1\/4&Prime;][vc_single_image image=\u00a0\u00bb3018&Prime; img_size=\u00a0\u00bbfull\u00a0\u00bb][\/vc_column_inner][vc_column_inner width=\u00a0\u00bb1\/4&Prime;][vc_single_image image=\u00a0\u00bb2787&Prime; img_size=\u00a0\u00bbfull\u00a0\u00bb][\/vc_column_inner][\/vc_row_inner][\/vc_column][\/vc_row][vc_row equal_height=\u00a0\u00bbyes\u00a0\u00bb][vc_column width=\u00a0\u00bb1\/2&Prime; el_class=\u00a0\u00bbvalign\u00a0\u00bb][vc_column_text]\n<h2>Camping avec piscine ext\u00e9rieure chauff\u00e9e \u00e0 Banon<\/h2>\n<p>En vacances dans le Lub\u00e9ron, vous appr\u00e9cierez la pr\u00e9sence sur votre lieu de s\u00e9jour d\u2019une piscine pour vous rafra\u00eechir \u00e0 toute heure de la journ\u00e9e. L\u2019\u00c9pi Bleu met \u00e0 votre disposition un grand bassin pour vous permettre de profiter quotidiennement des joies de la baignade sous le soleil de Provence. Pour votre confort, l\u2019eau de la piscine est chauff\u00e9e du 25 Avril au 24 Septembre (selon m\u00e9t\u00e9o) : vous pourrez ainsi l\u2019appr\u00e9cier tout au long de la saison ! Ouverte de 10h \u00e0 20h00, la piscine de notre camping \u00e0 Banon se pr\u00eate \u00e0 une petite s\u00e9rie revitalisante de longueurs matinales, comme aux baignades en famille l\u2019apr\u00e8s-midi ou aux bains rafra\u00eechissants en toute fin de journ\u00e9e : profitez d\u2019une pause d\u00e9tente et bien \u00eatre \u00e0 vos retours d\u2019excursions dans le Lub\u00e9ron ! Autour du bassin, un solarium vous invite \u00e0 peaufiner votre bronzage. Des transats confortables sont \u00e0 votre disposition pour une s\u00e9ance de farniente bien m\u00e9rit\u00e9e. Vous pourrez vous installer sous un parasol ou \u00e0 l\u2019ombre d\u2019un palmier pour y faire une petite sieste ou lire tranquillement un livre entre deux activit\u00e9s aquatiques ! Les murs de pierres apparentes, les v\u00e9g\u00e9taux et la plage-pelouse forment un d\u00e9cor propice au ressourcement, avec en toile de fond les collines de Provence et du Lub\u00e9ron.[\/vc_column_text][\/vc_column][vc_column width=\u00a0\u00bb1\/2&Prime; el_class=\u00a0\u00bbvalign\u00a0\u00bb][vc_column_text]<img decoding=\"async\" src=\"\/wp-content\/uploads\/2023\/12\/camping-piscine-exterieur-chauffee-luberon.jpg\" alt=\"camping luberon avec piscine\" \/>[\/vc_column_text][\/vc_column][\/vc_row][vc_row equal_height=\u00a0\u00bbyes\u00a0\u00bb][vc_column width=\u00a0\u00bb1\/2&Prime; el_class=\u00a0\u00bbvalign\u00a0\u00bb][vc_column_text]<img decoding=\"async\" src=\"\/wp-content\/uploads\/2023\/12\/camping-piscine-tobbogans-luberon-1.jpg\" alt=\"camping luberon avec toboggan aquatique\" width=\"100%\" \/>[\/vc_column_text][\/vc_column][vc_column width=\u00a0\u00bb1\/2&Prime; el_class=\u00a0\u00bbvalign\u00a0\u00bb][vc_column_text]\n<h2>Camping avec toboggan aquatique et pataugeoire en Provence<\/h2>\n<p>Pour vos vacances en camping familial, l&rsquo;espace piscine du camping l\u2019\u00c9pi Bleu r\u00e9serve aussi \u00e0 vos enfants des espaces aquatiques privil\u00e9gi\u00e9s. Les plus jeunes profiteront sur le site d\u2019une pataugeoire ludique : rassurant et amusant, ce petit bassin de faible profondeur saura leur donner le go\u00fbt de l\u2019eau et des baignades. Son champignon de pluie participe en douceur \u00e0 une familiarisation r\u00e9ussie avec les joies de l\u2019eau et des jeux aquatiques. Un peu plus grands, vos enfants adoreront nos <a href=\"https:\/\/www.camping-parc-aquatique.fr\/\" target=\"_blank\" rel=\"noopener\">toboggans aquatiques au camping<\/a> : le toboggan double piste et le nouveau toboggan multicolore offrent une belle sensation de glisse, agr\u00e9ablement frein\u00e9e par l\u2019eau \u00e0 l\u2019arriv\u00e9e. Avec les autres jeux pour enfants comme les structures gonflables attenantes, le ponton sur l\u2019eau et le petit bassin, ils forment un ensemble d\u00e9di\u00e9 \u00e0 la jeunesse ! Parents et grands-parents ont quant \u00e0 eux le choix : se lancer eux aussi dans les courses de glisse aux c\u00f4t\u00e9s de leurs enfants, ou les surveiller depuis le solarium, confortablement install\u00e9s sur un transat ou dans un fauteuil d\u2019ext\u00e9rieur. L\u2019espace aquatique de l\u2019\u00c9pi Bleu est bien pens\u00e9 pour divertir et d\u00e9tendre toute la famille. Et pour la tranquillit\u00e9 de tous, il est situ\u00e9 \u00e0 l\u2019\u00e9cart des h\u00e9bergements, pour ne pas d\u00e9ranger le moment de repos que certains s\u2019accordent en terrasse ![\/vc_column_text][\/vc_column][\/vc_row]\n","protected":false},"excerpt":{"rendered":"","protected":false},"author":2,"featured_media":1215,"parent":0,"menu_order":0,"comment_status":"closed","ping_status":"closed","template":"","meta":[],"acf":[],"yoast_head":"<!-- This site is optimized with the Yoast SEO plugin v20.1 - https:\/\/yoast.com\/wordpress\/plugins\/seo\/ -->\n<title>Camping Luberon parc aquatique : Piscine chauff\u00e9e et toboggans<\/title>\n<meta name=\"description\" content=\"Envie de s\u00e9journer dans un camping Lub\u00e9ron avec parc aquatique ? D\u00e9couvrez la piscine chauff\u00e9e et les toboggans de notre camping \u00e0 Banon !\" \/>\n<meta name=\"robots\" content=\"index, follow, max-snippet:-1, max-image-preview:large, max-video-preview:-1\" \/>\n<link rel=\"canonical\" href=\"https:\/\/www.campingepibleu.com\/fr\/camping-luberon-parc-aquatique\/\" \/>\n<meta property=\"og:locale\" content=\"fr_FR\" \/>\n<meta property=\"og:type\" content=\"article\" \/>\n<meta property=\"og:title\" content=\"Camping Luberon parc aquatique : Piscine chauff\u00e9e et toboggans\" \/>\n<meta property=\"og:description\" content=\"Envie de s\u00e9journer dans un camping Lub\u00e9ron avec parc aquatique ? D\u00e9couvrez la piscine chauff\u00e9e et les toboggans de notre camping \u00e0 Banon !\" \/>\n<meta property=\"og:url\" content=\"https:\/\/www.campingepibleu.com\/fr\/camping-luberon-parc-aquatique\/\" \/>\n<meta property=\"og:site_name\" content=\"Camping Epi Bleu\" \/>\n<meta property=\"article:publisher\" content=\"https:\/\/www.facebook.com\/CAMPING-CARAVANING-lEPI-BLEU--265609693477491\/\" \/>\n<meta property=\"article:modified_time\" content=\"2025-10-17T09:41:36+00:00\" \/>\n<meta property=\"og:image\" content=\"https:\/\/www.campingepibleu.com\/wp-content\/uploads\/2020\/01\/camping-luberon-parc-aquatique-1.jpg\" \/>\n\t<meta property=\"og:image:width\" content=\"1905\" \/>\n\t<meta property=\"og:image:height\" content=\"470\" \/>\n\t<meta property=\"og:image:type\" content=\"image\/jpeg\" \/>\n<meta name=\"twitter:card\" content=\"summary_large_image\" \/>\n<meta name=\"twitter:label1\" content=\"Dur\u00e9e de lecture estim\u00e9e\" \/>\n\t<meta name=\"twitter:data1\" content=\"3 minutes\" \/>\n<script type=\"application\/ld+json\" class=\"yoast-schema-graph\">{\"@context\":\"https:\/\/schema.org\",\"@graph\":[{\"@type\":\"WebPage\",\"@id\":\"https:\/\/www.campingepibleu.com\/fr\/camping-luberon-parc-aquatique\/\",\"url\":\"https:\/\/www.campingepibleu.com\/fr\/camping-luberon-parc-aquatique\/\",\"name\":\"Camping Luberon parc aquatique : Piscine chauff\u00e9e et toboggans\",\"isPartOf\":{\"@id\":\"https:\/\/www.campingepibleu.com\/fr\/#website\"},\"datePublished\":\"2020-01-09T14:46:28+00:00\",\"dateModified\":\"2025-10-17T09:41:36+00:00\",\"description\":\"Envie de s\u00e9journer dans un camping Lub\u00e9ron avec parc aquatique ? D\u00e9couvrez la piscine chauff\u00e9e et les toboggans de notre camping \u00e0 Banon !\",\"breadcrumb\":{\"@id\":\"https:\/\/www.campingepibleu.com\/fr\/camping-luberon-parc-aquatique\/#breadcrumb\"},\"inLanguage\":\"fr-FR\",\"potentialAction\":[{\"@type\":\"ReadAction\",\"target\":[\"https:\/\/www.campingepibleu.com\/fr\/camping-luberon-parc-aquatique\/\"]}]},{\"@type\":\"BreadcrumbList\",\"@id\":\"https:\/\/www.campingepibleu.com\/fr\/camping-luberon-parc-aquatique\/#breadcrumb\",\"itemListElement\":[{\"@type\":\"ListItem\",\"position\":1,\"name\":\"Camping Luberon\",\"item\":\"https:\/\/www.campingepibleu.com\/fr\/\"},{\"@type\":\"ListItem\",\"position\":2,\"name\":\"Camping Luberon avec un parc aquatique\"}]},{\"@type\":\"WebSite\",\"@id\":\"https:\/\/www.campingepibleu.com\/fr\/#website\",\"url\":\"https:\/\/www.campingepibleu.com\/fr\/\",\"name\":\"Camping Epi Bleu\",\"description\":\"Camping Epi Bleu\",\"publisher\":{\"@id\":\"https:\/\/www.campingepibleu.com\/fr\/#organization\"},\"potentialAction\":[{\"@type\":\"SearchAction\",\"target\":{\"@type\":\"EntryPoint\",\"urlTemplate\":\"https:\/\/www.campingepibleu.com\/fr\/?s={search_term_string}\"},\"query-input\":\"required name=search_term_string\"}],\"inLanguage\":\"fr-FR\"},{\"@type\":\"Organization\",\"@id\":\"https:\/\/www.campingepibleu.com\/fr\/#organization\",\"name\":\"Camping Epi Bleu\",\"url\":\"https:\/\/www.campingepibleu.com\/fr\/\",\"logo\":{\"@type\":\"ImageObject\",\"inLanguage\":\"fr-FR\",\"@id\":\"https:\/\/www.campingepibleu.com\/fr\/#\/schema\/logo\/image\/\",\"url\":\"https:\/\/www.campingepibleu.com\/wp-content\/uploads\/2022\/08\/logo.png\",\"contentUrl\":\"https:\/\/www.campingepibleu.com\/wp-content\/uploads\/2022\/08\/logo.png\",\"width\":262,\"height\":162,\"caption\":\"Camping Epi Bleu\"},\"image\":{\"@id\":\"https:\/\/www.campingepibleu.com\/fr\/#\/schema\/logo\/image\/\"},\"sameAs\":[\"https:\/\/www.facebook.com\/CAMPING-CARAVANING-lEPI-BLEU--265609693477491\/\",\"https:\/\/www.youtube.com\/watch?v=pfc5cAK9aKI\"]}]}<\/script>\n<!-- \/ Yoast SEO plugin. -->","yoast_head_json":{"title":"Camping Luberon parc aquatique : Piscine chauff\u00e9e et toboggans","description":"Envie de s\u00e9journer dans un camping Lub\u00e9ron avec parc aquatique ? D\u00e9couvrez la piscine chauff\u00e9e et les toboggans de notre camping \u00e0 Banon !","robots":{"index":"index","follow":"follow","max-snippet":"max-snippet:-1","max-image-preview":"max-image-preview:large","max-video-preview":"max-video-preview:-1"},"canonical":"https:\/\/www.campingepibleu.com\/fr\/camping-luberon-parc-aquatique\/","og_locale":"fr_FR","og_type":"article","og_title":"Camping Luberon parc aquatique : Piscine chauff\u00e9e et toboggans","og_description":"Envie de s\u00e9journer dans un camping Lub\u00e9ron avec parc aquatique ? D\u00e9couvrez la piscine chauff\u00e9e et les toboggans de notre camping \u00e0 Banon !","og_url":"https:\/\/www.campingepibleu.com\/fr\/camping-luberon-parc-aquatique\/","og_site_name":"Camping Epi Bleu","article_publisher":"https:\/\/www.facebook.com\/CAMPING-CARAVANING-lEPI-BLEU--265609693477491\/","article_modified_time":"2025-10-17T09:41:36+00:00","og_image":[{"width":1905,"height":470,"url":"https:\/\/www.campingepibleu.com\/wp-content\/uploads\/2020\/01\/camping-luberon-parc-aquatique-1.jpg","type":"image\/jpeg"}],"twitter_card":"summary_large_image","twitter_misc":{"Dur\u00e9e de lecture estim\u00e9e":"3 minutes"},"schema":{"@context":"https:\/\/schema.org","@graph":[{"@type":"WebPage","@id":"https:\/\/www.campingepibleu.com\/fr\/camping-luberon-parc-aquatique\/","url":"https:\/\/www.campingepibleu.com\/fr\/camping-luberon-parc-aquatique\/","name":"Camping Luberon parc aquatique : Piscine chauff\u00e9e et toboggans","isPartOf":{"@id":"https:\/\/www.campingepibleu.com\/fr\/#website"},"datePublished":"2020-01-09T14:46:28+00:00","dateModified":"2025-10-17T09:41:36+00:00","description":"Envie de s\u00e9journer dans un camping Lub\u00e9ron avec parc aquatique ? D\u00e9couvrez la piscine chauff\u00e9e et les toboggans de notre camping \u00e0 Banon !","breadcrumb":{"@id":"https:\/\/www.campingepibleu.com\/fr\/camping-luberon-parc-aquatique\/#breadcrumb"},"inLanguage":"fr-FR","potentialAction":[{"@type":"ReadAction","target":["https:\/\/www.campingepibleu.com\/fr\/camping-luberon-parc-aquatique\/"]}]},{"@type":"BreadcrumbList","@id":"https:\/\/www.campingepibleu.com\/fr\/camping-luberon-parc-aquatique\/#breadcrumb","itemListElement":[{"@type":"ListItem","position":1,"name":"Camping Luberon","item":"https:\/\/www.campingepibleu.com\/fr\/"},{"@type":"ListItem","position":2,"name":"Camping Luberon avec un parc aquatique"}]},{"@type":"WebSite","@id":"https:\/\/www.campingepibleu.com\/fr\/#website","url":"https:\/\/www.campingepibleu.com\/fr\/","name":"Camping Epi Bleu","description":"Camping Epi Bleu","publisher":{"@id":"https:\/\/www.campingepibleu.com\/fr\/#organization"},"potentialAction":[{"@type":"SearchAction","target":{"@type":"EntryPoint","urlTemplate":"https:\/\/www.campingepibleu.com\/fr\/?s={search_term_string}"},"query-input":"required name=search_term_string"}],"inLanguage":"fr-FR"},{"@type":"Organization","@id":"https:\/\/www.campingepibleu.com\/fr\/#organization","name":"Camping Epi Bleu","url":"https:\/\/www.campingepibleu.com\/fr\/","logo":{"@type":"ImageObject","inLanguage":"fr-FR","@id":"https:\/\/www.campingepibleu.com\/fr\/#\/schema\/logo\/image\/","url":"https:\/\/www.campingepibleu.com\/wp-content\/uploads\/2022\/08\/logo.png","contentUrl":"https:\/\/www.campingepibleu.com\/wp-content\/uploads\/2022\/08\/logo.png","width":262,"height":162,"caption":"Camping Epi Bleu"},"image":{"@id":"https:\/\/www.campingepibleu.com\/fr\/#\/schema\/logo\/image\/"},"sameAs":["https:\/\/www.facebook.com\/CAMPING-CARAVANING-lEPI-BLEU--265609693477491\/","https:\/\/www.youtube.com\/watch?v=pfc5cAK9aKI"]}]}},"_links":{"self":[{"href":"https:\/\/www.campingepibleu.com\/fr\/wp-json\/wp\/v2\/pages\/1211"}],"collection":[{"href":"https:\/\/www.campingepibleu.com\/fr\/wp-json\/wp\/v2\/pages"}],"about":[{"href":"https:\/\/www.campingepibleu.com\/fr\/wp-json\/wp\/v2\/types\/page"}],"author":[{"embeddable":true,"href":"https:\/\/www.campingepibleu.com\/fr\/wp-json\/wp\/v2\/users\/2"}],"replies":[{"embeddable":true,"href":"https:\/\/www.campingepibleu.com\/fr\/wp-json\/wp\/v2\/comments?post=1211"}],"version-history":[{"count":39,"href":"https:\/\/www.campingepibleu.com\/fr\/wp-json\/wp\/v2\/pages\/1211\/revisions"}],"predecessor-version":[{"id":3348,"href":"https:\/\/www.campingepibleu.com\/fr\/wp-json\/wp\/v2\/pages\/1211\/revisions\/3348"}],"wp:featuredmedia":[{"embeddable":true,"href":"https:\/\/www.campingepibleu.com\/fr\/wp-json\/wp\/v2\/media\/1215"}],"wp:attachment":[{"href":"https:\/\/www.campingepibleu.com\/fr\/wp-json\/wp\/v2\/media?parent=1211"}],"curies":[{"name":"wp","href":"https:\/\/api.w.org\/{rel}","templated":true}]}}