{"id":1234,"date":"2020-01-09T15:40:28","date_gmt":"2020-01-09T15:40:28","guid":{"rendered":"https:\/\/www.campingepibleu.com\/?page_id=1234"},"modified":"2025-11-12T07:51:01","modified_gmt":"2025-11-12T07:51:01","slug":"camping-luberon-pas-cher","status":"publish","type":"page","link":"https:\/\/www.campingepibleu.com\/fr\/camping-luberon-pas-cher\/","title":{"rendered":"Camping Lub\u00e9ron pas cher"},"content":{"rendered":"[vc_row][vc_column][vc_column_text]Vous souhaitez s\u00e9journer en <a href=\"\/fr\/\">camping dans le Lub\u00e9ron<\/a> ? D\u00e9couvrez nos tarifs et offres promo pour r\u00e9server votre s\u00e9jour <strong>camping pas cher en Lub\u00e9ron<\/strong> ![\/vc_column_text][vc_raw_html el_class=\u00a0\u00bbheberg-resa\u00a0\u00bb]JTNDZGl2JTIwY2xhc3MlM0QlMjJmcmFtZS1jdG91dHZlcnQlMjIlM0UlMEElM0NzY3JpcHQlM0UlMEElMjAlMjAlMjAlMjB3aW5kb3cuY3RvdXR2ZXJ0JTIwJTNEJTIwJTdCJTBBJTIwJTIwJTIwJTIwJTIwJTIwJTIwJTIwaWQlM0ElMjAyMzU3JTJDJTBBJTIwJTIwJTIwJTIwJTIwJTIwJTIwJTIwbGFuZyUzQSUyMCUyN2F1dG8lMjclMkMlMEElMjAlMjAlMjAlMjAlMjAlMjAlMjAlMjB1cmwlM0ElMjAlMjdodHRwcyUzQSUyRiUyRmJvb2tpbmdwcmVtaXVtLnNlY3VyZWhvbGlkYXkubmV0JTJGd2lkZ2V0cyUyRiUyNyUyQyUyMCUwQSUyMCUyMCUyMCUyMCU3RCUzQiUwQSUyMCUyMCUyMCUyMCUyOGZ1bmN0aW9uJTIwJTI4dyUyQyUyMGQlMkMlMjBzJTJDJTIwY3R2JTJDJTIwciUyQyUyMGpzJTJDJTIwZmpzJTI5JTIwJTdCJTBBJTIwJTIwJTIwJTIwJTIwJTIwJTIwJTIwciUzRG5ldyUyMFhNTEh0dHBSZXF1ZXN0JTI4JTI5JTNCci5vcGVuJTI4JTI3R0VUJTI3JTJDdyU1QmN0diU1RC51cmwlMkIlMjdqcyUyRnNyYy5qc29uJTI3JTI5JTNCJTBBJTIwJTIwJTIwJTIwJTIwJTIwJTIwJTIwci5yZXNwb25zZVR5cGUlM0QlMjdqc29uJTI3JTNCci5qc29uJTNEdHJ1ZSUzQnIuc2VuZCUyOCUyOSUzQiUwQSUyMCUyMCUyMCUyMCUyMCUyMCUyMCUyMHIub25sb2FkJTNEZnVuY3Rpb24lMjglMjklN0J3JTVCY3R2JTVELnNyYyUzRHIucmVzcG9uc2VUeXBlJTNEJTNEJTI3anNvbiUyNyUzRnIucmVzcG9uc2UlM0FKU09OLnBhcnNlJTI4ci5yZXNwb25zZSUyOSUzQiUwQSUyMCUyMCUyMCUyMCUyMCUyMCUyMCUyMGpzLnNyYyUzRHclNUJjdHYlNUQuc3JjJTVCMCU1RCUzQmZqcy5wYXJlbnROb2RlLmluc2VydEJlZm9yZSUyOGpzJTJDJTIwZmpzJTI5JTNCJTdEJTBBJTIwJTIwJTIwJTIwJTIwJTIwJTIwJTIwanMlM0RkLmNyZWF0ZUVsZW1lbnQlMjhzJTI5JTJDZmpzJTNEZC5nZXRFbGVtZW50c0J5VGFnTmFtZSUyOHMlMjklNUIwJTVEJTNCJTBBJTIwJTIwJTIwJTIwJTIwJTIwJTIwJTIwanMuaWQlM0QlMjdjdHZ3aWRnZXQlMjclM0Jqcy5hc3luYyUzRDElM0IlMEElMjAlMjAlMjAlMjAlN0QlMjh3aW5kb3clMkMlMjBkb2N1bWVudCUyQyUyMCUyN3NjcmlwdCUyNyUyQyUyMCUyN2N0b3V0dmVydCUyNyUyOSUyOSUzQiUwQSUzQyUyRnNjcmlwdCUzRSUwQSUzQ2N0di1hdmFpbGFiaWxpdHklMjAlM0UlM0MlMkZjdHYtYXZhaWxhYmlsaXR5JTNFJTBBJTNDJTJGZGl2JTNF[\/vc_raw_html][\/vc_column][\/vc_row][vc_row equal_height=\u00a0\u00bbyes\u00a0\u00bb][vc_column width=\u00a0\u00bb1\/2&Prime; el_class=\u00a0\u00bbvalign\u00a0\u00bb][vc_column_text]\n<h2>Location mobil-home pas cher Lub\u00e9ron<\/h2>\n<p>Vous cherchez un <strong>mobil-home pas cher \u00e0 louer dans le Lub\u00e9ron<\/strong> pour toute la famille? Le camping familial avec piscine chauff\u00e9e l\u2019\u00c9pi Bleu vous propose des locatifs \u00e9conomiques \u00e0 Banon pour 2, 4 ou 6 personnes. Gr\u00e2ce \u00e0 ses diff\u00e9rentes gammes d\u2019h\u00e9bergements de vacances, notre camping 4 \u00e9toiles s\u2019adresse \u00e0 tous les budgets et \u00e0 toutes les envies. Faites des \u00e9conomies pendant votre s\u00e9jour en Provence en optant pour une tente meubl\u00e9e ou pour un bungalow Rapid\u2019home ! Avec un tarif \u00e0 la nuit\u00e9e, ces locatifs \u00e0 deux chambres sont parfaits pour un s\u00e9jour pas cher \u00e0 4 personnes. Les mobil-homes traditionnels, avec cuisines \u00e9quip\u00e9es, sanitaires et terrasses: de quoi s\u2019offrir des vacances en famille \u00e0 petit prix en <a href=\"\/fr\/locations-camping-sud-de-france\/\">location mobil home Lub\u00e9ron<\/a>. L\u2019\u00c9pi Bleu vous r\u00e9serve des avantages exceptionnels sur tous ses h\u00e9bergements, avec des offres 7 nuits pour 5 pay\u00e9es en basse saison, et 7 nuits au prix de 6 en tr\u00e8s haute saison. Destination id\u00e9ale pour louer un mobil-home pas cher en Provence, notre <a href=\"\/fr\/camping-luberon-pas-cher\/camping-acsi\/\">camping acceptant les cartes ACSI<\/a> pense aussi aux amateurs de grand confort avec un pavillon de 50 m2, ainsi que des mobil-homes Premium de moins de 5 ans, avec climatisation, t\u00e9l\u00e9viseur et lits faits \u00e0 votre arriv\u00e9e.[\/vc_column_text][\/vc_column][vc_column width=\u00a0\u00bb1\/2&Prime; el_class=\u00a0\u00bbvalign\u00a0\u00bb][vc_column_text]<img decoding=\"async\" src=\"https:\/\/www.campingepibleu.com\/wp-content\/uploads\/2020\/01\/location-mobil-home-luberon.jpg\" alt=\"location mobil home pas cher luberon\" \/>[\/vc_column_text][\/vc_column][\/vc_row][vc_row equal_height=\u00a0\u00bbyes\u00a0\u00bb][vc_column width=\u00a0\u00bb1\/2&Prime; el_class=\u00a0\u00bbvalign\u00a0\u00bb][vc_column_text]<img decoding=\"async\" src=\"https:\/\/www.campingepibleu.com\/wp-content\/uploads\/2020\/01\/emplacement-camping-luberon.jpg\" alt=\"emplacement camping pas cher luberon\" \/>[\/vc_column_text][\/vc_column][vc_column width=\u00a0\u00bb1\/2&Prime; el_class=\u00a0\u00bbvalign\u00a0\u00bb][vc_column_text]\n<h2>Terrain de camping pas cher pour tente et camping-car en Provence<\/h2>\n<p>Vous parcourez le Lub\u00e9ron en camping-car et vous recherchez un emplacement de <a href=\"https:\/\/www.campingepibleu.com\/fr\/camping-luberon-pas-cher\/camping-vacaf\/\">camping VACAF<\/a> pas cher \u00e0 Banon ? L\u2019\u00c9pi Bleu vous propose des emplacements arbor\u00e9s de 80 \u00e0 100 m2 pour tentes et camping-cars \u00e0 un tarif tr\u00e8s doux le forfait Confort comprenant 2 personnes, un v\u00e9hicule, une tente, une caravane ou un camping-car, et avec l\u2019\u00e9lectricit\u00e9 incluse de 10 amp\u00e8res. Si vous souhaitez rester une semaine, notre camping pas cher en Provence vous fait b\u00e9n\u00e9ficier en basse saison de l\u2019offre avantageuse 7 nuit\u00e9es pour le prix de 6. Cette op\u00e9ration promotionnelle est aussi valable sur les forfaits Privil\u00e8ge : des emplacements de 150 m2, avec branchement \u00e9lectrique de 20 amp\u00e8res et point d\u2019eau. Vous \u00eates un randonneur ou un cycliste seul en tente ? L\u2019\u00c9pi Bleu vous propose un forfait de camping \u00e0 tout petit prix, avec une location d\u2019emplacement. Id\u00e9al pour les jeunes parents ou pour les familles nombreuses avec enfants en bas \u00e2ge, notre <a href=\"https:\/\/www.campingepibleu.com\/fr\/camping-luberon-pas-cher\/camping-ancv\/\">camping ANCV<\/a> vous propose des vacances \u00e9conomiques dans le Lub\u00e9ron gr\u00e2ce \u00e0 la gratuit\u00e9 des enfants de moins de trois ans sur les emplacements, et ce \u00e0 tout moment de la saison ![\/vc_column_text][\/vc_column][\/vc_row]\n","protected":false},"excerpt":{"rendered":"","protected":false},"author":2,"featured_media":1238,"parent":0,"menu_order":0,"comment_status":"closed","ping_status":"closed","template":"","meta":[],"acf":[],"yoast_head":"<!-- This site is optimized with the Yoast SEO plugin v20.1 - https:\/\/yoast.com\/wordpress\/plugins\/seo\/ -->\n<title>Camping pas cher Luberon | Emplacements et mobil homes \u00e0 petit prix<\/title>\n<meta name=\"description\" content=\"A la recherche d&#039;un camping pas cher dans le Lub\u00e9ron ? D\u00e9couvrez nos tarifs et promotions sur les mobil homes et emplacements !\" \/>\n<meta name=\"robots\" content=\"index, follow, max-snippet:-1, max-image-preview:large, max-video-preview:-1\" \/>\n<link rel=\"canonical\" href=\"https:\/\/www.campingepibleu.com\/fr\/camping-luberon-pas-cher\/\" \/>\n<meta property=\"og:locale\" content=\"fr_FR\" \/>\n<meta property=\"og:type\" content=\"article\" \/>\n<meta property=\"og:title\" content=\"Camping pas cher Luberon | Emplacements et mobil homes \u00e0 petit prix\" \/>\n<meta property=\"og:description\" content=\"A la recherche d&#039;un camping pas cher dans le Lub\u00e9ron ? D\u00e9couvrez nos tarifs et promotions sur les mobil homes et emplacements !\" \/>\n<meta property=\"og:url\" content=\"https:\/\/www.campingepibleu.com\/fr\/camping-luberon-pas-cher\/\" \/>\n<meta property=\"og:site_name\" content=\"Camping Epi Bleu\" \/>\n<meta property=\"article:publisher\" content=\"https:\/\/www.facebook.com\/CAMPING-CARAVANING-lEPI-BLEU--265609693477491\/\" \/>\n<meta property=\"article:modified_time\" content=\"2025-11-12T07:51:01+00:00\" \/>\n<meta property=\"og:image\" content=\"https:\/\/www.campingepibleu.com\/wp-content\/uploads\/2020\/01\/camping-pas-cher-luberon.jpg\" \/>\n\t<meta property=\"og:image:width\" content=\"1905\" \/>\n\t<meta property=\"og:image:height\" content=\"469\" \/>\n\t<meta property=\"og:image:type\" content=\"image\/jpeg\" \/>\n<meta name=\"twitter:card\" content=\"summary_large_image\" \/>\n<meta name=\"twitter:label1\" content=\"Dur\u00e9e de lecture estim\u00e9e\" \/>\n\t<meta name=\"twitter:data1\" content=\"3 minutes\" \/>\n<script type=\"application\/ld+json\" class=\"yoast-schema-graph\">{\"@context\":\"https:\/\/schema.org\",\"@graph\":[{\"@type\":\"WebPage\",\"@id\":\"https:\/\/www.campingepibleu.com\/fr\/camping-luberon-pas-cher\/\",\"url\":\"https:\/\/www.campingepibleu.com\/fr\/camping-luberon-pas-cher\/\",\"name\":\"Camping pas cher Luberon | Emplacements et mobil homes \u00e0 petit prix\",\"isPartOf\":{\"@id\":\"https:\/\/www.campingepibleu.com\/fr\/#website\"},\"datePublished\":\"2020-01-09T15:40:28+00:00\",\"dateModified\":\"2025-11-12T07:51:01+00:00\",\"description\":\"A la recherche d'un camping pas cher dans le Lub\u00e9ron ? D\u00e9couvrez nos tarifs et promotions sur les mobil homes et emplacements !\",\"breadcrumb\":{\"@id\":\"https:\/\/www.campingepibleu.com\/fr\/camping-luberon-pas-cher\/#breadcrumb\"},\"inLanguage\":\"fr-FR\",\"potentialAction\":[{\"@type\":\"ReadAction\",\"target\":[\"https:\/\/www.campingepibleu.com\/fr\/camping-luberon-pas-cher\/\"]}]},{\"@type\":\"BreadcrumbList\",\"@id\":\"https:\/\/www.campingepibleu.com\/fr\/camping-luberon-pas-cher\/#breadcrumb\",\"itemListElement\":[{\"@type\":\"ListItem\",\"position\":1,\"name\":\"Camping Luberon\",\"item\":\"https:\/\/www.campingepibleu.com\/fr\/\"},{\"@type\":\"ListItem\",\"position\":2,\"name\":\"Camping pas cher Luberon\"}]},{\"@type\":\"WebSite\",\"@id\":\"https:\/\/www.campingepibleu.com\/fr\/#website\",\"url\":\"https:\/\/www.campingepibleu.com\/fr\/\",\"name\":\"Camping Epi Bleu\",\"description\":\"Camping Epi Bleu\",\"publisher\":{\"@id\":\"https:\/\/www.campingepibleu.com\/fr\/#organization\"},\"potentialAction\":[{\"@type\":\"SearchAction\",\"target\":{\"@type\":\"EntryPoint\",\"urlTemplate\":\"https:\/\/www.campingepibleu.com\/fr\/?s={search_term_string}\"},\"query-input\":\"required name=search_term_string\"}],\"inLanguage\":\"fr-FR\"},{\"@type\":\"Organization\",\"@id\":\"https:\/\/www.campingepibleu.com\/fr\/#organization\",\"name\":\"Camping Epi Bleu\",\"url\":\"https:\/\/www.campingepibleu.com\/fr\/\",\"logo\":{\"@type\":\"ImageObject\",\"inLanguage\":\"fr-FR\",\"@id\":\"https:\/\/www.campingepibleu.com\/fr\/#\/schema\/logo\/image\/\",\"url\":\"https:\/\/www.campingepibleu.com\/wp-content\/uploads\/2022\/08\/logo.png\",\"contentUrl\":\"https:\/\/www.campingepibleu.com\/wp-content\/uploads\/2022\/08\/logo.png\",\"width\":262,\"height\":162,\"caption\":\"Camping Epi Bleu\"},\"image\":{\"@id\":\"https:\/\/www.campingepibleu.com\/fr\/#\/schema\/logo\/image\/\"},\"sameAs\":[\"https:\/\/www.facebook.com\/CAMPING-CARAVANING-lEPI-BLEU--265609693477491\/\",\"https:\/\/www.youtube.com\/watch?v=pfc5cAK9aKI\"]}]}<\/script>\n<!-- \/ Yoast SEO plugin. -->","yoast_head_json":{"title":"Camping pas cher Luberon | Emplacements et mobil homes \u00e0 petit prix","description":"A la recherche d'un camping pas cher dans le Lub\u00e9ron ? D\u00e9couvrez nos tarifs et promotions sur les mobil homes et emplacements !","robots":{"index":"index","follow":"follow","max-snippet":"max-snippet:-1","max-image-preview":"max-image-preview:large","max-video-preview":"max-video-preview:-1"},"canonical":"https:\/\/www.campingepibleu.com\/fr\/camping-luberon-pas-cher\/","og_locale":"fr_FR","og_type":"article","og_title":"Camping pas cher Luberon | Emplacements et mobil homes \u00e0 petit prix","og_description":"A la recherche d'un camping pas cher dans le Lub\u00e9ron ? D\u00e9couvrez nos tarifs et promotions sur les mobil homes et emplacements !","og_url":"https:\/\/www.campingepibleu.com\/fr\/camping-luberon-pas-cher\/","og_site_name":"Camping Epi Bleu","article_publisher":"https:\/\/www.facebook.com\/CAMPING-CARAVANING-lEPI-BLEU--265609693477491\/","article_modified_time":"2025-11-12T07:51:01+00:00","og_image":[{"width":1905,"height":469,"url":"https:\/\/www.campingepibleu.com\/wp-content\/uploads\/2020\/01\/camping-pas-cher-luberon.jpg","type":"image\/jpeg"}],"twitter_card":"summary_large_image","twitter_misc":{"Dur\u00e9e de lecture estim\u00e9e":"3 minutes"},"schema":{"@context":"https:\/\/schema.org","@graph":[{"@type":"WebPage","@id":"https:\/\/www.campingepibleu.com\/fr\/camping-luberon-pas-cher\/","url":"https:\/\/www.campingepibleu.com\/fr\/camping-luberon-pas-cher\/","name":"Camping pas cher Luberon | Emplacements et mobil homes \u00e0 petit prix","isPartOf":{"@id":"https:\/\/www.campingepibleu.com\/fr\/#website"},"datePublished":"2020-01-09T15:40:28+00:00","dateModified":"2025-11-12T07:51:01+00:00","description":"A la recherche d'un camping pas cher dans le Lub\u00e9ron ? D\u00e9couvrez nos tarifs et promotions sur les mobil homes et emplacements !","breadcrumb":{"@id":"https:\/\/www.campingepibleu.com\/fr\/camping-luberon-pas-cher\/#breadcrumb"},"inLanguage":"fr-FR","potentialAction":[{"@type":"ReadAction","target":["https:\/\/www.campingepibleu.com\/fr\/camping-luberon-pas-cher\/"]}]},{"@type":"BreadcrumbList","@id":"https:\/\/www.campingepibleu.com\/fr\/camping-luberon-pas-cher\/#breadcrumb","itemListElement":[{"@type":"ListItem","position":1,"name":"Camping Luberon","item":"https:\/\/www.campingepibleu.com\/fr\/"},{"@type":"ListItem","position":2,"name":"Camping pas cher Luberon"}]},{"@type":"WebSite","@id":"https:\/\/www.campingepibleu.com\/fr\/#website","url":"https:\/\/www.campingepibleu.com\/fr\/","name":"Camping Epi Bleu","description":"Camping Epi Bleu","publisher":{"@id":"https:\/\/www.campingepibleu.com\/fr\/#organization"},"potentialAction":[{"@type":"SearchAction","target":{"@type":"EntryPoint","urlTemplate":"https:\/\/www.campingepibleu.com\/fr\/?s={search_term_string}"},"query-input":"required name=search_term_string"}],"inLanguage":"fr-FR"},{"@type":"Organization","@id":"https:\/\/www.campingepibleu.com\/fr\/#organization","name":"Camping Epi Bleu","url":"https:\/\/www.campingepibleu.com\/fr\/","logo":{"@type":"ImageObject","inLanguage":"fr-FR","@id":"https:\/\/www.campingepibleu.com\/fr\/#\/schema\/logo\/image\/","url":"https:\/\/www.campingepibleu.com\/wp-content\/uploads\/2022\/08\/logo.png","contentUrl":"https:\/\/www.campingepibleu.com\/wp-content\/uploads\/2022\/08\/logo.png","width":262,"height":162,"caption":"Camping Epi Bleu"},"image":{"@id":"https:\/\/www.campingepibleu.com\/fr\/#\/schema\/logo\/image\/"},"sameAs":["https:\/\/www.facebook.com\/CAMPING-CARAVANING-lEPI-BLEU--265609693477491\/","https:\/\/www.youtube.com\/watch?v=pfc5cAK9aKI"]}]}},"_links":{"self":[{"href":"https:\/\/www.campingepibleu.com\/fr\/wp-json\/wp\/v2\/pages\/1234"}],"collection":[{"href":"https:\/\/www.campingepibleu.com\/fr\/wp-json\/wp\/v2\/pages"}],"about":[{"href":"https:\/\/www.campingepibleu.com\/fr\/wp-json\/wp\/v2\/types\/page"}],"author":[{"embeddable":true,"href":"https:\/\/www.campingepibleu.com\/fr\/wp-json\/wp\/v2\/users\/2"}],"replies":[{"embeddable":true,"href":"https:\/\/www.campingepibleu.com\/fr\/wp-json\/wp\/v2\/comments?post=1234"}],"version-history":[{"count":13,"href":"https:\/\/www.campingepibleu.com\/fr\/wp-json\/wp\/v2\/pages\/1234\/revisions"}],"predecessor-version":[{"id":3371,"href":"https:\/\/www.campingepibleu.com\/fr\/wp-json\/wp\/v2\/pages\/1234\/revisions\/3371"}],"wp:featuredmedia":[{"embeddable":true,"href":"https:\/\/www.campingepibleu.com\/fr\/wp-json\/wp\/v2\/media\/1238"}],"wp:attachment":[{"href":"https:\/\/www.campingepibleu.com\/fr\/wp-json\/wp\/v2\/media?parent=1234"}],"curies":[{"name":"wp","href":"https:\/\/api.w.org\/{rel}","templated":true}]}}