{"id":1241,"date":"2020-01-09T16:06:20","date_gmt":"2020-01-09T16:06:20","guid":{"rendered":"https:\/\/www.campingepibleu.com\/?page_id=1241"},"modified":"2023-06-19T07:45:00","modified_gmt":"2023-06-19T07:45:00","slug":"banon","status":"publish","type":"page","link":"https:\/\/www.campingepibleu.com\/fr\/region-aux-portes-du-luberon-en-provence\/banon\/","title":{"rendered":"Banon"},"content":{"rendered":"[vc_row][vc_column][vc_column_text]Profitez de votre s\u00e9jour <a href=\"\/fr\/\">camping \u00e0 Banon<\/a> pour visiter cette charmante commune du d\u00e9partement des Alpes de Haute Provence et faire du <a href=\"\/fr\/region-aux-portes-du-luberon-en-provence\/\">tourisme dans le Lub\u00e9ron<\/a> ![\/vc_column_text][\/vc_column][\/vc_row][vc_row equal_height=\u00a0\u00bbyes\u00a0\u00bb][vc_column width=\u00a0\u00bb1\/2&Prime; el_class=\u00a0\u00bbvalign\u00a0\u00bb][vc_column_text]\n<h2>Le village authentique de Banon<\/h2>\n<p>Village perch\u00e9 de Provence, <a href=\"https:\/\/banon.fr\/\" target=\"_blank\" rel=\"noopener noreferrer\">Banon<\/a> s\u2019est construit au Moyen \u00c2ge autour d\u2019une forteresse et conserve encore ses remparts d\u2019origine. Banon s\u00e9duit par son atmosph\u00e8re authentique autant que par son cadre, contre le plateau d\u2019Albion, entre mont Ventoux et montagne de Lure. Les hauteurs du village proven\u00e7al offrent un panorama unique sur les \u00e9tendues de lavande : cette culture embl\u00e9matique de la Haute Provence est omnipr\u00e9sente autour de Banon. Le village est aussi c\u00e9l\u00e8bre pour son fromage de ch\u00e8vre rond, traditionnellement emball\u00e9 dans des feuilles de ch\u00e2taigniers : la technique locale du caill\u00e9 doux alli\u00e9e \u00e0 ce mode conservation sous feuilles naturelles lui donne son go\u00fbt unique. Le Banon est toujours produit de mani\u00e8re artisanale dans la fromagerie du village. Il est le seul fromage AOC et AOP de toute la r\u00e9gion PACA (Provence-Alpes-C\u00f4te-d\u2019Azur) ! En plus de vos d\u00e9couvertes gastronomiques, vous pourrez encore admirer \u00e0 Banon une porte fortifi\u00e9e du 14e si\u00e8cle, l\u2019ancien h\u00f4tel-Dieu du 19e si\u00e8cle, de nombreuses demeures du 16e si\u00e8cle, des pigeonniers et des moulins, de nombreuses chapelles et deux \u00e9glises : l\u2019\u00e9glise Saint-Marc sur les hauteurs, b\u00e2tie au 17e si\u00e8cle, et l\u2019\u00e9glise Saint-Just-et-Notre-Dame-des-Anges, construite dans le bas du village au d\u00e9but du 20e si\u00e8cle. Dans les ruelles du bourg m\u00e9di\u00e9val vous attendent enfin de nombreux commerces, des bars et des restaurants aux terrasses anim\u00e9es. Vivre en Provence \u00e0 Banon, c&rsquo;est profiter de la nature du parc naturel r\u00e9gional du Lub\u00e9ron et du climat m\u00e9diterran\u00e9en ![\/vc_column_text][\/vc_column][vc_column width=\u00a0\u00bb1\/2&Prime; el_class=\u00a0\u00bbvalign\u00a0\u00bb][vc_column_text]<img decoding=\"async\" src=\"https:\/\/www.campingepibleu.com\/wp-content\/uploads\/2015\/07\/banon_paysage_s.jpg\" alt=\"village de banon\" \/>[\/vc_column_text][\/vc_column][\/vc_row][vc_row equal_height=\u00a0\u00bbyes\u00a0\u00bb][vc_column width=\u00a0\u00bb1\/2&Prime; el_class=\u00a0\u00bbvalign\u00a0\u00bb][vc_column_text]<img decoding=\"async\" src=\"https:\/\/www.campingepibleu.com\/wp-content\/uploads\/2015\/07\/ph04_banon.jpg\" alt=\"chateau de banon\" \/>[\/vc_column_text][\/vc_column][vc_column width=\u00a0\u00bb1\/2&Prime; el_class=\u00a0\u00bbvalign\u00a0\u00bb][vc_column_text]\n<h2>Le ch\u00e2teau de Banon<\/h2>\n<p>Les vestiges du ch\u00e2teau de Banon constituent un site passionnant \u00e0 d\u00e9couvrir pendant votre s\u00e9jour en camping Provence, qui fait l\u2019objet de belles balades et randonn\u00e9es : d\u2019acc\u00e8s libre sur les hauteurs du village, il offre une vue imprenable sur les alentours, et notamment sur les champs de lavande fleuris de bleu-mauve d\u00e8s juin-juillet. L\u2019histoire du ch\u00e2teau de Banon remonte au moins au 11e si\u00e8cle, o\u00f9 il appara\u00eet comme \u00e9tant propri\u00e9t\u00e9 de la famille seigneuriale des Simiane. Remani\u00e9 et renforc\u00e9 au cours des 13e et 14e si\u00e8cles, il est d\u00e9vast\u00e9 et pill\u00e9 \u00e0 plusieurs reprises, de la fin du 14e si\u00e8cle au d\u00e9but du 15e. La cit\u00e9 sera entour\u00e9e de remparts \u00e9pais au cours du 15e si\u00e8cle, et son entr\u00e9e renforc\u00e9e d\u2019une bret\u00e8che au 17e. L\u2019ensemble du ch\u00e2teau est d\u00e9truit apr\u00e8s la R\u00e9volution. S\u2019il ne reste des tours et du logis seigneurial que des pans de murs fortifi\u00e9s entour\u00e9s et en partie recouverts de v\u00e9g\u00e9tation, d\u2019autres constructions attach\u00e9es \u00e0 la forteresse sont encore bien pr\u00e9sentes \u00e0 Banon : c\u2019est le cas de la bret\u00e8che qui prot\u00e8ge la porte fortifi\u00e9e. Le bourg conserve aussi les fa\u00e7ades typiques de nombreuses \u00e9choppes m\u00e9di\u00e9vales comme \u00e0 Moustiers Sainte Marie.[\/vc_column_text][\/vc_column][\/vc_row][vc_row equal_height=\u00a0\u00bbyes\u00a0\u00bb][vc_column el_class=\u00a0\u00bbvalign\u00a0\u00bb][vc_column_text]\n<h2>D\u00e9couvrez aux alentours de Banon<\/h2>\n[\/vc_column_text][\/vc_column][\/vc_row][vc_row][vc_column width=\u00a0\u00bb1\/2&Prime;]<div class=\"ult-new-ib ult-ib-effect-style6  ult-ib-resp  \" data-min-width=\"768\" data-max-width=\"900\" style=\"\" data-opacity=\"1\" data-hover-opacity=\"1\" ><img class=\"ult-new-ib-img\" style=\"opacity:1;\" alt=\"null\" src=\"https:\/\/www.campingepibleu.com\/wp-content\/uploads\/2020\/01\/camping-sault.jpg\"   \/><div id=\"interactive-banner-wrap-2573\" class=\"ult-new-ib-desc\" style=\"\"><h2 class=\"ult-new-ib-title ult-responsive\"  data-ultimate-target='#interactive-banner-wrap-2573 .ult-new-ib-title'  data-responsive-json-new='{\"font-size\":\"\",\"line-height\":\"\"}'  style=\"font-weight:normal;\">Sault<\/h2><\/div><a class=\"ult-new-ib-link\" href=\"https:\/\/www.campingepibleu.com\/fr\/region-aux-portes-du-luberon-en-provence\/camping-sault\/\"  ><\/a><\/div><script type=\"text\/javascript\">\n\t\t\t(function($){\n\t\t\t\t$(document).ready(function(){\n\t\t\t\t\t$(\".ult-new-ib\").css(\"opacity\",\"1\");\n\t\t\t\t});\n\t\t\t})(jQuery);\n\t\t\t<\/script>[\/vc_column][vc_column width=\u00a0\u00bb1\/2&Prime;]<div class=\"ult-new-ib ult-ib-effect-style6  ult-ib-resp  \" data-min-width=\"768\" data-max-width=\"900\" style=\"\" data-opacity=\"1\" data-hover-opacity=\"1\" ><img class=\"ult-new-ib-img\" style=\"opacity:1;\" alt=\"null\" src=\"https:\/\/www.campingepibleu.com\/wp-content\/uploads\/2020\/01\/tourisme-forcalquier.jpg\"   \/><div id=\"interactive-banner-wrap-9036\" class=\"ult-new-ib-desc\" style=\"\"><h2 class=\"ult-new-ib-title ult-responsive\"  data-ultimate-target='#interactive-banner-wrap-9036 .ult-new-ib-title'  data-responsive-json-new='{\"font-size\":\"\",\"line-height\":\"\"}'  style=\"font-weight:normal;\">Forcalquier<\/h2><\/div><a class=\"ult-new-ib-link\" href=\"https:\/\/www.campingepibleu.com\/fr\/region-aux-portes-du-luberon-en-provence\/camping-forcalquier\/\"  ><\/a><\/div><script type=\"text\/javascript\">\n\t\t\t(function($){\n\t\t\t\t$(document).ready(function(){\n\t\t\t\t\t$(\".ult-new-ib\").css(\"opacity\",\"1\");\n\t\t\t\t});\n\t\t\t})(jQuery);\n\t\t\t<\/script>[\/vc_column][\/vc_row]\n","protected":false},"excerpt":{"rendered":"","protected":false},"author":2,"featured_media":63,"parent":8,"menu_order":0,"comment_status":"closed","ping_status":"closed","template":"","meta":[],"acf":[],"yoast_head":"<!-- This site is optimized with the Yoast SEO plugin v20.1 - https:\/\/yoast.com\/wordpress\/plugins\/seo\/ -->\n<title>Banon tourisme | Visite du village et ch\u00e2teau de Banon<\/title>\n<meta name=\"description\" content=\"Envie de d\u00e9couvrir Banon pendant vos vacances dans les Alpes de Haute Provence ? D\u00e9couvrez les incontournables du village et le ch\u00e2teau de Banon !\" \/>\n<meta name=\"robots\" content=\"index, follow, max-snippet:-1, max-image-preview:large, max-video-preview:-1\" \/>\n<link rel=\"canonical\" href=\"https:\/\/www.campingepibleu.com\/fr\/region-aux-portes-du-luberon-en-provence\/banon\/\" \/>\n<meta property=\"og:locale\" content=\"fr_FR\" \/>\n<meta property=\"og:type\" content=\"article\" \/>\n<meta property=\"og:title\" content=\"Banon tourisme | Visite du village et ch\u00e2teau de Banon\" \/>\n<meta property=\"og:description\" content=\"Envie de d\u00e9couvrir Banon pendant vos vacances dans les Alpes de Haute Provence ? D\u00e9couvrez les incontournables du village et le ch\u00e2teau de Banon !\" \/>\n<meta property=\"og:url\" content=\"https:\/\/www.campingepibleu.com\/fr\/region-aux-portes-du-luberon-en-provence\/banon\/\" \/>\n<meta property=\"og:site_name\" content=\"Camping Epi Bleu\" \/>\n<meta property=\"article:publisher\" content=\"https:\/\/www.facebook.com\/CAMPING-CARAVANING-lEPI-BLEU--265609693477491\/\" \/>\n<meta property=\"article:modified_time\" content=\"2023-06-19T07:45:00+00:00\" \/>\n<meta property=\"og:image\" content=\"https:\/\/www.campingepibleu.com\/wp-content\/uploads\/2015\/07\/phoca_thumb_l_banon.jpg\" \/>\n\t<meta property=\"og:image:width\" content=\"970\" \/>\n\t<meta property=\"og:image:height\" content=\"230\" \/>\n\t<meta property=\"og:image:type\" content=\"image\/jpeg\" \/>\n<meta name=\"twitter:card\" content=\"summary_large_image\" \/>\n<meta name=\"twitter:label1\" content=\"Dur\u00e9e de lecture estim\u00e9e\" \/>\n\t<meta name=\"twitter:data1\" content=\"3 minutes\" \/>\n<script type=\"application\/ld+json\" class=\"yoast-schema-graph\">{\"@context\":\"https:\/\/schema.org\",\"@graph\":[{\"@type\":\"WebPage\",\"@id\":\"https:\/\/www.campingepibleu.com\/fr\/region-aux-portes-du-luberon-en-provence\/banon\/\",\"url\":\"https:\/\/www.campingepibleu.com\/fr\/region-aux-portes-du-luberon-en-provence\/banon\/\",\"name\":\"Banon tourisme | Visite du village et ch\u00e2teau de Banon\",\"isPartOf\":{\"@id\":\"https:\/\/www.campingepibleu.com\/fr\/#website\"},\"datePublished\":\"2020-01-09T16:06:20+00:00\",\"dateModified\":\"2023-06-19T07:45:00+00:00\",\"description\":\"Envie de d\u00e9couvrir Banon pendant vos vacances dans les Alpes de Haute Provence ? D\u00e9couvrez les incontournables du village et le ch\u00e2teau de Banon !\",\"breadcrumb\":{\"@id\":\"https:\/\/www.campingepibleu.com\/fr\/region-aux-portes-du-luberon-en-provence\/banon\/#breadcrumb\"},\"inLanguage\":\"fr-FR\",\"potentialAction\":[{\"@type\":\"ReadAction\",\"target\":[\"https:\/\/www.campingepibleu.com\/fr\/region-aux-portes-du-luberon-en-provence\/banon\/\"]}]},{\"@type\":\"BreadcrumbList\",\"@id\":\"https:\/\/www.campingepibleu.com\/fr\/region-aux-portes-du-luberon-en-provence\/banon\/#breadcrumb\",\"itemListElement\":[{\"@type\":\"ListItem\",\"position\":1,\"name\":\"Camping Luberon\",\"item\":\"https:\/\/www.campingepibleu.com\/fr\/\"},{\"@type\":\"ListItem\",\"position\":2,\"name\":\"Le Luberon en Provence\",\"item\":\"https:\/\/www.campingepibleu.com\/fr\/region-aux-portes-du-luberon-en-provence\/\"},{\"@type\":\"ListItem\",\"position\":3,\"name\":\"Banon\"}]},{\"@type\":\"WebSite\",\"@id\":\"https:\/\/www.campingepibleu.com\/fr\/#website\",\"url\":\"https:\/\/www.campingepibleu.com\/fr\/\",\"name\":\"Camping Epi Bleu\",\"description\":\"Camping Epi Bleu\",\"publisher\":{\"@id\":\"https:\/\/www.campingepibleu.com\/fr\/#organization\"},\"potentialAction\":[{\"@type\":\"SearchAction\",\"target\":{\"@type\":\"EntryPoint\",\"urlTemplate\":\"https:\/\/www.campingepibleu.com\/fr\/?s={search_term_string}\"},\"query-input\":\"required name=search_term_string\"}],\"inLanguage\":\"fr-FR\"},{\"@type\":\"Organization\",\"@id\":\"https:\/\/www.campingepibleu.com\/fr\/#organization\",\"name\":\"Camping Epi Bleu\",\"url\":\"https:\/\/www.campingepibleu.com\/fr\/\",\"logo\":{\"@type\":\"ImageObject\",\"inLanguage\":\"fr-FR\",\"@id\":\"https:\/\/www.campingepibleu.com\/fr\/#\/schema\/logo\/image\/\",\"url\":\"https:\/\/www.campingepibleu.com\/wp-content\/uploads\/2022\/08\/logo.png\",\"contentUrl\":\"https:\/\/www.campingepibleu.com\/wp-content\/uploads\/2022\/08\/logo.png\",\"width\":262,\"height\":162,\"caption\":\"Camping Epi Bleu\"},\"image\":{\"@id\":\"https:\/\/www.campingepibleu.com\/fr\/#\/schema\/logo\/image\/\"},\"sameAs\":[\"https:\/\/www.facebook.com\/CAMPING-CARAVANING-lEPI-BLEU--265609693477491\/\",\"https:\/\/www.youtube.com\/watch?v=pfc5cAK9aKI\"]}]}<\/script>\n<!-- \/ Yoast SEO plugin. -->","yoast_head_json":{"title":"Banon tourisme | Visite du village et ch\u00e2teau de Banon","description":"Envie de d\u00e9couvrir Banon pendant vos vacances dans les Alpes de Haute Provence ? D\u00e9couvrez les incontournables du village et le ch\u00e2teau de Banon !","robots":{"index":"index","follow":"follow","max-snippet":"max-snippet:-1","max-image-preview":"max-image-preview:large","max-video-preview":"max-video-preview:-1"},"canonical":"https:\/\/www.campingepibleu.com\/fr\/region-aux-portes-du-luberon-en-provence\/banon\/","og_locale":"fr_FR","og_type":"article","og_title":"Banon tourisme | Visite du village et ch\u00e2teau de Banon","og_description":"Envie de d\u00e9couvrir Banon pendant vos vacances dans les Alpes de Haute Provence ? D\u00e9couvrez les incontournables du village et le ch\u00e2teau de Banon !","og_url":"https:\/\/www.campingepibleu.com\/fr\/region-aux-portes-du-luberon-en-provence\/banon\/","og_site_name":"Camping Epi Bleu","article_publisher":"https:\/\/www.facebook.com\/CAMPING-CARAVANING-lEPI-BLEU--265609693477491\/","article_modified_time":"2023-06-19T07:45:00+00:00","og_image":[{"width":970,"height":230,"url":"https:\/\/www.campingepibleu.com\/wp-content\/uploads\/2015\/07\/phoca_thumb_l_banon.jpg","type":"image\/jpeg"}],"twitter_card":"summary_large_image","twitter_misc":{"Dur\u00e9e de lecture estim\u00e9e":"3 minutes"},"schema":{"@context":"https:\/\/schema.org","@graph":[{"@type":"WebPage","@id":"https:\/\/www.campingepibleu.com\/fr\/region-aux-portes-du-luberon-en-provence\/banon\/","url":"https:\/\/www.campingepibleu.com\/fr\/region-aux-portes-du-luberon-en-provence\/banon\/","name":"Banon tourisme | Visite du village et ch\u00e2teau de Banon","isPartOf":{"@id":"https:\/\/www.campingepibleu.com\/fr\/#website"},"datePublished":"2020-01-09T16:06:20+00:00","dateModified":"2023-06-19T07:45:00+00:00","description":"Envie de d\u00e9couvrir Banon pendant vos vacances dans les Alpes de Haute Provence ? D\u00e9couvrez les incontournables du village et le ch\u00e2teau de Banon !","breadcrumb":{"@id":"https:\/\/www.campingepibleu.com\/fr\/region-aux-portes-du-luberon-en-provence\/banon\/#breadcrumb"},"inLanguage":"fr-FR","potentialAction":[{"@type":"ReadAction","target":["https:\/\/www.campingepibleu.com\/fr\/region-aux-portes-du-luberon-en-provence\/banon\/"]}]},{"@type":"BreadcrumbList","@id":"https:\/\/www.campingepibleu.com\/fr\/region-aux-portes-du-luberon-en-provence\/banon\/#breadcrumb","itemListElement":[{"@type":"ListItem","position":1,"name":"Camping Luberon","item":"https:\/\/www.campingepibleu.com\/fr\/"},{"@type":"ListItem","position":2,"name":"Le Luberon en Provence","item":"https:\/\/www.campingepibleu.com\/fr\/region-aux-portes-du-luberon-en-provence\/"},{"@type":"ListItem","position":3,"name":"Banon"}]},{"@type":"WebSite","@id":"https:\/\/www.campingepibleu.com\/fr\/#website","url":"https:\/\/www.campingepibleu.com\/fr\/","name":"Camping Epi Bleu","description":"Camping Epi Bleu","publisher":{"@id":"https:\/\/www.campingepibleu.com\/fr\/#organization"},"potentialAction":[{"@type":"SearchAction","target":{"@type":"EntryPoint","urlTemplate":"https:\/\/www.campingepibleu.com\/fr\/?s={search_term_string}"},"query-input":"required name=search_term_string"}],"inLanguage":"fr-FR"},{"@type":"Organization","@id":"https:\/\/www.campingepibleu.com\/fr\/#organization","name":"Camping Epi Bleu","url":"https:\/\/www.campingepibleu.com\/fr\/","logo":{"@type":"ImageObject","inLanguage":"fr-FR","@id":"https:\/\/www.campingepibleu.com\/fr\/#\/schema\/logo\/image\/","url":"https:\/\/www.campingepibleu.com\/wp-content\/uploads\/2022\/08\/logo.png","contentUrl":"https:\/\/www.campingepibleu.com\/wp-content\/uploads\/2022\/08\/logo.png","width":262,"height":162,"caption":"Camping Epi Bleu"},"image":{"@id":"https:\/\/www.campingepibleu.com\/fr\/#\/schema\/logo\/image\/"},"sameAs":["https:\/\/www.facebook.com\/CAMPING-CARAVANING-lEPI-BLEU--265609693477491\/","https:\/\/www.youtube.com\/watch?v=pfc5cAK9aKI"]}]}},"_links":{"self":[{"href":"https:\/\/www.campingepibleu.com\/fr\/wp-json\/wp\/v2\/pages\/1241"}],"collection":[{"href":"https:\/\/www.campingepibleu.com\/fr\/wp-json\/wp\/v2\/pages"}],"about":[{"href":"https:\/\/www.campingepibleu.com\/fr\/wp-json\/wp\/v2\/types\/page"}],"author":[{"embeddable":true,"href":"https:\/\/www.campingepibleu.com\/fr\/wp-json\/wp\/v2\/users\/2"}],"replies":[{"embeddable":true,"href":"https:\/\/www.campingepibleu.com\/fr\/wp-json\/wp\/v2\/comments?post=1241"}],"version-history":[{"count":12,"href":"https:\/\/www.campingepibleu.com\/fr\/wp-json\/wp\/v2\/pages\/1241\/revisions"}],"predecessor-version":[{"id":2941,"href":"https:\/\/www.campingepibleu.com\/fr\/wp-json\/wp\/v2\/pages\/1241\/revisions\/2941"}],"up":[{"embeddable":true,"href":"https:\/\/www.campingepibleu.com\/fr\/wp-json\/wp\/v2\/pages\/8"}],"wp:featuredmedia":[{"embeddable":true,"href":"https:\/\/www.campingepibleu.com\/fr\/wp-json\/wp\/v2\/media\/63"}],"wp:attachment":[{"href":"https:\/\/www.campingepibleu.com\/fr\/wp-json\/wp\/v2\/media?parent=1241"}],"curies":[{"name":"wp","href":"https:\/\/api.w.org\/{rel}","templated":true}]}}