{"id":1248,"date":"2020-01-09T16:44:13","date_gmt":"2020-01-09T16:44:13","guid":{"rendered":"https:\/\/www.campingepibleu.com\/?page_id=1248"},"modified":"2023-06-23T12:39:22","modified_gmt":"2023-06-23T12:39:22","slug":"camping-montbrun-les-bains","status":"publish","type":"page","link":"https:\/\/www.campingepibleu.com\/fr\/region-aux-portes-du-luberon-en-provence\/camping-montbrun-les-bains\/","title":{"rendered":"Camping Montbrun les Bains"},"content":{"rendered":"[vc_row][vc_column][vc_column_text]Envie de partir en camping \u00e0 Montbrun les Bains ? Durant votre s\u00e9jour en <a href=\"\/fr\/\">camping Luberon<\/a> \u00e0 l&rsquo;Epi Bleu, vous pourrez visiter cette charmante commune situ\u00e9e \u00e0 seulement 30 km![\/vc_column_text][\/vc_column][\/vc_row][vc_row equal_height=\u00a0\u00bbyes\u00a0\u00bb][vc_column width=\u00a0\u00bb1\/2&Prime; el_class=\u00a0\u00bbvalign\u00a0\u00bb][vc_column_text]\n<h2>Location mobil-home Montbrun-les-Bains<\/h2>\n<p>Vous recherchez un bungalow ou un mobil-home pr\u00e8s de Montbrun-les-Bains pour vos prochaines vacances en Provence ? Le camping 4 \u00e9toiles l\u2019\u00c9pi Bleu vous propose un large choix de locatifs insolites, familiaux ou de luxe \u00e0 louer dans un environnement privil\u00e9gi\u00e9 avec piscine chauff\u00e9e en plein air. Tentes meubl\u00e9es, bungalows, cabanes lodges sur pilotis, mobil-homes \u00e0 2 ou 3 chambres de 21 \u00e0 32 m2, chalets de 21 \u00e0 35 m2 ou encore pavillon de vacances de 50 m2, le choix est vaste pour s\u2019adapter \u00e0 toutes les envies de vacances. Nos mobil-homes pr\u00e8s de Montbrun-les-Bains se d\u00e9clinent en diff\u00e9rentes gammes, de la plus \u00e9conomique \u00e0 la plus haut de gamme. Vous cherchez une location de mobil-home pas cher vers Montbrun-les-Bains ? La gamme \u00c9co vous r\u00e9serve des locatifs tout confort avec salle d\u2019eau et WC, cuisine \u00e9quip\u00e9e et terrasse de bois \u00e0 partir de 199 euros le forfait semaine, et seulement 60 euros la nuit. La gamme Confort vous garantit des mobil-homes de moins de 10 ans, \u00e0 la d\u00e9coration contemporaine et aux \u00e9quipements r\u00e9cents. Avec la gamme Confort +, vous logerez dans des mobil-homes de moins de 5 ans en b\u00e9n\u00e9ficiant des prestations h\u00f4teli\u00e8res, avec disponibilit\u00e9 de l\u2019option TV. Pour passer un s\u00e9jour de confort maximal en Provence, optez pour la gamme Premium avec tv incluse, lave-vaisselle et climatisation. Si vous pr\u00e9f\u00e9rez s\u00e9journer en tente ou camping-car, vous avez \u00e9galement des emplacements de camping \u00e0 disposition ![\/vc_column_text][\/vc_column][vc_column width=\u00a0\u00bb1\/2&Prime; el_class=\u00a0\u00bbvalign\u00a0\u00bb][vc_column_text]<img decoding=\"async\" src=\"https:\/\/www.campingepibleu.com\/wp-content\/uploads\/2020\/01\/location-mobil-home-luberon.jpg\" alt=\"location mobil home montbrun les bains\" \/>[\/vc_column_text][\/vc_column][\/vc_row][vc_row equal_height=\u00a0\u00bbyes\u00a0\u00bb][vc_column width=\u00a0\u00bb1\/2&Prime; el_class=\u00a0\u00bbvalign\u00a0\u00bb][vc_column_text]<img decoding=\"async\" src=\"https:\/\/www.campingepibleu.com\/wp-content\/uploads\/2020\/01\/tourisme-montbrun-1.jpg\" alt=\"camping montbrun\" \/>[\/vc_column_text][\/vc_column][vc_column width=\u00a0\u00bb1\/2&Prime; el_class=\u00a0\u00bbvalign\u00a0\u00bb][vc_column_text]\n<h2>Tourisme \u00e0 Montbrun-les-Bains<\/h2>\n<p>Profitez de votre s\u00e9jour au camping pr\u00e8s de Montbrun-les-Bains pour d\u00e9couvrir le patrimoine unique de cette petite cit\u00e9 class\u00e9e parmi les Plus Beaux Villages de France ! Station verte et station thermale, <a href=\"https:\/\/www.baronnies-tourisme.com\/notre-destination\/1-destination-3-ambiances\/pays-de-montbrun-les-bains\/\" target=\"_blank\" rel=\"noopener noreferrer\">Montbrun-les-Bains<\/a> niche au pied du mont Ventoux, c\u00e9l\u00e8bre sommet de Dr\u00f4me proven\u00e7ale pr\u00e8s du <a href=\"\/fr\/region-aux-portes-du-luberon-en-provence\/\">parc r\u00e9gional du Lub\u00e9ron<\/a>. Destination nature et bien-\u00eatre id\u00e9ale pour des vacances en famille, le village accroch\u00e9 \u00e0 flanc de falaises se d\u00e9couvre en fl\u00e2nant dans ses calades fleuries et ponctu\u00e9es de fontaines, des thermes jusqu\u2019aux vestiges d\u2019un ch\u00e2teau m\u00e9di\u00e9val qui figure parmi les ch\u00e2teaux incontournables de la r\u00e9gion. On y d\u00e9couvre les maisons m\u00e9diterran\u00e9ennes typiques con\u00e7ues \u00e0 l\u2019origine pour abriter les b\u00eates au rez-de-chauss\u00e9e et h\u00e9berger les humains \u00e0 l\u2019\u00e9tage. De nombreux passages entre ces maisons b\u00e2ties en hauteur donnent au village son charme unique. Parmi le patrimoine remarquable de Montbrun figurent le ch\u00e2teau des Gipi\u00e8res, \u00e9tablissement thermal du 19e, la tour de l\u2019horloge et son campanile, l\u2019\u00e9glise paroissiale du 12e si\u00e8cle, ou encore le donjon du ch\u00e2teau Reybaud b\u00e2ti \u00e0 flanc de falaise. Incontournables, les <a href=\"\/fr\/actualites\/cure-thermale-montbrun-les-bains\/\">thermes de Montbrun-les-Bains<\/a> proposent des cures des voies respiratoires, mais aussi une carte de soins bien-\u00eatre dans le spa thermal : l\u2019espace d\u00e9tente comprend hammam et sauna, piscine thermale, ainsi que des jacuzzis install\u00e9s sur une terrasse panoramique face aux collines du territoire des Baronnies. Au nord, il vous faudra 2h pour rejoindre le parc naturel r\u00e9gional du Vercors.[\/vc_column_text][\/vc_column][\/vc_row][vc_row equal_height=\u00a0\u00bbyes\u00a0\u00bb][vc_column el_class=\u00a0\u00bbvalign\u00a0\u00bb][vc_column_text]\n<h2>D\u00e9couvrez aux alentours de Montbrun les Bains<\/h2>\n[\/vc_column_text][\/vc_column][\/vc_row][vc_row][vc_column width=\u00a0\u00bb1\/2&Prime;]<div class=\"ult-new-ib ult-ib-effect-style6  ult-ib-resp  \" data-min-width=\"768\" data-max-width=\"900\" style=\"\" data-opacity=\"1\" data-hover-opacity=\"1\" ><img class=\"ult-new-ib-img\" style=\"opacity:1;\" alt=\"null\" src=\"https:\/\/www.campingepibleu.com\/wp-content\/uploads\/2020\/01\/tourisme-manosque.jpg\"   \/><div id=\"interactive-banner-wrap-8669\" class=\"ult-new-ib-desc\" style=\"\"><h2 class=\"ult-new-ib-title ult-responsive\"  data-ultimate-target='#interactive-banner-wrap-8669 .ult-new-ib-title'  data-responsive-json-new='{\"font-size\":\"\",\"line-height\":\"\"}'  style=\"font-weight:normal;\">Manosque<\/h2><\/div><a class=\"ult-new-ib-link\" href=\"https:\/\/www.campingepibleu.com\/fr\/region-aux-portes-du-luberon-en-provence\/camping-manosque\/\"  ><\/a><\/div><script type=\"text\/javascript\">\n\t\t\t(function($){\n\t\t\t\t$(document).ready(function(){\n\t\t\t\t\t$(\".ult-new-ib\").css(\"opacity\",\"1\");\n\t\t\t\t});\n\t\t\t})(jQuery);\n\t\t\t<\/script>[\/vc_column][vc_column width=\u00a0\u00bb1\/2&Prime;]<div class=\"ult-new-ib ult-ib-effect-style6  ult-ib-resp  \" data-min-width=\"768\" data-max-width=\"900\" style=\"\" data-opacity=\"1\" data-hover-opacity=\"1\" ><img class=\"ult-new-ib-img\" style=\"opacity:1;\" alt=\"null\" src=\"https:\/\/www.campingepibleu.com\/wp-content\/uploads\/2020\/01\/camping-sault.jpg\"   \/><div id=\"interactive-banner-wrap-8445\" class=\"ult-new-ib-desc\" style=\"\"><h2 class=\"ult-new-ib-title ult-responsive\"  data-ultimate-target='#interactive-banner-wrap-8445 .ult-new-ib-title'  data-responsive-json-new='{\"font-size\":\"\",\"line-height\":\"\"}'  style=\"font-weight:normal;\">Sault<\/h2><\/div><a class=\"ult-new-ib-link\" href=\"https:\/\/www.campingepibleu.com\/fr\/region-aux-portes-du-luberon-en-provence\/camping-sault\/\"  ><\/a><\/div><script type=\"text\/javascript\">\n\t\t\t(function($){\n\t\t\t\t$(document).ready(function(){\n\t\t\t\t\t$(\".ult-new-ib\").css(\"opacity\",\"1\");\n\t\t\t\t});\n\t\t\t})(jQuery);\n\t\t\t<\/script>[\/vc_column][\/vc_row]\n","protected":false},"excerpt":{"rendered":"","protected":false},"author":2,"featured_media":1215,"parent":8,"menu_order":0,"comment_status":"closed","ping_status":"closed","template":"","meta":[],"acf":[],"yoast_head":"<!-- This site is optimized with the Yoast SEO plugin v20.1 - https:\/\/yoast.com\/wordpress\/plugins\/seo\/ -->\n<title>Camping Montbrun les Bains - Location mobil home Montbrun les Bains<\/title>\n<meta name=\"description\" content=\"A la recherche d&#039;un camping \u00e0 Montbrun les Bains ? Le camping L&#039;Epi Bleu vous accueille dans le Lub\u00e9ron avec piscine chauff\u00e9e, mobil homes et emplacements !\" \/>\n<meta name=\"robots\" content=\"index, follow, max-snippet:-1, max-image-preview:large, max-video-preview:-1\" \/>\n<link rel=\"canonical\" href=\"https:\/\/www.campingepibleu.com\/fr\/region-aux-portes-du-luberon-en-provence\/camping-montbrun-les-bains\/\" \/>\n<meta property=\"og:locale\" content=\"fr_FR\" \/>\n<meta property=\"og:type\" content=\"article\" \/>\n<meta property=\"og:title\" content=\"Camping Montbrun les Bains - Location mobil home Montbrun les Bains\" \/>\n<meta property=\"og:description\" content=\"A la recherche d&#039;un camping \u00e0 Montbrun les Bains ? Le camping L&#039;Epi Bleu vous accueille dans le Lub\u00e9ron avec piscine chauff\u00e9e, mobil homes et emplacements !\" \/>\n<meta property=\"og:url\" content=\"https:\/\/www.campingepibleu.com\/fr\/region-aux-portes-du-luberon-en-provence\/camping-montbrun-les-bains\/\" \/>\n<meta property=\"og:site_name\" content=\"Camping Epi Bleu\" \/>\n<meta property=\"article:publisher\" content=\"https:\/\/www.facebook.com\/CAMPING-CARAVANING-lEPI-BLEU--265609693477491\/\" \/>\n<meta property=\"article:modified_time\" content=\"2023-06-23T12:39:22+00:00\" \/>\n<meta property=\"og:image\" content=\"https:\/\/www.campingepibleu.com\/wp-content\/uploads\/2020\/01\/camping-luberon-parc-aquatique-1.jpg\" \/>\n\t<meta property=\"og:image:width\" content=\"1905\" \/>\n\t<meta property=\"og:image:height\" content=\"470\" \/>\n\t<meta property=\"og:image:type\" content=\"image\/jpeg\" \/>\n<meta name=\"twitter:card\" content=\"summary_large_image\" \/>\n<meta name=\"twitter:label1\" content=\"Dur\u00e9e de lecture estim\u00e9e\" \/>\n\t<meta name=\"twitter:data1\" content=\"4 minutes\" \/>\n<script type=\"application\/ld+json\" class=\"yoast-schema-graph\">{\"@context\":\"https:\/\/schema.org\",\"@graph\":[{\"@type\":\"WebPage\",\"@id\":\"https:\/\/www.campingepibleu.com\/fr\/region-aux-portes-du-luberon-en-provence\/camping-montbrun-les-bains\/\",\"url\":\"https:\/\/www.campingepibleu.com\/fr\/region-aux-portes-du-luberon-en-provence\/camping-montbrun-les-bains\/\",\"name\":\"Camping Montbrun les Bains - Location mobil home Montbrun les Bains\",\"isPartOf\":{\"@id\":\"https:\/\/www.campingepibleu.com\/fr\/#website\"},\"datePublished\":\"2020-01-09T16:44:13+00:00\",\"dateModified\":\"2023-06-23T12:39:22+00:00\",\"description\":\"A la recherche d'un camping \u00e0 Montbrun les Bains ? Le camping L'Epi Bleu vous accueille dans le Lub\u00e9ron avec piscine chauff\u00e9e, mobil homes et emplacements !\",\"breadcrumb\":{\"@id\":\"https:\/\/www.campingepibleu.com\/fr\/region-aux-portes-du-luberon-en-provence\/camping-montbrun-les-bains\/#breadcrumb\"},\"inLanguage\":\"fr-FR\",\"potentialAction\":[{\"@type\":\"ReadAction\",\"target\":[\"https:\/\/www.campingepibleu.com\/fr\/region-aux-portes-du-luberon-en-provence\/camping-montbrun-les-bains\/\"]}]},{\"@type\":\"BreadcrumbList\",\"@id\":\"https:\/\/www.campingepibleu.com\/fr\/region-aux-portes-du-luberon-en-provence\/camping-montbrun-les-bains\/#breadcrumb\",\"itemListElement\":[{\"@type\":\"ListItem\",\"position\":1,\"name\":\"Camping Luberon\",\"item\":\"https:\/\/www.campingepibleu.com\/fr\/\"},{\"@type\":\"ListItem\",\"position\":2,\"name\":\"Le Luberon en Provence\",\"item\":\"https:\/\/www.campingepibleu.com\/fr\/region-aux-portes-du-luberon-en-provence\/\"},{\"@type\":\"ListItem\",\"position\":3,\"name\":\"Camping pr\u00e8s de Montbrun les Bains\"}]},{\"@type\":\"WebSite\",\"@id\":\"https:\/\/www.campingepibleu.com\/fr\/#website\",\"url\":\"https:\/\/www.campingepibleu.com\/fr\/\",\"name\":\"Camping Epi Bleu\",\"description\":\"Camping Epi Bleu\",\"publisher\":{\"@id\":\"https:\/\/www.campingepibleu.com\/fr\/#organization\"},\"potentialAction\":[{\"@type\":\"SearchAction\",\"target\":{\"@type\":\"EntryPoint\",\"urlTemplate\":\"https:\/\/www.campingepibleu.com\/fr\/?s={search_term_string}\"},\"query-input\":\"required name=search_term_string\"}],\"inLanguage\":\"fr-FR\"},{\"@type\":\"Organization\",\"@id\":\"https:\/\/www.campingepibleu.com\/fr\/#organization\",\"name\":\"Camping Epi Bleu\",\"url\":\"https:\/\/www.campingepibleu.com\/fr\/\",\"logo\":{\"@type\":\"ImageObject\",\"inLanguage\":\"fr-FR\",\"@id\":\"https:\/\/www.campingepibleu.com\/fr\/#\/schema\/logo\/image\/\",\"url\":\"https:\/\/www.campingepibleu.com\/wp-content\/uploads\/2022\/08\/logo.png\",\"contentUrl\":\"https:\/\/www.campingepibleu.com\/wp-content\/uploads\/2022\/08\/logo.png\",\"width\":262,\"height\":162,\"caption\":\"Camping Epi Bleu\"},\"image\":{\"@id\":\"https:\/\/www.campingepibleu.com\/fr\/#\/schema\/logo\/image\/\"},\"sameAs\":[\"https:\/\/www.facebook.com\/CAMPING-CARAVANING-lEPI-BLEU--265609693477491\/\",\"https:\/\/www.youtube.com\/watch?v=pfc5cAK9aKI\"]}]}<\/script>\n<!-- \/ Yoast SEO plugin. -->","yoast_head_json":{"title":"Camping Montbrun les Bains - Location mobil home Montbrun les Bains","description":"A la recherche d'un camping \u00e0 Montbrun les Bains ? Le camping L'Epi Bleu vous accueille dans le Lub\u00e9ron avec piscine chauff\u00e9e, mobil homes et emplacements !","robots":{"index":"index","follow":"follow","max-snippet":"max-snippet:-1","max-image-preview":"max-image-preview:large","max-video-preview":"max-video-preview:-1"},"canonical":"https:\/\/www.campingepibleu.com\/fr\/region-aux-portes-du-luberon-en-provence\/camping-montbrun-les-bains\/","og_locale":"fr_FR","og_type":"article","og_title":"Camping Montbrun les Bains - Location mobil home Montbrun les Bains","og_description":"A la recherche d'un camping \u00e0 Montbrun les Bains ? Le camping L'Epi Bleu vous accueille dans le Lub\u00e9ron avec piscine chauff\u00e9e, mobil homes et emplacements !","og_url":"https:\/\/www.campingepibleu.com\/fr\/region-aux-portes-du-luberon-en-provence\/camping-montbrun-les-bains\/","og_site_name":"Camping Epi Bleu","article_publisher":"https:\/\/www.facebook.com\/CAMPING-CARAVANING-lEPI-BLEU--265609693477491\/","article_modified_time":"2023-06-23T12:39:22+00:00","og_image":[{"width":1905,"height":470,"url":"https:\/\/www.campingepibleu.com\/wp-content\/uploads\/2020\/01\/camping-luberon-parc-aquatique-1.jpg","type":"image\/jpeg"}],"twitter_card":"summary_large_image","twitter_misc":{"Dur\u00e9e de lecture estim\u00e9e":"4 minutes"},"schema":{"@context":"https:\/\/schema.org","@graph":[{"@type":"WebPage","@id":"https:\/\/www.campingepibleu.com\/fr\/region-aux-portes-du-luberon-en-provence\/camping-montbrun-les-bains\/","url":"https:\/\/www.campingepibleu.com\/fr\/region-aux-portes-du-luberon-en-provence\/camping-montbrun-les-bains\/","name":"Camping Montbrun les Bains - Location mobil home Montbrun les Bains","isPartOf":{"@id":"https:\/\/www.campingepibleu.com\/fr\/#website"},"datePublished":"2020-01-09T16:44:13+00:00","dateModified":"2023-06-23T12:39:22+00:00","description":"A la recherche d'un camping \u00e0 Montbrun les Bains ? Le camping L'Epi Bleu vous accueille dans le Lub\u00e9ron avec piscine chauff\u00e9e, mobil homes et emplacements !","breadcrumb":{"@id":"https:\/\/www.campingepibleu.com\/fr\/region-aux-portes-du-luberon-en-provence\/camping-montbrun-les-bains\/#breadcrumb"},"inLanguage":"fr-FR","potentialAction":[{"@type":"ReadAction","target":["https:\/\/www.campingepibleu.com\/fr\/region-aux-portes-du-luberon-en-provence\/camping-montbrun-les-bains\/"]}]},{"@type":"BreadcrumbList","@id":"https:\/\/www.campingepibleu.com\/fr\/region-aux-portes-du-luberon-en-provence\/camping-montbrun-les-bains\/#breadcrumb","itemListElement":[{"@type":"ListItem","position":1,"name":"Camping Luberon","item":"https:\/\/www.campingepibleu.com\/fr\/"},{"@type":"ListItem","position":2,"name":"Le Luberon en Provence","item":"https:\/\/www.campingepibleu.com\/fr\/region-aux-portes-du-luberon-en-provence\/"},{"@type":"ListItem","position":3,"name":"Camping pr\u00e8s de Montbrun les Bains"}]},{"@type":"WebSite","@id":"https:\/\/www.campingepibleu.com\/fr\/#website","url":"https:\/\/www.campingepibleu.com\/fr\/","name":"Camping Epi Bleu","description":"Camping Epi Bleu","publisher":{"@id":"https:\/\/www.campingepibleu.com\/fr\/#organization"},"potentialAction":[{"@type":"SearchAction","target":{"@type":"EntryPoint","urlTemplate":"https:\/\/www.campingepibleu.com\/fr\/?s={search_term_string}"},"query-input":"required name=search_term_string"}],"inLanguage":"fr-FR"},{"@type":"Organization","@id":"https:\/\/www.campingepibleu.com\/fr\/#organization","name":"Camping Epi Bleu","url":"https:\/\/www.campingepibleu.com\/fr\/","logo":{"@type":"ImageObject","inLanguage":"fr-FR","@id":"https:\/\/www.campingepibleu.com\/fr\/#\/schema\/logo\/image\/","url":"https:\/\/www.campingepibleu.com\/wp-content\/uploads\/2022\/08\/logo.png","contentUrl":"https:\/\/www.campingepibleu.com\/wp-content\/uploads\/2022\/08\/logo.png","width":262,"height":162,"caption":"Camping Epi Bleu"},"image":{"@id":"https:\/\/www.campingepibleu.com\/fr\/#\/schema\/logo\/image\/"},"sameAs":["https:\/\/www.facebook.com\/CAMPING-CARAVANING-lEPI-BLEU--265609693477491\/","https:\/\/www.youtube.com\/watch?v=pfc5cAK9aKI"]}]}},"_links":{"self":[{"href":"https:\/\/www.campingepibleu.com\/fr\/wp-json\/wp\/v2\/pages\/1248"}],"collection":[{"href":"https:\/\/www.campingepibleu.com\/fr\/wp-json\/wp\/v2\/pages"}],"about":[{"href":"https:\/\/www.campingepibleu.com\/fr\/wp-json\/wp\/v2\/types\/page"}],"author":[{"embeddable":true,"href":"https:\/\/www.campingepibleu.com\/fr\/wp-json\/wp\/v2\/users\/2"}],"replies":[{"embeddable":true,"href":"https:\/\/www.campingepibleu.com\/fr\/wp-json\/wp\/v2\/comments?post=1248"}],"version-history":[{"count":6,"href":"https:\/\/www.campingepibleu.com\/fr\/wp-json\/wp\/v2\/pages\/1248\/revisions"}],"predecessor-version":[{"id":2379,"href":"https:\/\/www.campingepibleu.com\/fr\/wp-json\/wp\/v2\/pages\/1248\/revisions\/2379"}],"up":[{"embeddable":true,"href":"https:\/\/www.campingepibleu.com\/fr\/wp-json\/wp\/v2\/pages\/8"}],"wp:featuredmedia":[{"embeddable":true,"href":"https:\/\/www.campingepibleu.com\/fr\/wp-json\/wp\/v2\/media\/1215"}],"wp:attachment":[{"href":"https:\/\/www.campingepibleu.com\/fr\/wp-json\/wp\/v2\/media?parent=1248"}],"curies":[{"name":"wp","href":"https:\/\/api.w.org\/{rel}","templated":true}]}}