{"id":1261,"date":"2020-01-09T17:12:11","date_gmt":"2020-01-09T17:12:11","guid":{"rendered":"https:\/\/www.campingepibleu.com\/?page_id=1261"},"modified":"2025-01-27T12:58:49","modified_gmt":"2025-01-27T12:58:49","slug":"camping-saint-christol","status":"publish","type":"page","link":"https:\/\/www.campingepibleu.com\/fr\/region-aux-portes-du-luberon-en-provence\/camping-saint-christol\/","title":{"rendered":"Camping Saint Christol"},"content":{"rendered":"[vc_row][vc_column][vc_column_text]Le <a href=\"\/fr\/\">camping au c\u0153ur du Luberon<\/a> l\u2019Epi Bleu est une destination id\u00e9ale pour tous ceux qui d\u00e9sirent s\u00e9journer en camping \u00e0 Saint Christol ! Situ\u00e9 \u00e0 18km seulement, vous pourrez visiter ce charmant village proven\u00e7al quand bon vous semble pendant vos vacances en famille ou entre amis dans notre \u00e9tablissement 4 \u00e9toiles ![\/vc_column_text][\/vc_column][\/vc_row][vc_row equal_height=\u00a0\u00bbyes\u00a0\u00bb][vc_column width=\u00a0\u00bb1\/2&Prime; el_class=\u00a0\u00bbvalign\u00a0\u00bb][vc_column_text]\n<h2>Location mobil-home Saint Christol<\/h2>\n<p>Pour des vacances ressour\u00e7antes en Provence, entre Ventoux et Lub\u00e9ron, vous pouvez louer des emplacements de camping ou un mobil-home pr\u00e8s de Saint-Christol et du plateau d\u2019Albion, au camping 4 \u00e9toiles l\u2019\u00c9pi Bleu. Dans notre camping vous attendent des locatifs vari\u00e9s, adapt\u00e9s \u00e0 tous les go\u00fbts et tous les budgets. Des tentes meubl\u00e9es, des bungalows, mais aussi des mobil-homes enti\u00e8rement \u00e9quip\u00e9s pour toute la famille, dot\u00e9s de cuisines am\u00e9nag\u00e9es, de salles d\u2019eau et de WC, de salons cosy et de 2 \u00e0 3 chambres. Avec une superficie de 21 \u00e0 32 m2, les mobil-homes \u00e0 proximit\u00e9 de Saint-Christol du camping l\u2019\u00c9pi Bleu peuvent accueillir des duos de vacanciers comme des familles nombreuses ou des groupes d\u2019amis. Tous les mod\u00e8les, de la gamme \u00c9co \u00e0 la gamme Premium, sont pourvus de terrasses privatives avec mobilier de plein air. La gamme Confort comprend des h\u00e9bergements de moins de 10 ans. Avec les gammes Confort + et Premium, vous s\u00e9journerez dans des mobil-homes de derni\u00e8re g\u00e9n\u00e9ration, de moins de 5 ans, et profiterez de prestations de confort haut de gamme comme la mise \u00e0 disposition des draps et l\u2019option TV. Pour un s\u00e9jour en mobile-home \u00e0 Saint-Christol de luxe, optez pour les locatifs Premium avec climatisation, lave-vaisselle en cuisine et lits faits \u00e0 votre arriv\u00e9e ! Vous pouvez \u00e9galement louer un emplacement de camping caravaning pour tente et caravane au sein de notre <a href=\"https:\/\/www.campingepibleu.com\/fr\/region-aux-portes-du-luberon-en-provence\/camping-saint-maime\/\">camping pr\u00e8s de Saint Maime<\/a> familial si vous \u00eates habitu\u00e9s \u00e0 camper en pleine nature. Sur place, un espace aquatique avec piscine chauff\u00e9e et aire de jeux pour enfants vous attend et \u00e9gayeront votre s\u00e9jour entre Saint Christol et Roussillon ![\/vc_column_text][\/vc_column][vc_column width=\u00a0\u00bb1\/2&Prime; el_class=\u00a0\u00bbvalign\u00a0\u00bb][vc_column_text]<img decoding=\"async\" src=\"https:\/\/www.campingepibleu.com\/wp-content\/uploads\/2020\/01\/location-mobil-home-luberon.jpg\" alt=\"location mobil home saint christol\" \/>[\/vc_column_text][\/vc_column][\/vc_row][vc_row equal_height=\u00a0\u00bbyes\u00a0\u00bb][vc_column width=\u00a0\u00bb1\/2&Prime; el_class=\u00a0\u00bbvalign\u00a0\u00bb][vc_column_text]<img decoding=\"async\" src=\"https:\/\/www.campingepibleu.com\/wp-content\/uploads\/2020\/01\/camping-saint-christol.jpg\" alt=\"camping saint christol\" \/>[\/vc_column_text][\/vc_column][vc_column width=\u00a0\u00bb1\/2&Prime; el_class=\u00a0\u00bbvalign\u00a0\u00bb][vc_column_text]\n<h2>Tourisme \u00e0 Saint Christol<\/h2>\n<p>Sur le plateau d\u2019Albion, ne manquez pas de d\u00e9couvrir Saint-Christol, charmante \u00e9tape sur la route de la lavande et symbole du <a href=\"\/fr\/region-aux-portes-du-luberon-en-provence\/\">tourisme en Luberon<\/a>. Ses richesses g\u00e9ologiques et le nombre de cavit\u00e9s pr\u00e9sentes sur son territoire en font une destination favorite pour les passionn\u00e9s de sp\u00e9l\u00e9ologie. Chaque aven de Saint-Christol charrie son lot de l\u00e9gendes et d\u2019anecdotes v\u00e9ridiques. Les plus c\u00e9l\u00e8bres de ces ab\u00eemes naturels sont les avens Autran et de la Cervi, respectivement \u00e0 25 minutes et 20 minutes du camping 4 \u00e9toiles. Des s\u00e9ances d\u2019initiation \u00e0 la sp\u00e9l\u00e9ologie y sont organis\u00e9es. Si vous s\u00e9journez au camping pr\u00e8s de <a href=\"https:\/\/www.provenceweb.fr\/f\/vaucluse\/stchristol\/stchristol.htm\">Saint-Christol<\/a>, ne manquez pas de monter jusqu\u2019\u00e0 la chapelle Notre-Dame-de-l\u2019Amaron, perch\u00e9e \u00e0 plus de 1000 m\u00e8tres d\u2019altitude : un spectacle saisissant s\u2019offre \u00e0 vous, gr\u00e2ce \u00e0 une vue panoramique sur la montagne de Lure, le mont Ventoux et le plateau d\u2019Albion. Le site accueille des soir\u00e9es d\u00e9di\u00e9es \u00e0 l\u2019observation astronomique. Au c\u0153ur du village, est aussi \u00e0 d\u00e9couvrir l\u2019\u00e9glise paroissiale romane Notre-Dame-et-Saint-Christophe, dont l\u2019int\u00e9rieur rec\u00e8le une d\u00e9coration remarquable et exceptionnellement bien conserv\u00e9e. Le territoire de Saint-Christol abrite \u00e9galement un mus\u00e9e d\u2019art moderne consacr\u00e9 aux \u0153uvres du peintre Marceau Constantin. Les amateurs de loisirs de plein air trouveront quant \u00e0 eux de nombreux circuits de randonn\u00e9e au d\u00e9part de Saint-Christol, ainsi qu\u2019un parcours de sant\u00e9 et qu\u2019un sentier botanique. A proximit\u00e9 du <a href=\"https:\/\/www.campingepibleu.com\/fr\/region-aux-portes-du-luberon-en-provence\/camping-pertuis\/\">camping pr\u00e8s du Pertuis<\/a>, vous pourrez \u00e9galement vous rendre dans les gorges du Verdon ou faire une escapade en bord de mer M\u00e9diterran\u00e9e.[\/vc_column_text][\/vc_column][\/vc_row][vc_row equal_height=\u00a0\u00bbyes\u00a0\u00bb][vc_column el_class=\u00a0\u00bbvalign\u00a0\u00bb][vc_column_text]\n<h2>D\u00e9couvrez aux alentours de Saint Christol<\/h2>\n[\/vc_column_text][\/vc_column][\/vc_row][vc_row][vc_column width=\u00a0\u00bb1\/2&Prime;]<div class=\"ult-new-ib ult-ib-effect-style6  ult-ib-resp  \" data-min-width=\"768\" data-max-width=\"900\" style=\"\" data-opacity=\"1\" data-hover-opacity=\"1\" ><img class=\"ult-new-ib-img\" style=\"opacity:1;\" alt=\"null\" src=\"https:\/\/www.campingepibleu.com\/wp-content\/uploads\/2020\/01\/camping-mont-ventoux.jpg\"   \/><div id=\"interactive-banner-wrap-6381\" class=\"ult-new-ib-desc\" style=\"\"><h2 class=\"ult-new-ib-title ult-responsive\"  data-ultimate-target='#interactive-banner-wrap-6381 .ult-new-ib-title'  data-responsive-json-new='{\"font-size\":\"\",\"line-height\":\"\"}'  style=\"font-weight:normal;\">Mont Ventoux<\/h2><\/div><a class=\"ult-new-ib-link\" href=\"https:\/\/www.campingepibleu.com\/fr\/region-aux-portes-du-luberon-en-provence\/camping-mont-ventoux\/\"  ><\/a><\/div><script type=\"text\/javascript\">\n\t\t\t(function($){\n\t\t\t\t$(document).ready(function(){\n\t\t\t\t\t$(\".ult-new-ib\").css(\"opacity\",\"1\");\n\t\t\t\t});\n\t\t\t})(jQuery);\n\t\t\t<\/script>[\/vc_column][vc_column width=\u00a0\u00bb1\/2&Prime;]<div class=\"ult-new-ib ult-ib-effect-style6  ult-ib-resp  \" data-min-width=\"768\" data-max-width=\"900\" style=\"\" data-opacity=\"1\" data-hover-opacity=\"1\" ><img class=\"ult-new-ib-img\" style=\"opacity:1;\" alt=\"null\" src=\"https:\/\/www.campingepibleu.com\/wp-content\/uploads\/2020\/01\/camping-apt.jpg\"   \/><div id=\"interactive-banner-wrap-9783\" class=\"ult-new-ib-desc\" style=\"\"><h2 class=\"ult-new-ib-title ult-responsive\"  data-ultimate-target='#interactive-banner-wrap-9783 .ult-new-ib-title'  data-responsive-json-new='{\"font-size\":\"\",\"line-height\":\"\"}'  style=\"font-weight:normal;\">Apt<\/h2><\/div><a class=\"ult-new-ib-link\" href=\"https:\/\/www.campingepibleu.com\/fr\/region-aux-portes-du-luberon-en-provence\/camping-apt\/\"  ><\/a><\/div><script type=\"text\/javascript\">\n\t\t\t(function($){\n\t\t\t\t$(document).ready(function(){\n\t\t\t\t\t$(\".ult-new-ib\").css(\"opacity\",\"1\");\n\t\t\t\t});\n\t\t\t})(jQuery);\n\t\t\t<\/script>[\/vc_column][\/vc_row]\n","protected":false},"excerpt":{"rendered":"","protected":false},"author":2,"featured_media":0,"parent":8,"menu_order":0,"comment_status":"closed","ping_status":"closed","template":"","meta":[],"acf":[],"yoast_head":"<!-- This site is optimized with the Yoast SEO plugin v20.1 - https:\/\/yoast.com\/wordpress\/plugins\/seo\/ -->\n<title>Camping Saint Christol | Location mobil home St Christol<\/title>\n<meta name=\"description\" content=\"A la recherche d&#039;un camping \u00e0 Saint Christol ? Le camping L&#039;Epi Bleu vous accueille dans le Lub\u00e9ron avec piscine chauff\u00e9e, mobil homes et emplacements !\" \/>\n<meta name=\"robots\" content=\"index, follow, max-snippet:-1, max-image-preview:large, max-video-preview:-1\" \/>\n<link rel=\"canonical\" href=\"https:\/\/www.campingepibleu.com\/fr\/region-aux-portes-du-luberon-en-provence\/camping-saint-christol\/\" \/>\n<meta property=\"og:locale\" content=\"fr_FR\" \/>\n<meta property=\"og:type\" content=\"article\" \/>\n<meta property=\"og:title\" content=\"Camping Saint Christol | Location mobil home St Christol\" \/>\n<meta property=\"og:description\" content=\"A la recherche d&#039;un camping \u00e0 Saint Christol ? Le camping L&#039;Epi Bleu vous accueille dans le Lub\u00e9ron avec piscine chauff\u00e9e, mobil homes et emplacements !\" \/>\n<meta property=\"og:url\" content=\"https:\/\/www.campingepibleu.com\/fr\/region-aux-portes-du-luberon-en-provence\/camping-saint-christol\/\" \/>\n<meta property=\"og:site_name\" content=\"Camping Epi Bleu\" \/>\n<meta property=\"article:publisher\" content=\"https:\/\/www.facebook.com\/CAMPING-CARAVANING-lEPI-BLEU--265609693477491\/\" \/>\n<meta property=\"article:modified_time\" content=\"2025-01-27T12:58:49+00:00\" \/>\n<meta property=\"og:image\" content=\"https:\/\/www.campingepibleu.com\/wp-content\/uploads\/2020\/01\/location-mobil-home-luberon.jpg\" \/>\n<meta name=\"twitter:card\" content=\"summary_large_image\" \/>\n<meta name=\"twitter:label1\" content=\"Dur\u00e9e de lecture estim\u00e9e\" \/>\n\t<meta name=\"twitter:data1\" content=\"4 minutes\" \/>\n<script type=\"application\/ld+json\" class=\"yoast-schema-graph\">{\"@context\":\"https:\/\/schema.org\",\"@graph\":[{\"@type\":\"WebPage\",\"@id\":\"https:\/\/www.campingepibleu.com\/fr\/region-aux-portes-du-luberon-en-provence\/camping-saint-christol\/\",\"url\":\"https:\/\/www.campingepibleu.com\/fr\/region-aux-portes-du-luberon-en-provence\/camping-saint-christol\/\",\"name\":\"Camping Saint Christol | Location mobil home St Christol\",\"isPartOf\":{\"@id\":\"https:\/\/www.campingepibleu.com\/fr\/#website\"},\"datePublished\":\"2020-01-09T17:12:11+00:00\",\"dateModified\":\"2025-01-27T12:58:49+00:00\",\"description\":\"A la recherche d'un camping \u00e0 Saint Christol ? Le camping L'Epi Bleu vous accueille dans le Lub\u00e9ron avec piscine chauff\u00e9e, mobil homes et emplacements !\",\"breadcrumb\":{\"@id\":\"https:\/\/www.campingepibleu.com\/fr\/region-aux-portes-du-luberon-en-provence\/camping-saint-christol\/#breadcrumb\"},\"inLanguage\":\"fr-FR\",\"potentialAction\":[{\"@type\":\"ReadAction\",\"target\":[\"https:\/\/www.campingepibleu.com\/fr\/region-aux-portes-du-luberon-en-provence\/camping-saint-christol\/\"]}]},{\"@type\":\"BreadcrumbList\",\"@id\":\"https:\/\/www.campingepibleu.com\/fr\/region-aux-portes-du-luberon-en-provence\/camping-saint-christol\/#breadcrumb\",\"itemListElement\":[{\"@type\":\"ListItem\",\"position\":1,\"name\":\"Camping Luberon\",\"item\":\"https:\/\/www.campingepibleu.com\/fr\/\"},{\"@type\":\"ListItem\",\"position\":2,\"name\":\"Le Luberon en Provence\",\"item\":\"https:\/\/www.campingepibleu.com\/fr\/region-aux-portes-du-luberon-en-provence\/\"},{\"@type\":\"ListItem\",\"position\":3,\"name\":\"Camping pr\u00e8s de Saint Christol\"}]},{\"@type\":\"WebSite\",\"@id\":\"https:\/\/www.campingepibleu.com\/fr\/#website\",\"url\":\"https:\/\/www.campingepibleu.com\/fr\/\",\"name\":\"Camping Epi Bleu\",\"description\":\"Camping Epi Bleu\",\"publisher\":{\"@id\":\"https:\/\/www.campingepibleu.com\/fr\/#organization\"},\"potentialAction\":[{\"@type\":\"SearchAction\",\"target\":{\"@type\":\"EntryPoint\",\"urlTemplate\":\"https:\/\/www.campingepibleu.com\/fr\/?s={search_term_string}\"},\"query-input\":\"required name=search_term_string\"}],\"inLanguage\":\"fr-FR\"},{\"@type\":\"Organization\",\"@id\":\"https:\/\/www.campingepibleu.com\/fr\/#organization\",\"name\":\"Camping Epi Bleu\",\"url\":\"https:\/\/www.campingepibleu.com\/fr\/\",\"logo\":{\"@type\":\"ImageObject\",\"inLanguage\":\"fr-FR\",\"@id\":\"https:\/\/www.campingepibleu.com\/fr\/#\/schema\/logo\/image\/\",\"url\":\"https:\/\/www.campingepibleu.com\/wp-content\/uploads\/2022\/08\/logo.png\",\"contentUrl\":\"https:\/\/www.campingepibleu.com\/wp-content\/uploads\/2022\/08\/logo.png\",\"width\":262,\"height\":162,\"caption\":\"Camping Epi Bleu\"},\"image\":{\"@id\":\"https:\/\/www.campingepibleu.com\/fr\/#\/schema\/logo\/image\/\"},\"sameAs\":[\"https:\/\/www.facebook.com\/CAMPING-CARAVANING-lEPI-BLEU--265609693477491\/\",\"https:\/\/www.youtube.com\/watch?v=pfc5cAK9aKI\"]}]}<\/script>\n<!-- \/ Yoast SEO plugin. -->","yoast_head_json":{"title":"Camping Saint Christol | Location mobil home St Christol","description":"A la recherche d'un camping \u00e0 Saint Christol ? Le camping L'Epi Bleu vous accueille dans le Lub\u00e9ron avec piscine chauff\u00e9e, mobil homes et emplacements !","robots":{"index":"index","follow":"follow","max-snippet":"max-snippet:-1","max-image-preview":"max-image-preview:large","max-video-preview":"max-video-preview:-1"},"canonical":"https:\/\/www.campingepibleu.com\/fr\/region-aux-portes-du-luberon-en-provence\/camping-saint-christol\/","og_locale":"fr_FR","og_type":"article","og_title":"Camping Saint Christol | Location mobil home St Christol","og_description":"A la recherche d'un camping \u00e0 Saint Christol ? Le camping L'Epi Bleu vous accueille dans le Lub\u00e9ron avec piscine chauff\u00e9e, mobil homes et emplacements !","og_url":"https:\/\/www.campingepibleu.com\/fr\/region-aux-portes-du-luberon-en-provence\/camping-saint-christol\/","og_site_name":"Camping Epi Bleu","article_publisher":"https:\/\/www.facebook.com\/CAMPING-CARAVANING-lEPI-BLEU--265609693477491\/","article_modified_time":"2025-01-27T12:58:49+00:00","og_image":[{"url":"https:\/\/www.campingepibleu.com\/wp-content\/uploads\/2020\/01\/location-mobil-home-luberon.jpg"}],"twitter_card":"summary_large_image","twitter_misc":{"Dur\u00e9e de lecture estim\u00e9e":"4 minutes"},"schema":{"@context":"https:\/\/schema.org","@graph":[{"@type":"WebPage","@id":"https:\/\/www.campingepibleu.com\/fr\/region-aux-portes-du-luberon-en-provence\/camping-saint-christol\/","url":"https:\/\/www.campingepibleu.com\/fr\/region-aux-portes-du-luberon-en-provence\/camping-saint-christol\/","name":"Camping Saint Christol | Location mobil home St Christol","isPartOf":{"@id":"https:\/\/www.campingepibleu.com\/fr\/#website"},"datePublished":"2020-01-09T17:12:11+00:00","dateModified":"2025-01-27T12:58:49+00:00","description":"A la recherche d'un camping \u00e0 Saint Christol ? Le camping L'Epi Bleu vous accueille dans le Lub\u00e9ron avec piscine chauff\u00e9e, mobil homes et emplacements !","breadcrumb":{"@id":"https:\/\/www.campingepibleu.com\/fr\/region-aux-portes-du-luberon-en-provence\/camping-saint-christol\/#breadcrumb"},"inLanguage":"fr-FR","potentialAction":[{"@type":"ReadAction","target":["https:\/\/www.campingepibleu.com\/fr\/region-aux-portes-du-luberon-en-provence\/camping-saint-christol\/"]}]},{"@type":"BreadcrumbList","@id":"https:\/\/www.campingepibleu.com\/fr\/region-aux-portes-du-luberon-en-provence\/camping-saint-christol\/#breadcrumb","itemListElement":[{"@type":"ListItem","position":1,"name":"Camping Luberon","item":"https:\/\/www.campingepibleu.com\/fr\/"},{"@type":"ListItem","position":2,"name":"Le Luberon en Provence","item":"https:\/\/www.campingepibleu.com\/fr\/region-aux-portes-du-luberon-en-provence\/"},{"@type":"ListItem","position":3,"name":"Camping pr\u00e8s de Saint Christol"}]},{"@type":"WebSite","@id":"https:\/\/www.campingepibleu.com\/fr\/#website","url":"https:\/\/www.campingepibleu.com\/fr\/","name":"Camping Epi Bleu","description":"Camping Epi Bleu","publisher":{"@id":"https:\/\/www.campingepibleu.com\/fr\/#organization"},"potentialAction":[{"@type":"SearchAction","target":{"@type":"EntryPoint","urlTemplate":"https:\/\/www.campingepibleu.com\/fr\/?s={search_term_string}"},"query-input":"required name=search_term_string"}],"inLanguage":"fr-FR"},{"@type":"Organization","@id":"https:\/\/www.campingepibleu.com\/fr\/#organization","name":"Camping Epi Bleu","url":"https:\/\/www.campingepibleu.com\/fr\/","logo":{"@type":"ImageObject","inLanguage":"fr-FR","@id":"https:\/\/www.campingepibleu.com\/fr\/#\/schema\/logo\/image\/","url":"https:\/\/www.campingepibleu.com\/wp-content\/uploads\/2022\/08\/logo.png","contentUrl":"https:\/\/www.campingepibleu.com\/wp-content\/uploads\/2022\/08\/logo.png","width":262,"height":162,"caption":"Camping Epi Bleu"},"image":{"@id":"https:\/\/www.campingepibleu.com\/fr\/#\/schema\/logo\/image\/"},"sameAs":["https:\/\/www.facebook.com\/CAMPING-CARAVANING-lEPI-BLEU--265609693477491\/","https:\/\/www.youtube.com\/watch?v=pfc5cAK9aKI"]}]}},"_links":{"self":[{"href":"https:\/\/www.campingepibleu.com\/fr\/wp-json\/wp\/v2\/pages\/1261"}],"collection":[{"href":"https:\/\/www.campingepibleu.com\/fr\/wp-json\/wp\/v2\/pages"}],"about":[{"href":"https:\/\/www.campingepibleu.com\/fr\/wp-json\/wp\/v2\/types\/page"}],"author":[{"embeddable":true,"href":"https:\/\/www.campingepibleu.com\/fr\/wp-json\/wp\/v2\/users\/2"}],"replies":[{"embeddable":true,"href":"https:\/\/www.campingepibleu.com\/fr\/wp-json\/wp\/v2\/comments?post=1261"}],"version-history":[{"count":9,"href":"https:\/\/www.campingepibleu.com\/fr\/wp-json\/wp\/v2\/pages\/1261\/revisions"}],"predecessor-version":[{"id":3218,"href":"https:\/\/www.campingepibleu.com\/fr\/wp-json\/wp\/v2\/pages\/1261\/revisions\/3218"}],"up":[{"embeddable":true,"href":"https:\/\/www.campingepibleu.com\/fr\/wp-json\/wp\/v2\/pages\/8"}],"wp:attachment":[{"href":"https:\/\/www.campingepibleu.com\/fr\/wp-json\/wp\/v2\/media?parent=1261"}],"curies":[{"name":"wp","href":"https:\/\/api.w.org\/{rel}","templated":true}]}}