{"id":1263,"date":"2020-01-09T17:21:22","date_gmt":"2020-01-09T17:21:22","guid":{"rendered":"https:\/\/www.campingepibleu.com\/?page_id=1263"},"modified":"2023-06-23T12:36:51","modified_gmt":"2023-06-23T12:36:51","slug":"camping-apt","status":"publish","type":"page","link":"https:\/\/www.campingepibleu.com\/fr\/region-aux-portes-du-luberon-en-provence\/camping-apt\/","title":{"rendered":"Camping Apt"},"content":{"rendered":"[vc_row][vc_column][vc_column_text]Envie de passer des vacances <strong>camping \u00e0 Apt<\/strong> ou dans les environs? Le <a href=\"\/fr\/\">camping Lub\u00e9ron<\/a> l&rsquo;Epi Bleu vous accueille \u00e0 30 minutes d&rsquo;Apt sur un domaine bois\u00e9 de 2 hectares.[\/vc_column_text][\/vc_column][\/vc_row][vc_row equal_height=\u00a0\u00bbyes\u00a0\u00bb][vc_column width=\u00a0\u00bb1\/2&Prime; el_class=\u00a0\u00bbvalign\u00a0\u00bb][vc_column_text]\n<h2>Location mobil-home Apt<\/h2>\n<p>Vous envisagez de passer vos prochaines vacances en camping dans le Lub\u00e9ron en Provence ? Vous pouvez louer un mobil-home pr\u00e8s d\u2019Apt \u00e0 l\u2019\u00c9pi Bleu, un camping 4 \u00e9toiles qui propose un large choix d\u2019h\u00e9bergements de vacances en location ainsi que des emplacements de camping. Id\u00e9alement situ\u00e9 aux portes du Lub\u00e9ron, dans un cadre verdoyant entre massifs et champs de lavande, le camping avec piscine de l\u2019\u00c9pi Bleu vous invite \u00e0 s\u00e9journer dans des mobil-homes tout confort, des chalets, une maison de vacances pour 5 ou encore des logements nature et insolite : bungalows, tentes meubl\u00e9es, cabanes sur pilotis et lodges de toile et bois. Pour des vacances \u00e0 deux en Provence ou pour un s\u00e9jour en camping en famille, vous trouverez parmi nos mobil-homes \u00e0 c\u00f4t\u00e9 d\u2019Apt des mod\u00e8les \u00e0 2 ou 3 chambres, de 21 m2 \u00e0 plus de 32 m2, des chalets jusqu\u2019\u00e0 35 m2, ou encore un pavillon de 50 m2. Tous nos locatifs sont dot\u00e9s de belles terrasses pour profiter du soleil de Provence, des senteurs de lavande et du chant envo\u00fbtant des cigales. Chaque mobile-home et chalet dispose de sa salle d\u2019eau et de toilettes, ainsi que d&rsquo;une cuisine parfaitement \u00e9quip\u00e9e. Dans les mobil-homes pr\u00e8s d\u2019Apt de la gamme Premium, vous profitez m\u00eame d\u2019un lave-vaisselle. Ajoutez \u00e0 cela la climatisation, les services h\u00f4teliers et la t\u00e9l\u00e9vision, et vous \u00eates pr\u00eats \u00e0 vivre un s\u00e9jour 100 % d\u00e9tente \u00e0 c\u00f4t\u00e9 d\u2019Apt ! Pour des vacances en famille en camping car, en caravane ou en tente, choisissez votre emplacement de camping ! Pour toute location, vous aurez acc\u00e8s aux infrastructures de notre camping familial avec aire de jeux et espace aquatique ![\/vc_column_text][\/vc_column][vc_column width=\u00a0\u00bb1\/2&Prime; el_class=\u00a0\u00bbvalign\u00a0\u00bb][vc_column_text]<img decoding=\"async\" src=\"https:\/\/www.campingepibleu.com\/wp-content\/uploads\/2020\/01\/location-mobil-home-luberon.jpg\" alt=\"location mobil home apt\" \/>[\/vc_column_text][\/vc_column][\/vc_row][vc_row equal_height=\u00a0\u00bbyes\u00a0\u00bb][vc_column width=\u00a0\u00bb1\/2&Prime; el_class=\u00a0\u00bbvalign\u00a0\u00bb][vc_column_text]<img decoding=\"async\" src=\"https:\/\/www.campingepibleu.com\/wp-content\/uploads\/2020\/01\/camping-apt.jpg\" alt=\"camping apt\" \/>[\/vc_column_text][\/vc_column][vc_column width=\u00a0\u00bb1\/2&Prime; el_class=\u00a0\u00bbvalign\u00a0\u00bb][vc_column_text]\n<h2>Tourisme \u00e0 Apt<\/h2>\n<p>Ancienne cit\u00e9 romaine au c\u0153ur du <a href=\"\/fr\/region-aux-portes-du-luberon-en-provence\/\">Lub\u00e9ron<\/a>, <a href=\"https:\/\/www.luberon-apt.fr\/\" target=\"_blank\" rel=\"noopener noreferrer\">Apt<\/a> conserve de son pass\u00e9 antique de nombreux vestiges, \u00e0 commencer par son embl\u00e9matique pont Julien sur la rivi\u00e8re Coulon. Au Moyen \u00c2ge, la cit\u00e9 s\u2019est fortifi\u00e9e et poss\u00e8de encore aujourd\u2019hui des portes, des remparts et la cath\u00e9drale Saint Anne dont la construction a d\u00e9but\u00e9 au 11e si\u00e8cle. Parmi les plus anciennes de Provence, elle est un site incontournable de la ville. Lors de votre s\u00e9jour au camping pr\u00e8s d\u2019Apt, ne manquez pas le march\u00e9 proven\u00e7al qui anime la vieille ville tous les samedis matin. Class\u00e9 parmi les 100 plus beaux de France, il jouit d\u2019une grande notori\u00e9t\u00e9 depuis le Moyen \u00c2ge. On y trouve une des sp\u00e9cialit\u00e9s culinaires d\u2019Apt : les fameux fruits confits qui valent \u00e0 la cit\u00e9 son label de \u00ab Site remarquable du go\u00fbt \u00bb. La Maison du fruits confit abrite \u00e0 la fois une boutique et une mus\u00e9ographie autour de cette tradition et de ce savoir-faire s\u00e9culaire. Le march\u00e9 d\u2019Apt est aussi l\u2019occasion de d\u00e9couvrir la lavande cultiv\u00e9e aux alentours et ses produits d\u00e9riv\u00e9s. Ne manquez pas non plus les ateliers de fa\u00efence d\u2019Apt : ils perp\u00e9tuent un artisanat qui fait la r\u00e9putation de la ville depuis les 17e et 18e si\u00e8cles. Enfin, n&rsquo;oubliez pas la traditionnelle balade en pleine nature dans le parc naturel r\u00e9gional du Lub\u00e9ron ![\/vc_column_text][\/vc_column][\/vc_row][vc_row equal_height=\u00a0\u00bbyes\u00a0\u00bb][vc_column el_class=\u00a0\u00bbvalign\u00a0\u00bb][vc_column_text]\n<h2>D\u00e9couvrez aux alentours de Apt<\/h2>\n[\/vc_column_text][\/vc_column][\/vc_row][vc_row][vc_column width=\u00a0\u00bb1\/2&Prime;]<div class=\"ult-new-ib ult-ib-effect-style6  ult-ib-resp  \" data-min-width=\"768\" data-max-width=\"900\" style=\"\" data-opacity=\"1\" data-hover-opacity=\"1\" ><img class=\"ult-new-ib-img\" style=\"opacity:1;\" alt=\"null\" src=\"https:\/\/www.campingepibleu.com\/wp-content\/uploads\/2020\/01\/camping-saint-christol.jpg\"   \/><div id=\"interactive-banner-wrap-8601\" class=\"ult-new-ib-desc\" style=\"\"><h2 class=\"ult-new-ib-title ult-responsive\"  data-ultimate-target='#interactive-banner-wrap-8601 .ult-new-ib-title'  data-responsive-json-new='{\"font-size\":\"\",\"line-height\":\"\"}'  style=\"font-weight:normal;\">Saint Christol<\/h2><\/div><a class=\"ult-new-ib-link\" href=\"https:\/\/www.campingepibleu.com\/fr\/region-aux-portes-du-luberon-en-provence\/camping-saint-christol\/\"  ><\/a><\/div><script type=\"text\/javascript\">\n\t\t\t(function($){\n\t\t\t\t$(document).ready(function(){\n\t\t\t\t\t$(\".ult-new-ib\").css(\"opacity\",\"1\");\n\t\t\t\t});\n\t\t\t})(jQuery);\n\t\t\t<\/script>[\/vc_column][vc_column width=\u00a0\u00bb1\/2&Prime;]<div class=\"ult-new-ib ult-ib-effect-style6  ult-ib-resp  \" data-min-width=\"768\" data-max-width=\"900\" style=\"\" data-opacity=\"1\" data-hover-opacity=\"1\" ><img class=\"ult-new-ib-img\" style=\"opacity:1;\" alt=\"null\" src=\"https:\/\/www.campingepibleu.com\/wp-content\/uploads\/2020\/01\/tourisme-manosque.jpg\"   \/><div id=\"interactive-banner-wrap-7413\" class=\"ult-new-ib-desc\" style=\"\"><h2 class=\"ult-new-ib-title ult-responsive\"  data-ultimate-target='#interactive-banner-wrap-7413 .ult-new-ib-title'  data-responsive-json-new='{\"font-size\":\"\",\"line-height\":\"\"}'  style=\"font-weight:normal;\">Manosque<\/h2><\/div><a class=\"ult-new-ib-link\" href=\"https:\/\/www.campingepibleu.com\/fr\/region-aux-portes-du-luberon-en-provence\/camping-manosque\/\"  ><\/a><\/div><script type=\"text\/javascript\">\n\t\t\t(function($){\n\t\t\t\t$(document).ready(function(){\n\t\t\t\t\t$(\".ult-new-ib\").css(\"opacity\",\"1\");\n\t\t\t\t});\n\t\t\t})(jQuery);\n\t\t\t<\/script>[\/vc_column][\/vc_row]\n","protected":false},"excerpt":{"rendered":"","protected":false},"author":2,"featured_media":1215,"parent":8,"menu_order":0,"comment_status":"closed","ping_status":"closed","template":"","meta":[],"acf":[],"yoast_head":"<!-- This site is optimized with the Yoast SEO plugin v20.1 - https:\/\/yoast.com\/wordpress\/plugins\/seo\/ -->\n<title>Camping Apt | Location mobil home Apt en Lub\u00e9ron<\/title>\n<meta name=\"description\" content=\"A la recherche d&#039;un camping \u00e0 Apt ? Le camping L&#039;Epi Bleu vous accueille dans le Lub\u00e9ron avec piscine chauff\u00e9e, mobil homes et emplacements !\" \/>\n<meta name=\"robots\" content=\"index, follow, max-snippet:-1, max-image-preview:large, max-video-preview:-1\" \/>\n<link rel=\"canonical\" href=\"https:\/\/www.campingepibleu.com\/fr\/region-aux-portes-du-luberon-en-provence\/camping-apt\/\" \/>\n<meta property=\"og:locale\" content=\"fr_FR\" \/>\n<meta property=\"og:type\" content=\"article\" \/>\n<meta property=\"og:title\" content=\"Camping Apt | Location mobil home Apt en Lub\u00e9ron\" \/>\n<meta property=\"og:description\" content=\"A la recherche d&#039;un camping \u00e0 Apt ? Le camping L&#039;Epi Bleu vous accueille dans le Lub\u00e9ron avec piscine chauff\u00e9e, mobil homes et emplacements !\" \/>\n<meta property=\"og:url\" content=\"https:\/\/www.campingepibleu.com\/fr\/region-aux-portes-du-luberon-en-provence\/camping-apt\/\" \/>\n<meta property=\"og:site_name\" content=\"Camping Epi Bleu\" \/>\n<meta property=\"article:publisher\" content=\"https:\/\/www.facebook.com\/CAMPING-CARAVANING-lEPI-BLEU--265609693477491\/\" \/>\n<meta property=\"article:modified_time\" content=\"2023-06-23T12:36:51+00:00\" \/>\n<meta property=\"og:image\" content=\"https:\/\/www.campingepibleu.com\/wp-content\/uploads\/2020\/01\/camping-luberon-parc-aquatique-1.jpg\" \/>\n\t<meta property=\"og:image:width\" content=\"1905\" \/>\n\t<meta property=\"og:image:height\" content=\"470\" \/>\n\t<meta property=\"og:image:type\" content=\"image\/jpeg\" \/>\n<meta name=\"twitter:card\" content=\"summary_large_image\" \/>\n<meta name=\"twitter:label1\" content=\"Dur\u00e9e de lecture estim\u00e9e\" \/>\n\t<meta name=\"twitter:data1\" content=\"4 minutes\" \/>\n<script type=\"application\/ld+json\" class=\"yoast-schema-graph\">{\"@context\":\"https:\/\/schema.org\",\"@graph\":[{\"@type\":\"WebPage\",\"@id\":\"https:\/\/www.campingepibleu.com\/fr\/region-aux-portes-du-luberon-en-provence\/camping-apt\/\",\"url\":\"https:\/\/www.campingepibleu.com\/fr\/region-aux-portes-du-luberon-en-provence\/camping-apt\/\",\"name\":\"Camping Apt | Location mobil home Apt en Lub\u00e9ron\",\"isPartOf\":{\"@id\":\"https:\/\/www.campingepibleu.com\/fr\/#website\"},\"datePublished\":\"2020-01-09T17:21:22+00:00\",\"dateModified\":\"2023-06-23T12:36:51+00:00\",\"description\":\"A la recherche d'un camping \u00e0 Apt ? Le camping L'Epi Bleu vous accueille dans le Lub\u00e9ron avec piscine chauff\u00e9e, mobil homes et emplacements !\",\"breadcrumb\":{\"@id\":\"https:\/\/www.campingepibleu.com\/fr\/region-aux-portes-du-luberon-en-provence\/camping-apt\/#breadcrumb\"},\"inLanguage\":\"fr-FR\",\"potentialAction\":[{\"@type\":\"ReadAction\",\"target\":[\"https:\/\/www.campingepibleu.com\/fr\/region-aux-portes-du-luberon-en-provence\/camping-apt\/\"]}]},{\"@type\":\"BreadcrumbList\",\"@id\":\"https:\/\/www.campingepibleu.com\/fr\/region-aux-portes-du-luberon-en-provence\/camping-apt\/#breadcrumb\",\"itemListElement\":[{\"@type\":\"ListItem\",\"position\":1,\"name\":\"Camping Luberon\",\"item\":\"https:\/\/www.campingepibleu.com\/fr\/\"},{\"@type\":\"ListItem\",\"position\":2,\"name\":\"Le Luberon en Provence\",\"item\":\"https:\/\/www.campingepibleu.com\/fr\/region-aux-portes-du-luberon-en-provence\/\"},{\"@type\":\"ListItem\",\"position\":3,\"name\":\"Camping pr\u00e8s d'Apt\"}]},{\"@type\":\"WebSite\",\"@id\":\"https:\/\/www.campingepibleu.com\/fr\/#website\",\"url\":\"https:\/\/www.campingepibleu.com\/fr\/\",\"name\":\"Camping Epi Bleu\",\"description\":\"Camping Epi Bleu\",\"publisher\":{\"@id\":\"https:\/\/www.campingepibleu.com\/fr\/#organization\"},\"potentialAction\":[{\"@type\":\"SearchAction\",\"target\":{\"@type\":\"EntryPoint\",\"urlTemplate\":\"https:\/\/www.campingepibleu.com\/fr\/?s={search_term_string}\"},\"query-input\":\"required name=search_term_string\"}],\"inLanguage\":\"fr-FR\"},{\"@type\":\"Organization\",\"@id\":\"https:\/\/www.campingepibleu.com\/fr\/#organization\",\"name\":\"Camping Epi Bleu\",\"url\":\"https:\/\/www.campingepibleu.com\/fr\/\",\"logo\":{\"@type\":\"ImageObject\",\"inLanguage\":\"fr-FR\",\"@id\":\"https:\/\/www.campingepibleu.com\/fr\/#\/schema\/logo\/image\/\",\"url\":\"https:\/\/www.campingepibleu.com\/wp-content\/uploads\/2022\/08\/logo.png\",\"contentUrl\":\"https:\/\/www.campingepibleu.com\/wp-content\/uploads\/2022\/08\/logo.png\",\"width\":262,\"height\":162,\"caption\":\"Camping Epi Bleu\"},\"image\":{\"@id\":\"https:\/\/www.campingepibleu.com\/fr\/#\/schema\/logo\/image\/\"},\"sameAs\":[\"https:\/\/www.facebook.com\/CAMPING-CARAVANING-lEPI-BLEU--265609693477491\/\",\"https:\/\/www.youtube.com\/watch?v=pfc5cAK9aKI\"]}]}<\/script>\n<!-- \/ Yoast SEO plugin. -->","yoast_head_json":{"title":"Camping Apt | Location mobil home Apt en Lub\u00e9ron","description":"A la recherche d'un camping \u00e0 Apt ? Le camping L'Epi Bleu vous accueille dans le Lub\u00e9ron avec piscine chauff\u00e9e, mobil homes et emplacements !","robots":{"index":"index","follow":"follow","max-snippet":"max-snippet:-1","max-image-preview":"max-image-preview:large","max-video-preview":"max-video-preview:-1"},"canonical":"https:\/\/www.campingepibleu.com\/fr\/region-aux-portes-du-luberon-en-provence\/camping-apt\/","og_locale":"fr_FR","og_type":"article","og_title":"Camping Apt | Location mobil home Apt en Lub\u00e9ron","og_description":"A la recherche d'un camping \u00e0 Apt ? Le camping L'Epi Bleu vous accueille dans le Lub\u00e9ron avec piscine chauff\u00e9e, mobil homes et emplacements !","og_url":"https:\/\/www.campingepibleu.com\/fr\/region-aux-portes-du-luberon-en-provence\/camping-apt\/","og_site_name":"Camping Epi Bleu","article_publisher":"https:\/\/www.facebook.com\/CAMPING-CARAVANING-lEPI-BLEU--265609693477491\/","article_modified_time":"2023-06-23T12:36:51+00:00","og_image":[{"width":1905,"height":470,"url":"https:\/\/www.campingepibleu.com\/wp-content\/uploads\/2020\/01\/camping-luberon-parc-aquatique-1.jpg","type":"image\/jpeg"}],"twitter_card":"summary_large_image","twitter_misc":{"Dur\u00e9e de lecture estim\u00e9e":"4 minutes"},"schema":{"@context":"https:\/\/schema.org","@graph":[{"@type":"WebPage","@id":"https:\/\/www.campingepibleu.com\/fr\/region-aux-portes-du-luberon-en-provence\/camping-apt\/","url":"https:\/\/www.campingepibleu.com\/fr\/region-aux-portes-du-luberon-en-provence\/camping-apt\/","name":"Camping Apt | Location mobil home Apt en Lub\u00e9ron","isPartOf":{"@id":"https:\/\/www.campingepibleu.com\/fr\/#website"},"datePublished":"2020-01-09T17:21:22+00:00","dateModified":"2023-06-23T12:36:51+00:00","description":"A la recherche d'un camping \u00e0 Apt ? Le camping L'Epi Bleu vous accueille dans le Lub\u00e9ron avec piscine chauff\u00e9e, mobil homes et emplacements !","breadcrumb":{"@id":"https:\/\/www.campingepibleu.com\/fr\/region-aux-portes-du-luberon-en-provence\/camping-apt\/#breadcrumb"},"inLanguage":"fr-FR","potentialAction":[{"@type":"ReadAction","target":["https:\/\/www.campingepibleu.com\/fr\/region-aux-portes-du-luberon-en-provence\/camping-apt\/"]}]},{"@type":"BreadcrumbList","@id":"https:\/\/www.campingepibleu.com\/fr\/region-aux-portes-du-luberon-en-provence\/camping-apt\/#breadcrumb","itemListElement":[{"@type":"ListItem","position":1,"name":"Camping Luberon","item":"https:\/\/www.campingepibleu.com\/fr\/"},{"@type":"ListItem","position":2,"name":"Le Luberon en Provence","item":"https:\/\/www.campingepibleu.com\/fr\/region-aux-portes-du-luberon-en-provence\/"},{"@type":"ListItem","position":3,"name":"Camping pr\u00e8s d'Apt"}]},{"@type":"WebSite","@id":"https:\/\/www.campingepibleu.com\/fr\/#website","url":"https:\/\/www.campingepibleu.com\/fr\/","name":"Camping Epi Bleu","description":"Camping Epi Bleu","publisher":{"@id":"https:\/\/www.campingepibleu.com\/fr\/#organization"},"potentialAction":[{"@type":"SearchAction","target":{"@type":"EntryPoint","urlTemplate":"https:\/\/www.campingepibleu.com\/fr\/?s={search_term_string}"},"query-input":"required name=search_term_string"}],"inLanguage":"fr-FR"},{"@type":"Organization","@id":"https:\/\/www.campingepibleu.com\/fr\/#organization","name":"Camping Epi Bleu","url":"https:\/\/www.campingepibleu.com\/fr\/","logo":{"@type":"ImageObject","inLanguage":"fr-FR","@id":"https:\/\/www.campingepibleu.com\/fr\/#\/schema\/logo\/image\/","url":"https:\/\/www.campingepibleu.com\/wp-content\/uploads\/2022\/08\/logo.png","contentUrl":"https:\/\/www.campingepibleu.com\/wp-content\/uploads\/2022\/08\/logo.png","width":262,"height":162,"caption":"Camping Epi Bleu"},"image":{"@id":"https:\/\/www.campingepibleu.com\/fr\/#\/schema\/logo\/image\/"},"sameAs":["https:\/\/www.facebook.com\/CAMPING-CARAVANING-lEPI-BLEU--265609693477491\/","https:\/\/www.youtube.com\/watch?v=pfc5cAK9aKI"]}]}},"_links":{"self":[{"href":"https:\/\/www.campingepibleu.com\/fr\/wp-json\/wp\/v2\/pages\/1263"}],"collection":[{"href":"https:\/\/www.campingepibleu.com\/fr\/wp-json\/wp\/v2\/pages"}],"about":[{"href":"https:\/\/www.campingepibleu.com\/fr\/wp-json\/wp\/v2\/types\/page"}],"author":[{"embeddable":true,"href":"https:\/\/www.campingepibleu.com\/fr\/wp-json\/wp\/v2\/users\/2"}],"replies":[{"embeddable":true,"href":"https:\/\/www.campingepibleu.com\/fr\/wp-json\/wp\/v2\/comments?post=1263"}],"version-history":[{"count":5,"href":"https:\/\/www.campingepibleu.com\/fr\/wp-json\/wp\/v2\/pages\/1263\/revisions"}],"predecessor-version":[{"id":2411,"href":"https:\/\/www.campingepibleu.com\/fr\/wp-json\/wp\/v2\/pages\/1263\/revisions\/2411"}],"up":[{"embeddable":true,"href":"https:\/\/www.campingepibleu.com\/fr\/wp-json\/wp\/v2\/pages\/8"}],"wp:featuredmedia":[{"embeddable":true,"href":"https:\/\/www.campingepibleu.com\/fr\/wp-json\/wp\/v2\/media\/1215"}],"wp:attachment":[{"href":"https:\/\/www.campingepibleu.com\/fr\/wp-json\/wp\/v2\/media?parent=1263"}],"curies":[{"name":"wp","href":"https:\/\/api.w.org\/{rel}","templated":true}]}}