{"id":1366,"date":"2020-02-06T08:25:01","date_gmt":"2020-02-06T08:25:01","guid":{"rendered":"https:\/\/www.campingepibleu.com\/?page_id=1366"},"modified":"2023-01-25T15:57:24","modified_gmt":"2023-01-25T15:57:24","slug":"club-enfant","status":"publish","type":"page","link":"https:\/\/www.campingepibleu.com\/fr\/epi-bleu-dans-les-alpes-de-haute-provence\/club-enfant\/","title":{"rendered":"Club Enfant"},"content":{"rendered":"[vc_row][vc_column][vc_column_text]D\u00e9couvrez les animations du club enfant de notre <a href=\"\/fr\/\">camping l&rsquo;Epi Bleu \u00e0 Banon 4 \u00e9toiles<\/a> ![\/vc_column_text][vc_separator color=\u00a0\u00bborange\u00a0\u00bb border_width=\u00a0\u00bb3&Prime;][\/vc_column][\/vc_row][vc_row][vc_column width=\u00a0\u00bb2\/3&Prime;][vc_column_text]\n<h2 style=\"text-align: center;\"><span style=\"font-size: 20px; color: #9b51ba;\"><em><strong>Club Mister Flower, lieu de rendez-vous des 6-12 ans<br \/>\n<\/strong><\/em><\/span><\/h2>\n[\/vc_column_text][vc_column_text]Au camping L\u2019\u00c9pi Bleu 4 \u00e9toiles dans le Lub\u00e9ron, nous souhaitons que nos jeunes visiteurs emportent avec eux un souvenir ind\u00e9l\u00e9bile de leurs vacances en Provence. Entre une balade en v\u00e9lo et une randonn\u00e9e p\u00e9destre en famille, ils auront la possibilit\u00e9 de participer gratuitement aux activit\u00e9s encadr\u00e9es par notre \u00e9quipe d\u2019animation. <strong>Ouvert du Lundi au Vendredi de 10h00 \u00e0 12h00 en haute saison<\/strong>, le club Mister Flower propose ainsi aux <strong>enfants de 6 \u00e0 12 ans<\/strong> des ateliers et des <strong>activit\u00e9s ludiques<\/strong> comme des <strong>loisirs cr\u00e9atifs (peinture, coloriage)<\/strong>, des <strong>chasses au tr\u00e9sor<\/strong>. Et pour \u00e9pater leurs parents, ils pr\u00e9parent pendant la semaine la <strong>chor\u00e9graphie<\/strong> que vous d\u00e9couvrirez le Vendredi lors de leur spectacle.[\/vc_column_text][vc_column_text]Vous l&rsquo;aurez compris, le club Enfants permet \u00e0 vos enfants de <strong>s\u2019amuser<\/strong>, de stimuler leur cr\u00e9ativit\u00e9 et de <strong>se faire de nouveaux amis<\/strong> dans une ambiance conviviale. Il vous offre \u00e9galement \u00e0 vous, parents, <strong>l\u2019occasion de vous d\u00e9tendre pendant deux heures<\/strong> et de pouvoir r\u00e9aliser vos longueurs de natation dans la piscine chauff\u00e9e, faire une pause lecture sur la terrasse de votre mobil home, ou tout simplement de <strong>profiter de vos vacances<\/strong> l&rsquo;esprit tranquille.[\/vc_column_text][\/vc_column][vc_column width=\u00a0\u00bb1\/3&Prime;][vc_gallery interval=\u00a0\u00bb5&Prime; images=\u00a0\u00bb1116,1117,1118,1119,1120&Prime; img_size=\u00a0\u00bb350&#215;350&Prime;][\/vc_column][\/vc_row][vc_row][vc_column][vc_column_text]\n<h2 style=\"text-align: center;\"><span style=\"font-size: 20px; color: #9b51ba;\"><em><strong>Tournois sportifs et jeux aquatiques pour les ados<br \/>\n<\/strong><\/em><\/span><\/h2>\n[\/vc_column_text][vc_column_text]Lorsqu\u2019on est un <strong>ado en vacances<\/strong>, pas question de rester assis \u00e0 c\u00f4t\u00e9 de papa et maman ! Vos grands enfants ont soif de sensations fortes et de l\u2019\u00e9nergie \u00e0 revendre ? Cela tombe bien, ils la d\u00e9penseront eux aussi sans compter pendant leur s\u00e9jour au camping L\u2019\u00c9pi Bleu**** dans le Lub\u00e9ron. Nos animateurs dynamiques concoctent chaque semaine un <strong>programme sportif pour les ados<\/strong> compos\u00e9 essentiellement de tournois et de jeux aquatiques : <strong>tournoi de ping-pong, de volley, de football ou de baby-foot, matches de water-polo<\/strong>\u2026 Il y en aura pour tous les go\u00fbts ! L\u2019a\u00een\u00e9 vient d\u2019\u00eatre sacr\u00e9 champion de ping-pong ou de baby-foot ? Laissez-le c\u00e9l\u00e9brer sa victoire en se jetant dans le toboggan aquatique et promettez-lui la soir\u00e9e grillades qui lui ferait tant plaisir. Pour plus d&rsquo;informations, adressez-vous \u00e0 la r\u00e9ception d\u00e8s votre arriv\u00e9e au camping, o\u00f9 vous seront indiqu\u00e9s le <strong>programme du club Enfants<\/strong> et les <strong>horaires des activit\u00e9s pour ados<\/strong>.[\/vc_column_text][\/vc_column][\/vc_row]\n","protected":false},"excerpt":{"rendered":"","protected":false},"author":2,"featured_media":900,"parent":6,"menu_order":10,"comment_status":"closed","ping_status":"closed","template":"","meta":[],"acf":[],"yoast_head":"<!-- This site is optimized with the Yoast SEO plugin v20.1 - https:\/\/yoast.com\/wordpress\/plugins\/seo\/ -->\n<title>Club enfants et programme sportif pour ados - Camping l&#039;Epi Bleu<\/title>\n<meta name=\"description\" content=\"L&#039;Epi Bleu dans les Alpes-de-Haute-Provence (04) propose diverses activit\u00e9s et animations pour enfants et ados encadr\u00e9es par des animateurs.\" \/>\n<meta name=\"robots\" content=\"index, follow, max-snippet:-1, max-image-preview:large, max-video-preview:-1\" \/>\n<link rel=\"canonical\" href=\"https:\/\/www.campingepibleu.com\/fr\/epi-bleu-dans-les-alpes-de-haute-provence\/club-enfant\/\" \/>\n<meta property=\"og:locale\" content=\"fr_FR\" \/>\n<meta property=\"og:type\" content=\"article\" \/>\n<meta property=\"og:title\" content=\"Club enfants et programme sportif pour ados - Camping l&#039;Epi Bleu\" \/>\n<meta property=\"og:description\" content=\"L&#039;Epi Bleu dans les Alpes-de-Haute-Provence (04) propose diverses activit\u00e9s et animations pour enfants et ados encadr\u00e9es par des animateurs.\" \/>\n<meta property=\"og:url\" content=\"https:\/\/www.campingepibleu.com\/fr\/epi-bleu-dans-les-alpes-de-haute-provence\/club-enfant\/\" \/>\n<meta property=\"og:site_name\" content=\"Camping Epi Bleu\" \/>\n<meta property=\"article:publisher\" content=\"https:\/\/www.facebook.com\/CAMPING-CARAVANING-lEPI-BLEU--265609693477491\/\" \/>\n<meta property=\"article:modified_time\" content=\"2023-01-25T15:57:24+00:00\" \/>\n<meta property=\"og:image\" content=\"https:\/\/www.campingepibleu.com\/wp-content\/uploads\/2018\/11\/Les-groupies-de-mister-flower.jpg\" \/>\n\t<meta property=\"og:image:width\" content=\"640\" \/>\n\t<meta property=\"og:image:height\" content=\"480\" \/>\n\t<meta property=\"og:image:type\" content=\"image\/jpeg\" \/>\n<meta name=\"twitter:card\" content=\"summary_large_image\" \/>\n<meta name=\"twitter:label1\" content=\"Dur\u00e9e de lecture estim\u00e9e\" \/>\n\t<meta name=\"twitter:data1\" content=\"2 minutes\" \/>\n<script type=\"application\/ld+json\" class=\"yoast-schema-graph\">{\"@context\":\"https:\/\/schema.org\",\"@graph\":[{\"@type\":\"WebPage\",\"@id\":\"https:\/\/www.campingepibleu.com\/fr\/epi-bleu-dans-les-alpes-de-haute-provence\/club-enfant\/\",\"url\":\"https:\/\/www.campingepibleu.com\/fr\/epi-bleu-dans-les-alpes-de-haute-provence\/club-enfant\/\",\"name\":\"Club enfants et programme sportif pour ados - Camping l'Epi Bleu\",\"isPartOf\":{\"@id\":\"https:\/\/www.campingepibleu.com\/fr\/#website\"},\"datePublished\":\"2020-02-06T08:25:01+00:00\",\"dateModified\":\"2023-01-25T15:57:24+00:00\",\"description\":\"L'Epi Bleu dans les Alpes-de-Haute-Provence (04) propose diverses activit\u00e9s et animations pour enfants et ados encadr\u00e9es par des animateurs.\",\"breadcrumb\":{\"@id\":\"https:\/\/www.campingepibleu.com\/fr\/epi-bleu-dans-les-alpes-de-haute-provence\/club-enfant\/#breadcrumb\"},\"inLanguage\":\"fr-FR\",\"potentialAction\":[{\"@type\":\"ReadAction\",\"target\":[\"https:\/\/www.campingepibleu.com\/fr\/epi-bleu-dans-les-alpes-de-haute-provence\/club-enfant\/\"]}]},{\"@type\":\"BreadcrumbList\",\"@id\":\"https:\/\/www.campingepibleu.com\/fr\/epi-bleu-dans-les-alpes-de-haute-provence\/club-enfant\/#breadcrumb\",\"itemListElement\":[{\"@type\":\"ListItem\",\"position\":1,\"name\":\"Camping Luberon\",\"item\":\"https:\/\/www.campingepibleu.com\/fr\/\"},{\"@type\":\"ListItem\",\"position\":2,\"name\":\"Alpes de Haute Provence\",\"item\":\"https:\/\/www.campingepibleu.com\/fr\/epi-bleu-dans-les-alpes-de-haute-provence\/\"},{\"@type\":\"ListItem\",\"position\":3,\"name\":\"Club Enfant\"}]},{\"@type\":\"WebSite\",\"@id\":\"https:\/\/www.campingepibleu.com\/fr\/#website\",\"url\":\"https:\/\/www.campingepibleu.com\/fr\/\",\"name\":\"Camping Epi Bleu\",\"description\":\"Camping Epi Bleu\",\"publisher\":{\"@id\":\"https:\/\/www.campingepibleu.com\/fr\/#organization\"},\"potentialAction\":[{\"@type\":\"SearchAction\",\"target\":{\"@type\":\"EntryPoint\",\"urlTemplate\":\"https:\/\/www.campingepibleu.com\/fr\/?s={search_term_string}\"},\"query-input\":\"required name=search_term_string\"}],\"inLanguage\":\"fr-FR\"},{\"@type\":\"Organization\",\"@id\":\"https:\/\/www.campingepibleu.com\/fr\/#organization\",\"name\":\"Camping Epi Bleu\",\"url\":\"https:\/\/www.campingepibleu.com\/fr\/\",\"logo\":{\"@type\":\"ImageObject\",\"inLanguage\":\"fr-FR\",\"@id\":\"https:\/\/www.campingepibleu.com\/fr\/#\/schema\/logo\/image\/\",\"url\":\"https:\/\/www.campingepibleu.com\/wp-content\/uploads\/2022\/08\/logo.png\",\"contentUrl\":\"https:\/\/www.campingepibleu.com\/wp-content\/uploads\/2022\/08\/logo.png\",\"width\":262,\"height\":162,\"caption\":\"Camping Epi Bleu\"},\"image\":{\"@id\":\"https:\/\/www.campingepibleu.com\/fr\/#\/schema\/logo\/image\/\"},\"sameAs\":[\"https:\/\/www.facebook.com\/CAMPING-CARAVANING-lEPI-BLEU--265609693477491\/\",\"https:\/\/www.youtube.com\/watch?v=pfc5cAK9aKI\"]}]}<\/script>\n<!-- \/ Yoast SEO plugin. -->","yoast_head_json":{"title":"Club enfants et programme sportif pour ados - Camping l'Epi Bleu","description":"L'Epi Bleu dans les Alpes-de-Haute-Provence (04) propose diverses activit\u00e9s et animations pour enfants et ados encadr\u00e9es par des animateurs.","robots":{"index":"index","follow":"follow","max-snippet":"max-snippet:-1","max-image-preview":"max-image-preview:large","max-video-preview":"max-video-preview:-1"},"canonical":"https:\/\/www.campingepibleu.com\/fr\/epi-bleu-dans-les-alpes-de-haute-provence\/club-enfant\/","og_locale":"fr_FR","og_type":"article","og_title":"Club enfants et programme sportif pour ados - Camping l'Epi Bleu","og_description":"L'Epi Bleu dans les Alpes-de-Haute-Provence (04) propose diverses activit\u00e9s et animations pour enfants et ados encadr\u00e9es par des animateurs.","og_url":"https:\/\/www.campingepibleu.com\/fr\/epi-bleu-dans-les-alpes-de-haute-provence\/club-enfant\/","og_site_name":"Camping Epi Bleu","article_publisher":"https:\/\/www.facebook.com\/CAMPING-CARAVANING-lEPI-BLEU--265609693477491\/","article_modified_time":"2023-01-25T15:57:24+00:00","og_image":[{"width":640,"height":480,"url":"https:\/\/www.campingepibleu.com\/wp-content\/uploads\/2018\/11\/Les-groupies-de-mister-flower.jpg","type":"image\/jpeg"}],"twitter_card":"summary_large_image","twitter_misc":{"Dur\u00e9e de lecture estim\u00e9e":"2 minutes"},"schema":{"@context":"https:\/\/schema.org","@graph":[{"@type":"WebPage","@id":"https:\/\/www.campingepibleu.com\/fr\/epi-bleu-dans-les-alpes-de-haute-provence\/club-enfant\/","url":"https:\/\/www.campingepibleu.com\/fr\/epi-bleu-dans-les-alpes-de-haute-provence\/club-enfant\/","name":"Club enfants et programme sportif pour ados - Camping l'Epi Bleu","isPartOf":{"@id":"https:\/\/www.campingepibleu.com\/fr\/#website"},"datePublished":"2020-02-06T08:25:01+00:00","dateModified":"2023-01-25T15:57:24+00:00","description":"L'Epi Bleu dans les Alpes-de-Haute-Provence (04) propose diverses activit\u00e9s et animations pour enfants et ados encadr\u00e9es par des animateurs.","breadcrumb":{"@id":"https:\/\/www.campingepibleu.com\/fr\/epi-bleu-dans-les-alpes-de-haute-provence\/club-enfant\/#breadcrumb"},"inLanguage":"fr-FR","potentialAction":[{"@type":"ReadAction","target":["https:\/\/www.campingepibleu.com\/fr\/epi-bleu-dans-les-alpes-de-haute-provence\/club-enfant\/"]}]},{"@type":"BreadcrumbList","@id":"https:\/\/www.campingepibleu.com\/fr\/epi-bleu-dans-les-alpes-de-haute-provence\/club-enfant\/#breadcrumb","itemListElement":[{"@type":"ListItem","position":1,"name":"Camping Luberon","item":"https:\/\/www.campingepibleu.com\/fr\/"},{"@type":"ListItem","position":2,"name":"Alpes de Haute Provence","item":"https:\/\/www.campingepibleu.com\/fr\/epi-bleu-dans-les-alpes-de-haute-provence\/"},{"@type":"ListItem","position":3,"name":"Club Enfant"}]},{"@type":"WebSite","@id":"https:\/\/www.campingepibleu.com\/fr\/#website","url":"https:\/\/www.campingepibleu.com\/fr\/","name":"Camping Epi Bleu","description":"Camping Epi Bleu","publisher":{"@id":"https:\/\/www.campingepibleu.com\/fr\/#organization"},"potentialAction":[{"@type":"SearchAction","target":{"@type":"EntryPoint","urlTemplate":"https:\/\/www.campingepibleu.com\/fr\/?s={search_term_string}"},"query-input":"required name=search_term_string"}],"inLanguage":"fr-FR"},{"@type":"Organization","@id":"https:\/\/www.campingepibleu.com\/fr\/#organization","name":"Camping Epi Bleu","url":"https:\/\/www.campingepibleu.com\/fr\/","logo":{"@type":"ImageObject","inLanguage":"fr-FR","@id":"https:\/\/www.campingepibleu.com\/fr\/#\/schema\/logo\/image\/","url":"https:\/\/www.campingepibleu.com\/wp-content\/uploads\/2022\/08\/logo.png","contentUrl":"https:\/\/www.campingepibleu.com\/wp-content\/uploads\/2022\/08\/logo.png","width":262,"height":162,"caption":"Camping Epi Bleu"},"image":{"@id":"https:\/\/www.campingepibleu.com\/fr\/#\/schema\/logo\/image\/"},"sameAs":["https:\/\/www.facebook.com\/CAMPING-CARAVANING-lEPI-BLEU--265609693477491\/","https:\/\/www.youtube.com\/watch?v=pfc5cAK9aKI"]}]}},"_links":{"self":[{"href":"https:\/\/www.campingepibleu.com\/fr\/wp-json\/wp\/v2\/pages\/1366"}],"collection":[{"href":"https:\/\/www.campingepibleu.com\/fr\/wp-json\/wp\/v2\/pages"}],"about":[{"href":"https:\/\/www.campingepibleu.com\/fr\/wp-json\/wp\/v2\/types\/page"}],"author":[{"embeddable":true,"href":"https:\/\/www.campingepibleu.com\/fr\/wp-json\/wp\/v2\/users\/2"}],"replies":[{"embeddable":true,"href":"https:\/\/www.campingepibleu.com\/fr\/wp-json\/wp\/v2\/comments?post=1366"}],"version-history":[{"count":7,"href":"https:\/\/www.campingepibleu.com\/fr\/wp-json\/wp\/v2\/pages\/1366\/revisions"}],"predecessor-version":[{"id":2843,"href":"https:\/\/www.campingepibleu.com\/fr\/wp-json\/wp\/v2\/pages\/1366\/revisions\/2843"}],"up":[{"embeddable":true,"href":"https:\/\/www.campingepibleu.com\/fr\/wp-json\/wp\/v2\/pages\/6"}],"wp:featuredmedia":[{"embeddable":true,"href":"https:\/\/www.campingepibleu.com\/fr\/wp-json\/wp\/v2\/media\/900"}],"wp:attachment":[{"href":"https:\/\/www.campingepibleu.com\/fr\/wp-json\/wp\/v2\/media?parent=1366"}],"curies":[{"name":"wp","href":"https:\/\/api.w.org\/{rel}","templated":true}]}}