{"id":2032,"date":"2020-06-25T13:27:06","date_gmt":"2020-06-25T13:27:06","guid":{"rendered":"https:\/\/www.campingepibleu.com\/?page_id=2032"},"modified":"2023-06-23T12:40:28","modified_gmt":"2023-06-23T12:40:28","slug":"camping-roussillon","status":"publish","type":"page","link":"https:\/\/www.campingepibleu.com\/fr\/region-aux-portes-du-luberon-en-provence\/camping-roussillon\/","title":{"rendered":"Camping Roussillon"},"content":{"rendered":"[vc_row][vc_column][vc_column_text]Vous souhaitez r\u00e9server un s\u00e9jour camping \u00e0 Roussillon ou \u00e0 proximit\u00e9 ? Le <a href=\"\/fr\/\">camping Luberon<\/a> L&rsquo;Epi Bleu, id\u00e9alement situ\u00e9 pour <a href=\"\/fr\/region-aux-portes-du-luberon-en-provence\/\">visiter le Lub\u00e9ron<\/a>, vous ouvre ses portes \u00e0 40km de Roussillon.[\/vc_column_text][\/vc_column][\/vc_row][vc_row equal_height=\u00a0\u00bbyes\u00a0\u00bb][vc_column width=\u00a0\u00bb1\/2&Prime; el_class=\u00a0\u00bbvalign\u00a0\u00bb][vc_column_text]\n<h2>Location mobil-home Roussillon<\/h2>\n<p>Vous recherchez un locatif pas cher en <strong>camping pr\u00e8s de Roussillon<\/strong> ? Le camping 4 \u00e9toiles L\u2019Epi Bleu dans le Luberon vous accueille dans un parc bois\u00e9 entre le parc du Luberon et le mont Ventoux. Pour les campeurs qui souhaitent profiter de l\u2019ambiance chaleureuse et des installations d\u2019un camping familial sans renoncer \u00e0 leur confort quotidien, nous vous proposons des locatifs tout \u00e9quip\u00e9s pour 2 \u00e0 6 personnes de 17 \u00e0 50 m\u00e8tres carr\u00e9s. Mobil-homes avec cuisine int\u00e9gr\u00e9e au s\u00e9jour et terrasse en bois sur\u00e9lev\u00e9e avec salon de jardin, vastes chalets pour les familles ou groupes d\u2019amis, cabanes sur pilotis, bungalows toil\u00e9s et tentes meubl\u00e9es pour les couples et les familles qui veulent r\u00e9aliser des \u00e9conomies pendant leurs vacances dans l\u2019arri\u00e8re-pays proven\u00e7al, cottages \u00e0 la finition moderne avec \u00e9quipements de qualit\u00e9 (lave-vaisselle, climatisation), pavillon 3 chambres pour les familles nombreuses : notre s\u00e9lection d\u2019h\u00e9bergements de prestige s\u2019adresse \u00e0 tous les budgets et \u00e0 tous les profils. Notre parc locatif se divise en 4 gammes, afin que tous nos h\u00f4tes puissent choisir le degr\u00e9 de confort d\u00e9sir\u00e9. Vous souhaitez partager vos repas avec vos proches sur votre terrasse \u00e0 l\u2019abri des autres campeurs ? Les haies naturelles qui s\u00e9parent chaque parcelle vous assurent des moments intimes \u00e0 tout moment de la journ\u00e9e pendant votre s\u00e9jour en camping pr\u00e8s de Roussillon, d\u00e9signe comme l\u2019un des plus beaux villages de France.[\/vc_column_text][\/vc_column][vc_column width=\u00a0\u00bb1\/2&Prime; el_class=\u00a0\u00bbvalign\u00a0\u00bb][vc_column_text]<img decoding=\"async\" src=\"https:\/\/www.campingepibleu.com\/wp-content\/uploads\/2020\/01\/location-mobil-home-luberon.jpg\" alt=\"location mobil home roussillon\" \/>[\/vc_column_text][\/vc_column][\/vc_row][vc_row equal_height=\u00a0\u00bbyes\u00a0\u00bb][vc_column width=\u00a0\u00bb1\/2&Prime; el_class=\u00a0\u00bbvalign\u00a0\u00bb][vc_column_text]<img decoding=\"async\" src=\"https:\/\/www.campingepibleu.com\/wp-content\/uploads\/2015\/07\/P6280233.jpg\" alt=\"camping roussillon avec piscine\" \/>[\/vc_column_text][\/vc_column][vc_column width=\u00a0\u00bb1\/2&Prime; el_class=\u00a0\u00bbvalign\u00a0\u00bb][vc_column_text]\n<h2>Camping Roussillon avec piscine chauff\u00e9e<\/h2>\n<p>Ajoutez une touche d\u2019amusement et un zeste de fra\u00eecheur \u00e0 vos vacances en Provence en r\u00e9servant votre locatif dans notre <strong>camping et son parc aquatique avec piscine chauff\u00e9e pr\u00e8s de Roussillon<\/strong> dans le Luberon ainsi que sa nouveaut\u00e9 2023, le toboggan g\u00e9ant. Tous les jours, du matin au soir, l\u2019h\u00f4tel de plein air familial l\u2019Epi Bleu vous ouvre les portes de son espace aquatique chauff\u00e9 entre 25 et 30 \u00baC. Quelles que soient les conditions climatiques, m\u00eame nos h\u00f4tes les plus frileux prendront plaisir \u00e0 faire leurs longueurs de natation ou leurs exercices d\u2019aquagym au r\u00e9veil dans le grand bassin ext\u00e9rieur de notre parc aquatique. La piscine est \u00e9galement le lieu de rassemblement des familles en fin de journ\u00e9e, pour un bain d\u00e9contractant et des instants de farniente en transat \u00e0 l\u2019ombre d\u2019un parasol ou d\u2019un palmier apr\u00e8s une excursion. Vous voyagez avec des ados qui ont soif d\u2019aventure ? Direction les toboggans aquatiques. D\u00e9fiez vos enfants, prenez de la hauteur et \u00e9lancez-vous avec eux dans les toboggans pentaglisse. Qui a gagn\u00e9 la course ? Ce n\u2019est pas le petit dernier qui vous le dira, il sera trop occup\u00e9 \u00e0 barboter dans l\u2019eau de la pataugeoire s\u00e9curis\u00e9e et \u00e0 s\u2019amuser avec les jeux aquatiques de l\u2019espace r\u00e9serv\u00e9 aux tout-petits. Le solarium, avec sa plage-pelouse et sa v\u00e9g\u00e9tation, donne \u00e0 notre complexe aquatique un air tropical qui vous garantira un d\u00e9paysement total pendant votre s\u00e9jour en camping avec piscine chauff\u00e9e pr\u00e8s de Roussillon en campagne proven\u00e7ale dans la magnifique r\u00e9gion Provence Alpes C\u00f4te d\u2019Azur. Le massif du Luberon vous attend, tout comme les diff\u00e9rentes activit\u00e9s \u00e0 faire en famille avec vos enfants lors de votre venue au camping l\u2019Epi Bleu.[\/vc_column_text][\/vc_column][\/vc_row][vc_row equal_height=\u00a0\u00bbyes\u00a0\u00bb][vc_column width=\u00a0\u00bb1\/2&Prime; el_class=\u00a0\u00bbvalign\u00a0\u00bb][vc_column_text]\n<h2>Tourisme \u00e0 Roussillon<\/h2>\n<p>Envie de combiner vacances actives, harmonie avec la nature, d\u00e9tente et d\u00e9couverte du patrimoine pendant vos vacances dans le Luberon ? Notre <strong>camping pr\u00e8s de Roussillon<\/strong> vous permettra de vous rendre en 45 minutes en voiture \u00e0 Roussillon, un des plus beaux villages de France. Ce charmant village de 1 300 habitants situ\u00e9 dans le Vaucluse est c\u00e9l\u00e8bre pour son cadre naturel verdoyant domin\u00e9 par des falaises ocres qui contrastent avec les pins maritimes, les pins sylvestres et les ch\u00eanes verts de la for\u00eat m\u00e9diterran\u00e9enne. Le sentier des ocres est une promenade am\u00e9nag\u00e9e et balis\u00e9e qui permet d\u2019approcher les falaises et de mieux comprendre le d\u00e9veloppement \u00e9conomique de la commune gr\u00e2ce \u00e0 l\u2019exploitation de l\u2019ocre au d\u00e9but du XIXe si\u00e8cle. Prenez le temps de jouir des vues panoramiques depuis le sommet des falaises, de traverser la rue centrale bord\u00e9e de boutiques et de galeries d\u2019art, d\u2019entrer dans l\u2019\u00e9glise Saint-Michel et de go\u00fbter le vin du pays : le ventoux. Pour ajouter une touche f\u00e9erique \u00e0 l\u2019un des villages les plus visit\u00e9s du Luberon avec Gordes, un conseil : levez-vous \u00e0 l\u2019aurore et arrivez \u00e0 Roussillon lorsque le soleil embrase les falaises ocres. Un jeudi, de pr\u00e9f\u00e9rence, jour de march\u00e9 parfait pour acheter les produits du terroir et converser avec les habitants.[\/vc_column_text][\/vc_column][vc_column width=\u00a0\u00bb1\/2&Prime; el_class=\u00a0\u00bbvalign\u00a0\u00bb][vc_column_text]<img decoding=\"async\" src=\"https:\/\/www.campingepibleu.com\/wp-content\/uploads\/2020\/06\/camping-roussillon.jpg\" alt=\"camping roussillon\" \/>[\/vc_column_text][\/vc_column][\/vc_row]\n","protected":false},"excerpt":{"rendered":"","protected":false},"author":2,"featured_media":1215,"parent":8,"menu_order":0,"comment_status":"closed","ping_status":"closed","template":"","meta":[],"acf":[],"yoast_head":"<!-- This site is optimized with the Yoast SEO plugin v20.1 - https:\/\/yoast.com\/wordpress\/plugins\/seo\/ -->\n<title>Camping Roussillon - Location mobil home Roussillon en Luberon<\/title>\n<meta name=\"description\" content=\"A la recherche d&#039;un camping \u00e0 Roussillon ? Bienvenue \u00e0 l&#039;Epi Bleu au coeur du Lub\u00e9ron, avec piscine chauff\u00e9e, location mobil home et emplacements libres.\" \/>\n<meta name=\"robots\" content=\"index, follow, max-snippet:-1, max-image-preview:large, max-video-preview:-1\" \/>\n<link rel=\"canonical\" href=\"https:\/\/www.campingepibleu.com\/fr\/region-aux-portes-du-luberon-en-provence\/camping-roussillon\/\" \/>\n<meta property=\"og:locale\" content=\"fr_FR\" \/>\n<meta property=\"og:type\" content=\"article\" \/>\n<meta property=\"og:title\" content=\"Camping Roussillon - Location mobil home Roussillon en Luberon\" \/>\n<meta property=\"og:description\" content=\"A la recherche d&#039;un camping \u00e0 Roussillon ? Bienvenue \u00e0 l&#039;Epi Bleu au coeur du Lub\u00e9ron, avec piscine chauff\u00e9e, location mobil home et emplacements libres.\" \/>\n<meta property=\"og:url\" content=\"https:\/\/www.campingepibleu.com\/fr\/region-aux-portes-du-luberon-en-provence\/camping-roussillon\/\" \/>\n<meta property=\"og:site_name\" content=\"Camping Epi Bleu\" \/>\n<meta property=\"article:publisher\" content=\"https:\/\/www.facebook.com\/CAMPING-CARAVANING-lEPI-BLEU--265609693477491\/\" \/>\n<meta property=\"article:modified_time\" content=\"2023-06-23T12:40:28+00:00\" \/>\n<meta property=\"og:image\" content=\"https:\/\/www.campingepibleu.com\/wp-content\/uploads\/2020\/01\/camping-luberon-parc-aquatique-1.jpg\" \/>\n\t<meta property=\"og:image:width\" content=\"1905\" \/>\n\t<meta property=\"og:image:height\" content=\"470\" \/>\n\t<meta property=\"og:image:type\" content=\"image\/jpeg\" \/>\n<meta name=\"twitter:card\" content=\"summary_large_image\" \/>\n<meta name=\"twitter:label1\" content=\"Dur\u00e9e de lecture estim\u00e9e\" \/>\n\t<meta name=\"twitter:data1\" content=\"5 minutes\" \/>\n<script type=\"application\/ld+json\" class=\"yoast-schema-graph\">{\"@context\":\"https:\/\/schema.org\",\"@graph\":[{\"@type\":\"WebPage\",\"@id\":\"https:\/\/www.campingepibleu.com\/fr\/region-aux-portes-du-luberon-en-provence\/camping-roussillon\/\",\"url\":\"https:\/\/www.campingepibleu.com\/fr\/region-aux-portes-du-luberon-en-provence\/camping-roussillon\/\",\"name\":\"Camping Roussillon - Location mobil home Roussillon en Luberon\",\"isPartOf\":{\"@id\":\"https:\/\/www.campingepibleu.com\/fr\/#website\"},\"datePublished\":\"2020-06-25T13:27:06+00:00\",\"dateModified\":\"2023-06-23T12:40:28+00:00\",\"description\":\"A la recherche d'un camping \u00e0 Roussillon ? Bienvenue \u00e0 l'Epi Bleu au coeur du Lub\u00e9ron, avec piscine chauff\u00e9e, location mobil home et emplacements libres.\",\"breadcrumb\":{\"@id\":\"https:\/\/www.campingepibleu.com\/fr\/region-aux-portes-du-luberon-en-provence\/camping-roussillon\/#breadcrumb\"},\"inLanguage\":\"fr-FR\",\"potentialAction\":[{\"@type\":\"ReadAction\",\"target\":[\"https:\/\/www.campingepibleu.com\/fr\/region-aux-portes-du-luberon-en-provence\/camping-roussillon\/\"]}]},{\"@type\":\"BreadcrumbList\",\"@id\":\"https:\/\/www.campingepibleu.com\/fr\/region-aux-portes-du-luberon-en-provence\/camping-roussillon\/#breadcrumb\",\"itemListElement\":[{\"@type\":\"ListItem\",\"position\":1,\"name\":\"Camping Luberon\",\"item\":\"https:\/\/www.campingepibleu.com\/fr\/\"},{\"@type\":\"ListItem\",\"position\":2,\"name\":\"Le Luberon en Provence\",\"item\":\"https:\/\/www.campingepibleu.com\/fr\/region-aux-portes-du-luberon-en-provence\/\"},{\"@type\":\"ListItem\",\"position\":3,\"name\":\"Camping proche de Roussillon\"}]},{\"@type\":\"WebSite\",\"@id\":\"https:\/\/www.campingepibleu.com\/fr\/#website\",\"url\":\"https:\/\/www.campingepibleu.com\/fr\/\",\"name\":\"Camping Epi Bleu\",\"description\":\"Camping Epi Bleu\",\"publisher\":{\"@id\":\"https:\/\/www.campingepibleu.com\/fr\/#organization\"},\"potentialAction\":[{\"@type\":\"SearchAction\",\"target\":{\"@type\":\"EntryPoint\",\"urlTemplate\":\"https:\/\/www.campingepibleu.com\/fr\/?s={search_term_string}\"},\"query-input\":\"required name=search_term_string\"}],\"inLanguage\":\"fr-FR\"},{\"@type\":\"Organization\",\"@id\":\"https:\/\/www.campingepibleu.com\/fr\/#organization\",\"name\":\"Camping Epi Bleu\",\"url\":\"https:\/\/www.campingepibleu.com\/fr\/\",\"logo\":{\"@type\":\"ImageObject\",\"inLanguage\":\"fr-FR\",\"@id\":\"https:\/\/www.campingepibleu.com\/fr\/#\/schema\/logo\/image\/\",\"url\":\"https:\/\/www.campingepibleu.com\/wp-content\/uploads\/2022\/08\/logo.png\",\"contentUrl\":\"https:\/\/www.campingepibleu.com\/wp-content\/uploads\/2022\/08\/logo.png\",\"width\":262,\"height\":162,\"caption\":\"Camping Epi Bleu\"},\"image\":{\"@id\":\"https:\/\/www.campingepibleu.com\/fr\/#\/schema\/logo\/image\/\"},\"sameAs\":[\"https:\/\/www.facebook.com\/CAMPING-CARAVANING-lEPI-BLEU--265609693477491\/\",\"https:\/\/www.youtube.com\/watch?v=pfc5cAK9aKI\"]}]}<\/script>\n<!-- \/ Yoast SEO plugin. -->","yoast_head_json":{"title":"Camping Roussillon - Location mobil home Roussillon en Luberon","description":"A la recherche d'un camping \u00e0 Roussillon ? Bienvenue \u00e0 l'Epi Bleu au coeur du Lub\u00e9ron, avec piscine chauff\u00e9e, location mobil home et emplacements libres.","robots":{"index":"index","follow":"follow","max-snippet":"max-snippet:-1","max-image-preview":"max-image-preview:large","max-video-preview":"max-video-preview:-1"},"canonical":"https:\/\/www.campingepibleu.com\/fr\/region-aux-portes-du-luberon-en-provence\/camping-roussillon\/","og_locale":"fr_FR","og_type":"article","og_title":"Camping Roussillon - Location mobil home Roussillon en Luberon","og_description":"A la recherche d'un camping \u00e0 Roussillon ? Bienvenue \u00e0 l'Epi Bleu au coeur du Lub\u00e9ron, avec piscine chauff\u00e9e, location mobil home et emplacements libres.","og_url":"https:\/\/www.campingepibleu.com\/fr\/region-aux-portes-du-luberon-en-provence\/camping-roussillon\/","og_site_name":"Camping Epi Bleu","article_publisher":"https:\/\/www.facebook.com\/CAMPING-CARAVANING-lEPI-BLEU--265609693477491\/","article_modified_time":"2023-06-23T12:40:28+00:00","og_image":[{"width":1905,"height":470,"url":"https:\/\/www.campingepibleu.com\/wp-content\/uploads\/2020\/01\/camping-luberon-parc-aquatique-1.jpg","type":"image\/jpeg"}],"twitter_card":"summary_large_image","twitter_misc":{"Dur\u00e9e de lecture estim\u00e9e":"5 minutes"},"schema":{"@context":"https:\/\/schema.org","@graph":[{"@type":"WebPage","@id":"https:\/\/www.campingepibleu.com\/fr\/region-aux-portes-du-luberon-en-provence\/camping-roussillon\/","url":"https:\/\/www.campingepibleu.com\/fr\/region-aux-portes-du-luberon-en-provence\/camping-roussillon\/","name":"Camping Roussillon - Location mobil home Roussillon en Luberon","isPartOf":{"@id":"https:\/\/www.campingepibleu.com\/fr\/#website"},"datePublished":"2020-06-25T13:27:06+00:00","dateModified":"2023-06-23T12:40:28+00:00","description":"A la recherche d'un camping \u00e0 Roussillon ? Bienvenue \u00e0 l'Epi Bleu au coeur du Lub\u00e9ron, avec piscine chauff\u00e9e, location mobil home et emplacements libres.","breadcrumb":{"@id":"https:\/\/www.campingepibleu.com\/fr\/region-aux-portes-du-luberon-en-provence\/camping-roussillon\/#breadcrumb"},"inLanguage":"fr-FR","potentialAction":[{"@type":"ReadAction","target":["https:\/\/www.campingepibleu.com\/fr\/region-aux-portes-du-luberon-en-provence\/camping-roussillon\/"]}]},{"@type":"BreadcrumbList","@id":"https:\/\/www.campingepibleu.com\/fr\/region-aux-portes-du-luberon-en-provence\/camping-roussillon\/#breadcrumb","itemListElement":[{"@type":"ListItem","position":1,"name":"Camping Luberon","item":"https:\/\/www.campingepibleu.com\/fr\/"},{"@type":"ListItem","position":2,"name":"Le Luberon en Provence","item":"https:\/\/www.campingepibleu.com\/fr\/region-aux-portes-du-luberon-en-provence\/"},{"@type":"ListItem","position":3,"name":"Camping proche de Roussillon"}]},{"@type":"WebSite","@id":"https:\/\/www.campingepibleu.com\/fr\/#website","url":"https:\/\/www.campingepibleu.com\/fr\/","name":"Camping Epi Bleu","description":"Camping Epi Bleu","publisher":{"@id":"https:\/\/www.campingepibleu.com\/fr\/#organization"},"potentialAction":[{"@type":"SearchAction","target":{"@type":"EntryPoint","urlTemplate":"https:\/\/www.campingepibleu.com\/fr\/?s={search_term_string}"},"query-input":"required name=search_term_string"}],"inLanguage":"fr-FR"},{"@type":"Organization","@id":"https:\/\/www.campingepibleu.com\/fr\/#organization","name":"Camping Epi Bleu","url":"https:\/\/www.campingepibleu.com\/fr\/","logo":{"@type":"ImageObject","inLanguage":"fr-FR","@id":"https:\/\/www.campingepibleu.com\/fr\/#\/schema\/logo\/image\/","url":"https:\/\/www.campingepibleu.com\/wp-content\/uploads\/2022\/08\/logo.png","contentUrl":"https:\/\/www.campingepibleu.com\/wp-content\/uploads\/2022\/08\/logo.png","width":262,"height":162,"caption":"Camping Epi Bleu"},"image":{"@id":"https:\/\/www.campingepibleu.com\/fr\/#\/schema\/logo\/image\/"},"sameAs":["https:\/\/www.facebook.com\/CAMPING-CARAVANING-lEPI-BLEU--265609693477491\/","https:\/\/www.youtube.com\/watch?v=pfc5cAK9aKI"]}]}},"_links":{"self":[{"href":"https:\/\/www.campingepibleu.com\/fr\/wp-json\/wp\/v2\/pages\/2032"}],"collection":[{"href":"https:\/\/www.campingepibleu.com\/fr\/wp-json\/wp\/v2\/pages"}],"about":[{"href":"https:\/\/www.campingepibleu.com\/fr\/wp-json\/wp\/v2\/types\/page"}],"author":[{"embeddable":true,"href":"https:\/\/www.campingepibleu.com\/fr\/wp-json\/wp\/v2\/users\/2"}],"replies":[{"embeddable":true,"href":"https:\/\/www.campingepibleu.com\/fr\/wp-json\/wp\/v2\/comments?post=2032"}],"version-history":[{"count":4,"href":"https:\/\/www.campingepibleu.com\/fr\/wp-json\/wp\/v2\/pages\/2032\/revisions"}],"predecessor-version":[{"id":2943,"href":"https:\/\/www.campingepibleu.com\/fr\/wp-json\/wp\/v2\/pages\/2032\/revisions\/2943"}],"up":[{"embeddable":true,"href":"https:\/\/www.campingepibleu.com\/fr\/wp-json\/wp\/v2\/pages\/8"}],"wp:featuredmedia":[{"embeddable":true,"href":"https:\/\/www.campingepibleu.com\/fr\/wp-json\/wp\/v2\/media\/1215"}],"wp:attachment":[{"href":"https:\/\/www.campingepibleu.com\/fr\/wp-json\/wp\/v2\/media?parent=2032"}],"curies":[{"name":"wp","href":"https:\/\/api.w.org\/{rel}","templated":true}]}}