{"id":2035,"date":"2020-06-25T13:39:57","date_gmt":"2020-06-25T13:39:57","guid":{"rendered":"https:\/\/www.campingepibleu.com\/?page_id=2035"},"modified":"2023-06-23T12:38:02","modified_gmt":"2023-06-23T12:38:02","slug":"camping-isle-sur-la-sorgue","status":"publish","type":"page","link":"https:\/\/www.campingepibleu.com\/fr\/region-aux-portes-du-luberon-en-provence\/camping-isle-sur-la-sorgue\/","title":{"rendered":"Camping Isle sur la Sorgue"},"content":{"rendered":"[vc_row][vc_column][vc_column_text]Envie de passer vos prochaines vacances en camping \u00e0 Isle sur la Sorgue ou aux alentours dans le <a href=\"\/fr\/region-aux-portes-du-luberon-en-provence\/\">Luberon<\/a> ? Choisissez votre h\u00e9bergement au <a href=\"\/fr\/\">camping Lub\u00e9ron<\/a> l&rsquo;Epi Bleu, \u00e0 seulement 65km de L&rsquo;Isle sur la Sorgue ![\/vc_column_text][\/vc_column][\/vc_row][vc_row equal_height=\u00a0\u00bbyes\u00a0\u00bb][vc_column width=\u00a0\u00bb1\/2&Prime; el_class=\u00a0\u00bbvalign\u00a0\u00bb][vc_column_text]\n<h2>Location mobil-home Isle sur la Sorgue<\/h2>\n<p>Cette ann\u00e9e, c\u2019est d\u00e9cid\u00e9 : vous voulez <strong>louer un mobil-home pas cher pr\u00e8s de L\u2019Isle-sur-la-Sorgue<\/strong> dans le Luberon. Le camping L\u2019Epi Bleu dans les Alpes-de-Haute-Provence vous propose une vaste gamme de r\u00e9sidences mobiles d\u2019une superficie de 17 \u00e0 50 m2 qui peuvent <strong>accueillir entre 2 et 6 personnes<\/strong> (1 \u00e0 3 chambres s\u00e9par\u00e9es). Nos locatifs premium \u00e0 la finition moderne et au d\u00e9cor contemporain se distinguent par leur excellent rapport qualit\u00e9 \/ prix, leur bon am\u00e9nagement, leur cuisine \u00e9quip\u00e9e, leur s\u00e9jour lumineux et leur terrasse privative avec salon de jardin. Vous sillonnez la campagne proven\u00e7ale en couple ? Optez pour une tente meubl\u00e9e, un bungalow toil\u00e9 avec ou sans sanitaires ou un mobile home compact pour <strong>r\u00e9duire davantage vos d\u00e9penses<\/strong> durant votre s\u00e9jour au sein d\u2019une location dans notre \u00e9tablissement \u00e9toil\u00e9s. Les mobil-homes de la gamme Confort et Confort+ s\u2019adressent plut\u00f4t aux familles avec deux enfants. Vous avez besoin d\u2019espace ? Tournez-vous vers notre pavillon de 50 m2 ou un chalet. Le camping L\u2019Epi Bleu*** \u00e0 proximit\u00e9 de L\u2019Isle-sur-la-Sorgue dispose \u00e9galement de <strong>cottages avec \u00e9quipements du dernier cri<\/strong> (climatisation, t\u00e9l\u00e9vision, lave-vaisselle) pour les vacanciers en qu\u00eate de luxe, et de cabanes sur pilotis qui font le bonheur des aventuriers. Vous avez trouv\u00e9 le locatif tout \u00e9quip\u00e9 qui vous convient ? Glissez vos chaussures de randonn\u00e9e et votre maillot de bain dans votre valise pour emprunter les sentiers balis\u00e9s du parc naturel r\u00e9gional du Luberon et <strong>vous baigner dans la piscine chauff\u00e9e<\/strong> du camping apr\u00e8s vos activit\u00e9s.[\/vc_column_text][\/vc_column][vc_column width=\u00a0\u00bb1\/2&Prime; el_class=\u00a0\u00bbvalign\u00a0\u00bb][vc_column_text]<img decoding=\"async\" src=\"https:\/\/www.campingepibleu.com\/wp-content\/uploads\/2020\/01\/location-mobil-home-luberon.jpg\" alt=\"location mobil home isle sur la sorgue\" \/>[\/vc_column_text][\/vc_column][\/vc_row][vc_row equal_height=\u00a0\u00bbyes\u00a0\u00bb][vc_column width=\u00a0\u00bb1\/2&Prime; el_class=\u00a0\u00bbvalign\u00a0\u00bb][vc_column_text]<img decoding=\"async\" src=\"https:\/\/www.campingepibleu.com\/wp-content\/uploads\/2015\/07\/P6280233.jpg\" alt=\"camping isle sur la sorgue avec piscine\" \/>[\/vc_column_text][\/vc_column][vc_column width=\u00a0\u00bb1\/2&Prime; el_class=\u00a0\u00bbvalign\u00a0\u00bb][vc_column_text]\n<h2>Camping Isle sur la Sorgue avec piscine chauff\u00e9e<\/h2>\n<p>Vous \u00eates de nature exigeante et vous voyez les choses en grand. Pour cette raison, vous souhaitez s\u00e9journer dans un <strong>camping avec piscine chauff\u00e9e pr\u00e8s de L\u2019Isle-sur-la-Sorgue<\/strong> dans le Luberon. Vos enfants r\u00eavent de parc aquatique ? Bienvenue dans l\u2019espace aquatique chauff\u00e9 du camping L\u2019Epi Bleu. Au programme : un grand bassin ext\u00e9rieur \u00e0 vocation sportive ou ludique pour <strong>des longueurs de natation, des concours de plongeons, des s\u00e9ances d\u2019aquagym<\/strong>, des matches de water-polo ou un bain d\u00e9contractant apr\u00e8s une randonn\u00e9e dans le parc naturel ou l\u2019ascension du mont Ventoux et d\u00e9couvrir toutes les richesses de la r\u00e9gion Provence-Alpes-C\u00f4te d&rsquo;Azur. Vos enfants veulent jouer aux aventuriers ? Laissez-les <strong>s\u2019\u00e9lancer dans les toboggans aquatiques et rire aux \u00e9clats<\/strong> en glissant sur l\u2019eau. Nos deux pistes pentaglisse s\u00e9curis\u00e9es leur permettront de faire la course et de se d\u00e9penser sans compter dans le <strong>formidable cadre que vous offre notre camping<\/strong>. Notre parc aquatique \u00e9tant con\u00e7u pour toute la famille, les tout-petits eux aussi trouveront leur bonheur dans la <strong>pataugeoire chauff\u00e9e agr\u00e9ment\u00e9e de jeux<\/strong>, d\u2019un petit pont et de structures gonflables. Apr\u00e8s la baignade, d\u00e9posez votre serviette sur <strong>un transat pour bronzer et vous ressourcer \u00e0 l\u2019ombre<\/strong> d\u2019un parasol ou sous le soleil proven\u00e7al. Un camping avec piscine chauff\u00e9e proche de L\u2019Isle-sur-la-Sorgue est une grande valeur ajout\u00e9e lorsqu\u2019on envisage des vacances en famille en Provence, surtout pendant les beaux jours. Vous pourrez vous rafra\u00eechir par tous les temps, du matin au soir, dans <strong>un cadre verdoyant \u00e9gay\u00e9 par des palmiers et des murets en pierre<\/strong>, le charme de la r\u00e9gion Provence-Alpes-C\u00f4te d&rsquo;Azur.[\/vc_column_text][\/vc_column][\/vc_row][vc_row equal_height=\u00a0\u00bbyes\u00a0\u00bb][vc_column width=\u00a0\u00bb1\/2&Prime; el_class=\u00a0\u00bbvalign\u00a0\u00bb][vc_column_text]\n<h2>Tourisme \u00e0 Isle sur la Sorgue<\/h2>\n<p><span style=\"font-weight: 400;\">Situ\u00e9e entre la cit\u00e9 des Papes Avignon et Gordes, <strong>un des plus beaux villages de France<\/strong>, L\u2019Isle-sur-la-Sorgue est une commune du Vaucluse d\u2019\u00e0 peine <strong>20 000 habitants<\/strong> arros\u00e9e par la Sorgue, une rivi\u00e8re qui prend sa source quelques kilom\u00e8tres plus haut \u00e0 Fontaine-de-Vaucluse. La ville renferme <strong>un tr\u00e8s beau patrimoine architectural<\/strong> appartenant \u00e0 diff\u00e9rentes \u00e9poques : un donjon m\u00e9di\u00e9val (tour Boutin), une des plus belles \u00e9glises baroques de PACA (coll\u00e9giale Notre-Dame-des-Anges), chapelle Saint-And\u00e9ol de Velorgues, un ch\u00e2teau qui a \u00e9t\u00e9 le lieu de r\u00e9sidence de la famille du marquis de Sade (ch\u00e2teau de Saumane), un moulin \u00e0 eau (moulin de Mousquety), une quinzaine de roues \u00e0 aubes\u2026 <strong>Vous avez soif de culture ?<\/strong> Vous pourrez visiter plusieurs mus\u00e9es int\u00e9ressants (mus\u00e9e de la poup\u00e9e et du jouet ancien, centre d\u2019art Campredon, mus\u00e9e de l\u2019\u00e9cole d\u2019autrefois) pendant vos <strong>vacances en camping pr\u00e8s de L\u2019Isle-sur-la-Sorgue<\/strong>. Cr\u00e9\u00e9e en 2011, la Fondation Villa Datris est une fen\u00eatre ouverte sur la sculpture contemporaine, un espace qui vise \u00e0 promouvoir la diffusion de la culture et l\u2019\u00e9change entre les artistes. Vous avez r\u00e9serv\u00e9 votre locatif au camping 4 \u00e9toiles \u00e0 proximit\u00e9 de L\u2019Isle-sur-la-Sorgue L\u2019Epi Bleu en \u00e9t\u00e9 ? Vous pourrez <strong>assister \u00e0 une ou plusieurs manifestations organis\u00e9es dans la commune<\/strong> en juillet ao\u00fbt comme le march\u00e9 flottant (1er dimanche d\u2019ao\u00fbt), le corso nautique (juillet) et la foire internationale de la brocante et des antiquit\u00e9s (15 ao\u00fbt).<\/span>[\/vc_column_text][\/vc_column][vc_column width=\u00a0\u00bb1\/2&Prime; el_class=\u00a0\u00bbvalign\u00a0\u00bb][vc_column_text]<img decoding=\"async\" src=\"https:\/\/www.campingepibleu.com\/wp-content\/uploads\/2020\/06\/camping-isle-sur-la-sorgue.jpg\" alt=\"camping isle sur la sorgue\" \/>[\/vc_column_text][\/vc_column][\/vc_row]\n","protected":false},"excerpt":{"rendered":"","protected":false},"author":2,"featured_media":1215,"parent":8,"menu_order":0,"comment_status":"closed","ping_status":"closed","template":"","meta":[],"acf":[],"yoast_head":"<!-- This site is optimized with the Yoast SEO plugin v20.1 - https:\/\/yoast.com\/wordpress\/plugins\/seo\/ -->\n<title>Camping Isle sur la Sorgue - Camping Epi Bleu<\/title>\n<meta name=\"description\" content=\"D\u00e9couvrez le camping Isle sur la Sorgue pour des vacances inoubliables en Provence. Nich\u00e9 au c\u0153ur d&#039;un environnement naturel pr\u00e9serv\u00e9, notre camping vous offre calme et d\u00e9tente.\" \/>\n<meta name=\"robots\" content=\"index, follow, max-snippet:-1, max-image-preview:large, max-video-preview:-1\" \/>\n<link rel=\"canonical\" href=\"https:\/\/www.campingepibleu.com\/fr\/region-aux-portes-du-luberon-en-provence\/camping-isle-sur-la-sorgue\/\" \/>\n<meta property=\"og:locale\" content=\"fr_FR\" \/>\n<meta property=\"og:type\" content=\"article\" \/>\n<meta property=\"og:title\" content=\"Camping Isle sur la Sorgue - Camping Epi Bleu\" \/>\n<meta property=\"og:description\" content=\"D\u00e9couvrez le camping Isle sur la Sorgue pour des vacances inoubliables en Provence. Nich\u00e9 au c\u0153ur d&#039;un environnement naturel pr\u00e9serv\u00e9, notre camping vous offre calme et d\u00e9tente.\" \/>\n<meta property=\"og:url\" content=\"https:\/\/www.campingepibleu.com\/fr\/region-aux-portes-du-luberon-en-provence\/camping-isle-sur-la-sorgue\/\" \/>\n<meta property=\"og:site_name\" content=\"Camping Epi Bleu\" \/>\n<meta property=\"article:publisher\" content=\"https:\/\/www.facebook.com\/CAMPING-CARAVANING-lEPI-BLEU--265609693477491\/\" \/>\n<meta property=\"article:modified_time\" content=\"2023-06-23T12:38:02+00:00\" \/>\n<meta property=\"og:image\" content=\"https:\/\/www.campingepibleu.com\/wp-content\/uploads\/2020\/01\/camping-luberon-parc-aquatique-1.jpg\" \/>\n\t<meta property=\"og:image:width\" content=\"1905\" \/>\n\t<meta property=\"og:image:height\" content=\"470\" \/>\n\t<meta property=\"og:image:type\" content=\"image\/jpeg\" \/>\n<meta name=\"twitter:card\" content=\"summary_large_image\" \/>\n<meta name=\"twitter:label1\" content=\"Dur\u00e9e de lecture estim\u00e9e\" \/>\n\t<meta name=\"twitter:data1\" content=\"5 minutes\" \/>\n<script type=\"application\/ld+json\" class=\"yoast-schema-graph\">{\"@context\":\"https:\/\/schema.org\",\"@graph\":[{\"@type\":\"WebPage\",\"@id\":\"https:\/\/www.campingepibleu.com\/fr\/region-aux-portes-du-luberon-en-provence\/camping-isle-sur-la-sorgue\/\",\"url\":\"https:\/\/www.campingepibleu.com\/fr\/region-aux-portes-du-luberon-en-provence\/camping-isle-sur-la-sorgue\/\",\"name\":\"Camping Isle sur la Sorgue - Camping Epi Bleu\",\"isPartOf\":{\"@id\":\"https:\/\/www.campingepibleu.com\/fr\/#website\"},\"datePublished\":\"2020-06-25T13:39:57+00:00\",\"dateModified\":\"2023-06-23T12:38:02+00:00\",\"description\":\"D\u00e9couvrez le camping Isle sur la Sorgue pour des vacances inoubliables en Provence. Nich\u00e9 au c\u0153ur d'un environnement naturel pr\u00e9serv\u00e9, notre camping vous offre calme et d\u00e9tente.\",\"breadcrumb\":{\"@id\":\"https:\/\/www.campingepibleu.com\/fr\/region-aux-portes-du-luberon-en-provence\/camping-isle-sur-la-sorgue\/#breadcrumb\"},\"inLanguage\":\"fr-FR\",\"potentialAction\":[{\"@type\":\"ReadAction\",\"target\":[\"https:\/\/www.campingepibleu.com\/fr\/region-aux-portes-du-luberon-en-provence\/camping-isle-sur-la-sorgue\/\"]}]},{\"@type\":\"BreadcrumbList\",\"@id\":\"https:\/\/www.campingepibleu.com\/fr\/region-aux-portes-du-luberon-en-provence\/camping-isle-sur-la-sorgue\/#breadcrumb\",\"itemListElement\":[{\"@type\":\"ListItem\",\"position\":1,\"name\":\"Camping Luberon\",\"item\":\"https:\/\/www.campingepibleu.com\/fr\/\"},{\"@type\":\"ListItem\",\"position\":2,\"name\":\"Le Luberon en Provence\",\"item\":\"https:\/\/www.campingepibleu.com\/fr\/region-aux-portes-du-luberon-en-provence\/\"},{\"@type\":\"ListItem\",\"position\":3,\"name\":\"Camping Isle la Sorgue\"}]},{\"@type\":\"WebSite\",\"@id\":\"https:\/\/www.campingepibleu.com\/fr\/#website\",\"url\":\"https:\/\/www.campingepibleu.com\/fr\/\",\"name\":\"Camping Epi Bleu\",\"description\":\"Camping Epi Bleu\",\"publisher\":{\"@id\":\"https:\/\/www.campingepibleu.com\/fr\/#organization\"},\"potentialAction\":[{\"@type\":\"SearchAction\",\"target\":{\"@type\":\"EntryPoint\",\"urlTemplate\":\"https:\/\/www.campingepibleu.com\/fr\/?s={search_term_string}\"},\"query-input\":\"required name=search_term_string\"}],\"inLanguage\":\"fr-FR\"},{\"@type\":\"Organization\",\"@id\":\"https:\/\/www.campingepibleu.com\/fr\/#organization\",\"name\":\"Camping Epi Bleu\",\"url\":\"https:\/\/www.campingepibleu.com\/fr\/\",\"logo\":{\"@type\":\"ImageObject\",\"inLanguage\":\"fr-FR\",\"@id\":\"https:\/\/www.campingepibleu.com\/fr\/#\/schema\/logo\/image\/\",\"url\":\"https:\/\/www.campingepibleu.com\/wp-content\/uploads\/2022\/08\/logo.png\",\"contentUrl\":\"https:\/\/www.campingepibleu.com\/wp-content\/uploads\/2022\/08\/logo.png\",\"width\":262,\"height\":162,\"caption\":\"Camping Epi Bleu\"},\"image\":{\"@id\":\"https:\/\/www.campingepibleu.com\/fr\/#\/schema\/logo\/image\/\"},\"sameAs\":[\"https:\/\/www.facebook.com\/CAMPING-CARAVANING-lEPI-BLEU--265609693477491\/\",\"https:\/\/www.youtube.com\/watch?v=pfc5cAK9aKI\"]}]}<\/script>\n<!-- \/ Yoast SEO plugin. -->","yoast_head_json":{"title":"Camping Isle sur la Sorgue - Camping Epi Bleu","description":"D\u00e9couvrez le camping Isle sur la Sorgue pour des vacances inoubliables en Provence. Nich\u00e9 au c\u0153ur d'un environnement naturel pr\u00e9serv\u00e9, notre camping vous offre calme et d\u00e9tente.","robots":{"index":"index","follow":"follow","max-snippet":"max-snippet:-1","max-image-preview":"max-image-preview:large","max-video-preview":"max-video-preview:-1"},"canonical":"https:\/\/www.campingepibleu.com\/fr\/region-aux-portes-du-luberon-en-provence\/camping-isle-sur-la-sorgue\/","og_locale":"fr_FR","og_type":"article","og_title":"Camping Isle sur la Sorgue - Camping Epi Bleu","og_description":"D\u00e9couvrez le camping Isle sur la Sorgue pour des vacances inoubliables en Provence. Nich\u00e9 au c\u0153ur d'un environnement naturel pr\u00e9serv\u00e9, notre camping vous offre calme et d\u00e9tente.","og_url":"https:\/\/www.campingepibleu.com\/fr\/region-aux-portes-du-luberon-en-provence\/camping-isle-sur-la-sorgue\/","og_site_name":"Camping Epi Bleu","article_publisher":"https:\/\/www.facebook.com\/CAMPING-CARAVANING-lEPI-BLEU--265609693477491\/","article_modified_time":"2023-06-23T12:38:02+00:00","og_image":[{"width":1905,"height":470,"url":"https:\/\/www.campingepibleu.com\/wp-content\/uploads\/2020\/01\/camping-luberon-parc-aquatique-1.jpg","type":"image\/jpeg"}],"twitter_card":"summary_large_image","twitter_misc":{"Dur\u00e9e de lecture estim\u00e9e":"5 minutes"},"schema":{"@context":"https:\/\/schema.org","@graph":[{"@type":"WebPage","@id":"https:\/\/www.campingepibleu.com\/fr\/region-aux-portes-du-luberon-en-provence\/camping-isle-sur-la-sorgue\/","url":"https:\/\/www.campingepibleu.com\/fr\/region-aux-portes-du-luberon-en-provence\/camping-isle-sur-la-sorgue\/","name":"Camping Isle sur la Sorgue - Camping Epi Bleu","isPartOf":{"@id":"https:\/\/www.campingepibleu.com\/fr\/#website"},"datePublished":"2020-06-25T13:39:57+00:00","dateModified":"2023-06-23T12:38:02+00:00","description":"D\u00e9couvrez le camping Isle sur la Sorgue pour des vacances inoubliables en Provence. Nich\u00e9 au c\u0153ur d'un environnement naturel pr\u00e9serv\u00e9, notre camping vous offre calme et d\u00e9tente.","breadcrumb":{"@id":"https:\/\/www.campingepibleu.com\/fr\/region-aux-portes-du-luberon-en-provence\/camping-isle-sur-la-sorgue\/#breadcrumb"},"inLanguage":"fr-FR","potentialAction":[{"@type":"ReadAction","target":["https:\/\/www.campingepibleu.com\/fr\/region-aux-portes-du-luberon-en-provence\/camping-isle-sur-la-sorgue\/"]}]},{"@type":"BreadcrumbList","@id":"https:\/\/www.campingepibleu.com\/fr\/region-aux-portes-du-luberon-en-provence\/camping-isle-sur-la-sorgue\/#breadcrumb","itemListElement":[{"@type":"ListItem","position":1,"name":"Camping Luberon","item":"https:\/\/www.campingepibleu.com\/fr\/"},{"@type":"ListItem","position":2,"name":"Le Luberon en Provence","item":"https:\/\/www.campingepibleu.com\/fr\/region-aux-portes-du-luberon-en-provence\/"},{"@type":"ListItem","position":3,"name":"Camping Isle la Sorgue"}]},{"@type":"WebSite","@id":"https:\/\/www.campingepibleu.com\/fr\/#website","url":"https:\/\/www.campingepibleu.com\/fr\/","name":"Camping Epi Bleu","description":"Camping Epi Bleu","publisher":{"@id":"https:\/\/www.campingepibleu.com\/fr\/#organization"},"potentialAction":[{"@type":"SearchAction","target":{"@type":"EntryPoint","urlTemplate":"https:\/\/www.campingepibleu.com\/fr\/?s={search_term_string}"},"query-input":"required name=search_term_string"}],"inLanguage":"fr-FR"},{"@type":"Organization","@id":"https:\/\/www.campingepibleu.com\/fr\/#organization","name":"Camping Epi Bleu","url":"https:\/\/www.campingepibleu.com\/fr\/","logo":{"@type":"ImageObject","inLanguage":"fr-FR","@id":"https:\/\/www.campingepibleu.com\/fr\/#\/schema\/logo\/image\/","url":"https:\/\/www.campingepibleu.com\/wp-content\/uploads\/2022\/08\/logo.png","contentUrl":"https:\/\/www.campingepibleu.com\/wp-content\/uploads\/2022\/08\/logo.png","width":262,"height":162,"caption":"Camping Epi Bleu"},"image":{"@id":"https:\/\/www.campingepibleu.com\/fr\/#\/schema\/logo\/image\/"},"sameAs":["https:\/\/www.facebook.com\/CAMPING-CARAVANING-lEPI-BLEU--265609693477491\/","https:\/\/www.youtube.com\/watch?v=pfc5cAK9aKI"]}]}},"_links":{"self":[{"href":"https:\/\/www.campingepibleu.com\/fr\/wp-json\/wp\/v2\/pages\/2035"}],"collection":[{"href":"https:\/\/www.campingepibleu.com\/fr\/wp-json\/wp\/v2\/pages"}],"about":[{"href":"https:\/\/www.campingepibleu.com\/fr\/wp-json\/wp\/v2\/types\/page"}],"author":[{"embeddable":true,"href":"https:\/\/www.campingepibleu.com\/fr\/wp-json\/wp\/v2\/users\/2"}],"replies":[{"embeddable":true,"href":"https:\/\/www.campingepibleu.com\/fr\/wp-json\/wp\/v2\/comments?post=2035"}],"version-history":[{"count":2,"href":"https:\/\/www.campingepibleu.com\/fr\/wp-json\/wp\/v2\/pages\/2035\/revisions"}],"predecessor-version":[{"id":2944,"href":"https:\/\/www.campingepibleu.com\/fr\/wp-json\/wp\/v2\/pages\/2035\/revisions\/2944"}],"up":[{"embeddable":true,"href":"https:\/\/www.campingepibleu.com\/fr\/wp-json\/wp\/v2\/pages\/8"}],"wp:featuredmedia":[{"embeddable":true,"href":"https:\/\/www.campingepibleu.com\/fr\/wp-json\/wp\/v2\/media\/1215"}],"wp:attachment":[{"href":"https:\/\/www.campingepibleu.com\/fr\/wp-json\/wp\/v2\/media?parent=2035"}],"curies":[{"name":"wp","href":"https:\/\/api.w.org\/{rel}","templated":true}]}}