{"id":3165,"date":"2024-11-27T12:58:49","date_gmt":"2024-11-27T12:58:49","guid":{"rendered":"https:\/\/www.campingepibleu.com\/?page_id=3165"},"modified":"2025-11-12T07:39:29","modified_gmt":"2025-11-12T07:39:29","slug":"camping-vacaf","status":"publish","type":"page","link":"https:\/\/www.campingepibleu.com\/fr\/camping-luberon-pas-cher\/camping-vacaf\/","title":{"rendered":"Camping agr\u00e9\u00e9 VACAF dans le Lub\u00e9ron"},"content":{"rendered":"[vc_row][vc_column][vc_column_text]Notre <a href=\"\/fr\/\">camping dans le Luberon<\/a><strong> L&rsquo;\u00c9pi Bleu<\/strong>, situ\u00e9 dans un cadre exceptionnel en Provence, \u00e0 Banon, \u00e0 proximit\u00e9 du Parc naturel r\u00e9gional du Lub\u00e9ron et du Colorado proven\u00e7al de Rustrel, vous propose un <a href=\"\/fr\/camping-luberon-pas-cher\/\">s\u00e9jour de r\u00eave \u00e0 petits prix dans le Lub\u00e9ron<\/a>.<\/p>\n<p>Notre <strong>camping L\u2019Epi Bleu agr\u00e9\u00e9 VACAF dans le Lub\u00e9ron<\/strong> propose des h\u00e9bergements confortables (<a href=\"\/fr\/locations-camping-sud-de-france\/\">location de mobil-homes dans le Lub\u00e9ron<\/a>, chalets, tentes meubl\u00e9es) ainsi qu&rsquo;un <strong>parc aquatique<\/strong> avec toboggans. Notre <strong>camping agr\u00e9\u00e9 VACAF dans le Lub\u00e9ron<\/strong> permet aux familles de b\u00e9n\u00e9ficier de s\u00e9jours \u00e0 prix r\u00e9duit, facilitant ainsi l&rsquo;acc\u00e8s aux vacances dans une r\u00e9gion riche en d\u00e9couvertes culturelles et naturelles.[\/vc_column_text][vc_raw_html el_class=\u00a0\u00bbheberg-resa\u00a0\u00bb]JTNDZGl2JTIwY2xhc3MlM0QlMjJmcmFtZS1jdG91dHZlcnQlMjIlM0UlMEElM0NzY3JpcHQlM0UlMEElMjAlMjAlMjAlMjB3aW5kb3cuY3RvdXR2ZXJ0JTIwJTNEJTIwJTdCJTBBJTIwJTIwJTIwJTIwJTIwJTIwJTIwJTIwaWQlM0ElMjAyMzU3JTJDJTBBJTIwJTIwJTIwJTIwJTIwJTIwJTIwJTIwbGFuZyUzQSUyMCUyN2F1dG8lMjclMkMlMEElMjAlMjAlMjAlMjAlMjAlMjAlMjAlMjB1cmwlM0ElMjAlMjdodHRwcyUzQSUyRiUyRmJvb2tpbmdwcmVtaXVtLnNlY3VyZWhvbGlkYXkubmV0JTJGd2lkZ2V0cyUyRiUyNyUyQyUyMCUwQSUyMCUyMCUyMCUyMCU3RCUzQiUwQSUyMCUyMCUyMCUyMCUyOGZ1bmN0aW9uJTIwJTI4dyUyQyUyMGQlMkMlMjBzJTJDJTIwY3R2JTJDJTIwciUyQyUyMGpzJTJDJTIwZmpzJTI5JTIwJTdCJTBBJTIwJTIwJTIwJTIwJTIwJTIwJTIwJTIwciUzRG5ldyUyMFhNTEh0dHBSZXF1ZXN0JTI4JTI5JTNCci5vcGVuJTI4JTI3R0VUJTI3JTJDdyU1QmN0diU1RC51cmwlMkIlMjdqcyUyRnNyYy5qc29uJTI3JTI5JTNCJTBBJTIwJTIwJTIwJTIwJTIwJTIwJTIwJTIwci5yZXNwb25zZVR5cGUlM0QlMjdqc29uJTI3JTNCci5qc29uJTNEdHJ1ZSUzQnIuc2VuZCUyOCUyOSUzQiUwQSUyMCUyMCUyMCUyMCUyMCUyMCUyMCUyMHIub25sb2FkJTNEZnVuY3Rpb24lMjglMjklN0J3JTVCY3R2JTVELnNyYyUzRHIucmVzcG9uc2VUeXBlJTNEJTNEJTI3anNvbiUyNyUzRnIucmVzcG9uc2UlM0FKU09OLnBhcnNlJTI4ci5yZXNwb25zZSUyOSUzQiUwQSUyMCUyMCUyMCUyMCUyMCUyMCUyMCUyMGpzLnNyYyUzRHclNUJjdHYlNUQuc3JjJTVCMCU1RCUzQmZqcy5wYXJlbnROb2RlLmluc2VydEJlZm9yZSUyOGpzJTJDJTIwZmpzJTI5JTNCJTdEJTBBJTIwJTIwJTIwJTIwJTIwJTIwJTIwJTIwanMlM0RkLmNyZWF0ZUVsZW1lbnQlMjhzJTI5JTJDZmpzJTNEZC5nZXRFbGVtZW50c0J5VGFnTmFtZSUyOHMlMjklNUIwJTVEJTNCJTBBJTIwJTIwJTIwJTIwJTIwJTIwJTIwJTIwanMuaWQlM0QlMjdjdHZ3aWRnZXQlMjclM0Jqcy5hc3luYyUzRDElM0IlMEElMjAlMjAlMjAlMjAlN0QlMjh3aW5kb3clMkMlMjBkb2N1bWVudCUyQyUyMCUyN3NjcmlwdCUyNyUyQyUyMCUyN2N0b3V0dmVydCUyNyUyOSUyOSUzQiUwQSUzQyUyRnNjcmlwdCUzRSUwQSUzQ2N0di1hdmFpbGFiaWxpdHklMjAlM0UlM0MlMkZjdHYtYXZhaWxhYmlsaXR5JTNFJTBBJTNDJTJGZGl2JTNF[\/vc_raw_html][\/vc_column][\/vc_row][vc_row equal_height=\u00a0\u00bbyes\u00a0\u00bb][vc_column width=\u00a0\u00bb1\/2&Prime; el_class=\u00a0\u00bbvalign\u00a0\u00bb][vc_column_text]\n<h2>Comment utiliser vos bons VACAF ?<\/h2>\n<p>Vous avez choisi notre <strong>camping agr\u00e9\u00e9 VACAF pour vos vacances dans la Lub\u00e9ron<\/strong> ? Voici comment utiliser les bons VACAF :<\/p>\n<ol>\n<li>V\u00e9rifiez votre \u00e9ligibilit\u00e9 aux <strong>aides VACAF<\/strong> via votre CAF ;<\/li>\n<li><strong>Contactez-nous<\/strong> directement pour valider la r\u00e9servation avec les bons VACAF ;<\/li>\n<li><strong>Acceptez le devis<\/strong> que nous renvoyons \u00e0 la CAF pour faire valoir vos droits ;<\/li>\n<li><strong>Payez la quote-part<\/strong> en fonction du tarif ;<\/li>\n<li><strong>Profitez de vos vacances<\/strong> dans notre <strong>camping agr\u00e9\u00e9 VACAF<\/strong> au c\u0153ur du Lub\u00e9ron.<\/li>\n<\/ol>\n<p>N\u2019attendez plus et contactez-nous pour profiter de vacances \u00e0 petit prix au c\u0153ur du Lub\u00e9ron, dans notre <strong>camping agr\u00e9\u00e9 VACAF.<\/strong>[\/vc_column_text][\/vc_column][vc_column width=\u00a0\u00bb1\/2&Prime; el_class=\u00a0\u00bbvalign\u00a0\u00bb][vc_column_text]<img decoding=\"async\" src=\"https:\/\/www.campingepibleu.com\/wp-content\/uploads\/2020\/01\/location-mobil-home-luberon.jpg\" alt=\"location camping vacaf lub\u00e9ron\" \/>[\/vc_column_text][\/vc_column][\/vc_row][vc_row equal_height=\u00a0\u00bbyes\u00a0\u00bb][vc_column width=\u00a0\u00bb1\/2&Prime; el_class=\u00a0\u00bbvalign\u00a0\u00bb][vc_column_text]<img decoding=\"async\" src=\"https:\/\/www.campingepibleu.com\/wp-content\/uploads\/2020\/01\/emplacement-camping-luberon.jpg\" alt=\"emplacement camping vacaf luberon\" \/>[\/vc_column_text][\/vc_column][vc_column width=\u00a0\u00bb1\/2&Prime; el_class=\u00a0\u00bbvalign\u00a0\u00bb][vc_column_text]\n<h2>B\u00e9n\u00e9ficiez d&rsquo;un s\u00e9jour en camping \u00e0 prix r\u00e9duit<\/h2>\n<p>Notre <strong>camping agr\u00e9\u00e9 VACAF<\/strong> sait l\u2019importance de pouvoir profiter de vacances en famille, quelle que soit votre situation.<strong> Les bons VACAF<\/strong> permettent de r\u00e9duire consid\u00e9rablement le co\u00fbt de vos vacances. Ils sont directement <strong>d\u00e9duits du montant de votre s\u00e9jour<\/strong>, ce qui peut repr\u00e9senter une \u00e9conomie importante, en particulier pour les familles.<\/p>\n<p>Gr\u00e2ce \u00e0 cette aide, notre <strong>camping agr\u00e9e VACAF<\/strong> L&rsquo;\u00c9pi Bleu devient une destination plus accessible tout en offrant un cadre confortable et convivial. Profitez ainsi de nos \u00e9quipements modernes, le <a href=\"\/fr\/camping-luberon-parc-aquatique\/\">camping avec son parc aquatique dans le Luberon<\/a> et des nombreuses activit\u00e9s \u00e0 proximit\u00e9, sans vous compromettre financi\u00e8rement.<\/p>\n<p>R\u00e9servez d\u00e8s maintenant votre location dans notre <strong>camping agr\u00e9\u00e9 VACAF<\/strong> et partez \u00e0 la d\u00e9couverte du Lub\u00e9ron.<\/p>\n[\/vc_column_text][\/vc_column][\/vc_row][vc_row equal_height=\u00a0\u00bbyes\u00a0\u00bb][vc_column width=\u00a0\u00bb1\/2&Prime; el_class=\u00a0\u00bbvalign\u00a0\u00bb][vc_column_text]\n<h2>Utilisez vos bons VACAF dans notre camping<\/h2>\n<p>L&rsquo;\u00c9pi Bleu simplifie <strong>l&rsquo;utilisation des bons VACAF<\/strong> afin de rendre vos vacances accessibles. Une fois votre r\u00e9servation confirm\u00e9e, le <strong>camping s&rsquo;occupe directement des d\u00e9marches<\/strong> administratives avec la CAF, vous assurant ainsi une prise en charge rapide et s\u00e9curis\u00e9e de l&rsquo;aide. En s\u00e9journant \u00e0 L&rsquo;\u00c9pi Bleu, <a href=\"https:\/\/www.campingepibleu.com\/fr\/camping-luberon-pas-cher\/camping-ancv\/\">camping ANCV<\/a>, vous alliez <strong>\u00e9conomie et plaisir<\/strong>, tout en d\u00e9couvrant la beaut\u00e9 du Lub\u00e9ron. Que vous pr\u00e9f\u00e9riez un mobil-home confortable ou un <a href=\"\/fr\/emplacement-tente-camping-car-luberon\/\">emplacement de camping traditionnel dans le Luberon<\/a>, <strong>l&rsquo;offre VACAF<\/strong> permet de profiter pleinement de vos vacances sans nuire \u00e0 votre budget.<\/p>\n<p>Et s\u2019il \u00e9tait temps de partir en vacances ? C\u2019est possible gr\u00e2ce \u00e0 notre <strong>camping agr\u00e9\u00e9 VACAF dans le Lub\u00e9ron<\/strong>. Notre mission ? vous offrir des <strong>vacances \u00e0 petits prix<\/strong> ![\/vc_column_text][\/vc_column][vc_column width=\u00a0\u00bb1\/2&Prime; el_class=\u00a0\u00bbvalign\u00a0\u00bb][vc_column_text]<img decoding=\"async\" class=\"alignnone wp-image-880 size-full\" src=\"https:\/\/www.campingepibleu.com\/wp-content\/uploads\/2018\/11\/home-flower.jpg\" alt=\"location camping vacaf lub\u00e9ron\" width=\"960\" height=\"720\" srcset=\"https:\/\/www.campingepibleu.com\/wp-content\/uploads\/2018\/11\/home-flower.jpg 960w, https:\/\/www.campingepibleu.com\/wp-content\/uploads\/2018\/11\/home-flower-300x225.jpg 300w, https:\/\/www.campingepibleu.com\/wp-content\/uploads\/2018\/11\/home-flower-768x576.jpg 768w\" sizes=\"(max-width: 960px) 100vw, 960px\" \/>[\/vc_column_text][\/vc_column][\/vc_row]\n","protected":false},"excerpt":{"rendered":"","protected":false},"author":8,"featured_media":3167,"parent":1234,"menu_order":0,"comment_status":"closed","ping_status":"closed","template":"","meta":[],"acf":[],"yoast_head":"<!-- This site is optimized with the Yoast SEO plugin v20.1 - https:\/\/yoast.com\/wordpress\/plugins\/seo\/ -->\n<title>Camping VACAF Luberon : Campings agr\u00e9\u00e9s par la CAF<\/title>\n<meta name=\"description\" content=\"Partez en vacances dans le Luberon avec le camping L&#039;\u00c9pi Bleu, agr\u00e9\u00e9 VACAF. Profitez d&#039;un s\u00e9jour nature \u00e0 petit prix avec des activit\u00e9s pour toute la famille dans un cadre exceptionnel !\" \/>\n<meta name=\"robots\" content=\"index, follow, max-snippet:-1, max-image-preview:large, max-video-preview:-1\" \/>\n<link rel=\"canonical\" href=\"https:\/\/www.campingepibleu.com\/fr\/camping-luberon-pas-cher\/camping-vacaf\/\" \/>\n<meta property=\"og:locale\" content=\"fr_FR\" \/>\n<meta property=\"og:type\" content=\"article\" \/>\n<meta property=\"og:title\" content=\"Camping VACAF Luberon : Campings agr\u00e9\u00e9s par la CAF\" \/>\n<meta property=\"og:description\" content=\"Partez en vacances dans le Luberon avec le camping L&#039;\u00c9pi Bleu, agr\u00e9\u00e9 VACAF. Profitez d&#039;un s\u00e9jour nature \u00e0 petit prix avec des activit\u00e9s pour toute la famille dans un cadre exceptionnel !\" \/>\n<meta property=\"og:url\" content=\"https:\/\/www.campingepibleu.com\/fr\/camping-luberon-pas-cher\/camping-vacaf\/\" \/>\n<meta property=\"og:site_name\" content=\"Camping Epi Bleu\" \/>\n<meta property=\"article:publisher\" content=\"https:\/\/www.facebook.com\/CAMPING-CARAVANING-lEPI-BLEU--265609693477491\/\" \/>\n<meta property=\"article:modified_time\" content=\"2025-11-12T07:39:29+00:00\" \/>\n<meta property=\"og:image\" content=\"https:\/\/www.campingepibleu.com\/wp-content\/uploads\/2024\/11\/camping-vacaf-luberon.jpg\" \/>\n\t<meta property=\"og:image:width\" content=\"1905\" \/>\n\t<meta property=\"og:image:height\" content=\"469\" \/>\n\t<meta property=\"og:image:type\" content=\"image\/jpeg\" \/>\n<meta name=\"twitter:card\" content=\"summary_large_image\" \/>\n<meta name=\"twitter:label1\" content=\"Dur\u00e9e de lecture estim\u00e9e\" \/>\n\t<meta name=\"twitter:data1\" content=\"3 minutes\" \/>\n<script type=\"application\/ld+json\" class=\"yoast-schema-graph\">{\"@context\":\"https:\/\/schema.org\",\"@graph\":[{\"@type\":\"WebPage\",\"@id\":\"https:\/\/www.campingepibleu.com\/fr\/camping-luberon-pas-cher\/camping-vacaf\/\",\"url\":\"https:\/\/www.campingepibleu.com\/fr\/camping-luberon-pas-cher\/camping-vacaf\/\",\"name\":\"Camping VACAF Luberon : Campings agr\u00e9\u00e9s par la CAF\",\"isPartOf\":{\"@id\":\"https:\/\/www.campingepibleu.com\/fr\/#website\"},\"datePublished\":\"2024-11-27T12:58:49+00:00\",\"dateModified\":\"2025-11-12T07:39:29+00:00\",\"description\":\"Partez en vacances dans le Luberon avec le camping L'\u00c9pi Bleu, agr\u00e9\u00e9 VACAF. Profitez d'un s\u00e9jour nature \u00e0 petit prix avec des activit\u00e9s pour toute la famille dans un cadre exceptionnel !\",\"breadcrumb\":{\"@id\":\"https:\/\/www.campingepibleu.com\/fr\/camping-luberon-pas-cher\/camping-vacaf\/#breadcrumb\"},\"inLanguage\":\"fr-FR\",\"potentialAction\":[{\"@type\":\"ReadAction\",\"target\":[\"https:\/\/www.campingepibleu.com\/fr\/camping-luberon-pas-cher\/camping-vacaf\/\"]}]},{\"@type\":\"BreadcrumbList\",\"@id\":\"https:\/\/www.campingepibleu.com\/fr\/camping-luberon-pas-cher\/camping-vacaf\/#breadcrumb\",\"itemListElement\":[{\"@type\":\"ListItem\",\"position\":1,\"name\":\"Camping Luberon\",\"item\":\"https:\/\/www.campingepibleu.com\/fr\/\"},{\"@type\":\"ListItem\",\"position\":2,\"name\":\"Camping pas cher Luberon\",\"item\":\"https:\/\/www.campingepibleu.com\/fr\/camping-luberon-pas-cher\/\"},{\"@type\":\"ListItem\",\"position\":3,\"name\":\"Camping VACAF Lub\u00e9ron\"}]},{\"@type\":\"WebSite\",\"@id\":\"https:\/\/www.campingepibleu.com\/fr\/#website\",\"url\":\"https:\/\/www.campingepibleu.com\/fr\/\",\"name\":\"Camping Epi Bleu\",\"description\":\"Camping Epi Bleu\",\"publisher\":{\"@id\":\"https:\/\/www.campingepibleu.com\/fr\/#organization\"},\"potentialAction\":[{\"@type\":\"SearchAction\",\"target\":{\"@type\":\"EntryPoint\",\"urlTemplate\":\"https:\/\/www.campingepibleu.com\/fr\/?s={search_term_string}\"},\"query-input\":\"required name=search_term_string\"}],\"inLanguage\":\"fr-FR\"},{\"@type\":\"Organization\",\"@id\":\"https:\/\/www.campingepibleu.com\/fr\/#organization\",\"name\":\"Camping Epi Bleu\",\"url\":\"https:\/\/www.campingepibleu.com\/fr\/\",\"logo\":{\"@type\":\"ImageObject\",\"inLanguage\":\"fr-FR\",\"@id\":\"https:\/\/www.campingepibleu.com\/fr\/#\/schema\/logo\/image\/\",\"url\":\"https:\/\/www.campingepibleu.com\/wp-content\/uploads\/2022\/08\/logo.png\",\"contentUrl\":\"https:\/\/www.campingepibleu.com\/wp-content\/uploads\/2022\/08\/logo.png\",\"width\":262,\"height\":162,\"caption\":\"Camping Epi Bleu\"},\"image\":{\"@id\":\"https:\/\/www.campingepibleu.com\/fr\/#\/schema\/logo\/image\/\"},\"sameAs\":[\"https:\/\/www.facebook.com\/CAMPING-CARAVANING-lEPI-BLEU--265609693477491\/\",\"https:\/\/www.youtube.com\/watch?v=pfc5cAK9aKI\"]}]}<\/script>\n<!-- \/ Yoast SEO plugin. -->","yoast_head_json":{"title":"Camping VACAF Luberon : Campings agr\u00e9\u00e9s par la CAF","description":"Partez en vacances dans le Luberon avec le camping L'\u00c9pi Bleu, agr\u00e9\u00e9 VACAF. Profitez d'un s\u00e9jour nature \u00e0 petit prix avec des activit\u00e9s pour toute la famille dans un cadre exceptionnel !","robots":{"index":"index","follow":"follow","max-snippet":"max-snippet:-1","max-image-preview":"max-image-preview:large","max-video-preview":"max-video-preview:-1"},"canonical":"https:\/\/www.campingepibleu.com\/fr\/camping-luberon-pas-cher\/camping-vacaf\/","og_locale":"fr_FR","og_type":"article","og_title":"Camping VACAF Luberon : Campings agr\u00e9\u00e9s par la CAF","og_description":"Partez en vacances dans le Luberon avec le camping L'\u00c9pi Bleu, agr\u00e9\u00e9 VACAF. Profitez d'un s\u00e9jour nature \u00e0 petit prix avec des activit\u00e9s pour toute la famille dans un cadre exceptionnel !","og_url":"https:\/\/www.campingepibleu.com\/fr\/camping-luberon-pas-cher\/camping-vacaf\/","og_site_name":"Camping Epi Bleu","article_publisher":"https:\/\/www.facebook.com\/CAMPING-CARAVANING-lEPI-BLEU--265609693477491\/","article_modified_time":"2025-11-12T07:39:29+00:00","og_image":[{"width":1905,"height":469,"url":"https:\/\/www.campingepibleu.com\/wp-content\/uploads\/2024\/11\/camping-vacaf-luberon.jpg","type":"image\/jpeg"}],"twitter_card":"summary_large_image","twitter_misc":{"Dur\u00e9e de lecture estim\u00e9e":"3 minutes"},"schema":{"@context":"https:\/\/schema.org","@graph":[{"@type":"WebPage","@id":"https:\/\/www.campingepibleu.com\/fr\/camping-luberon-pas-cher\/camping-vacaf\/","url":"https:\/\/www.campingepibleu.com\/fr\/camping-luberon-pas-cher\/camping-vacaf\/","name":"Camping VACAF Luberon : Campings agr\u00e9\u00e9s par la CAF","isPartOf":{"@id":"https:\/\/www.campingepibleu.com\/fr\/#website"},"datePublished":"2024-11-27T12:58:49+00:00","dateModified":"2025-11-12T07:39:29+00:00","description":"Partez en vacances dans le Luberon avec le camping L'\u00c9pi Bleu, agr\u00e9\u00e9 VACAF. Profitez d'un s\u00e9jour nature \u00e0 petit prix avec des activit\u00e9s pour toute la famille dans un cadre exceptionnel !","breadcrumb":{"@id":"https:\/\/www.campingepibleu.com\/fr\/camping-luberon-pas-cher\/camping-vacaf\/#breadcrumb"},"inLanguage":"fr-FR","potentialAction":[{"@type":"ReadAction","target":["https:\/\/www.campingepibleu.com\/fr\/camping-luberon-pas-cher\/camping-vacaf\/"]}]},{"@type":"BreadcrumbList","@id":"https:\/\/www.campingepibleu.com\/fr\/camping-luberon-pas-cher\/camping-vacaf\/#breadcrumb","itemListElement":[{"@type":"ListItem","position":1,"name":"Camping Luberon","item":"https:\/\/www.campingepibleu.com\/fr\/"},{"@type":"ListItem","position":2,"name":"Camping pas cher Luberon","item":"https:\/\/www.campingepibleu.com\/fr\/camping-luberon-pas-cher\/"},{"@type":"ListItem","position":3,"name":"Camping VACAF Lub\u00e9ron"}]},{"@type":"WebSite","@id":"https:\/\/www.campingepibleu.com\/fr\/#website","url":"https:\/\/www.campingepibleu.com\/fr\/","name":"Camping Epi Bleu","description":"Camping Epi Bleu","publisher":{"@id":"https:\/\/www.campingepibleu.com\/fr\/#organization"},"potentialAction":[{"@type":"SearchAction","target":{"@type":"EntryPoint","urlTemplate":"https:\/\/www.campingepibleu.com\/fr\/?s={search_term_string}"},"query-input":"required name=search_term_string"}],"inLanguage":"fr-FR"},{"@type":"Organization","@id":"https:\/\/www.campingepibleu.com\/fr\/#organization","name":"Camping Epi Bleu","url":"https:\/\/www.campingepibleu.com\/fr\/","logo":{"@type":"ImageObject","inLanguage":"fr-FR","@id":"https:\/\/www.campingepibleu.com\/fr\/#\/schema\/logo\/image\/","url":"https:\/\/www.campingepibleu.com\/wp-content\/uploads\/2022\/08\/logo.png","contentUrl":"https:\/\/www.campingepibleu.com\/wp-content\/uploads\/2022\/08\/logo.png","width":262,"height":162,"caption":"Camping Epi Bleu"},"image":{"@id":"https:\/\/www.campingepibleu.com\/fr\/#\/schema\/logo\/image\/"},"sameAs":["https:\/\/www.facebook.com\/CAMPING-CARAVANING-lEPI-BLEU--265609693477491\/","https:\/\/www.youtube.com\/watch?v=pfc5cAK9aKI"]}]}},"_links":{"self":[{"href":"https:\/\/www.campingepibleu.com\/fr\/wp-json\/wp\/v2\/pages\/3165"}],"collection":[{"href":"https:\/\/www.campingepibleu.com\/fr\/wp-json\/wp\/v2\/pages"}],"about":[{"href":"https:\/\/www.campingepibleu.com\/fr\/wp-json\/wp\/v2\/types\/page"}],"author":[{"embeddable":true,"href":"https:\/\/www.campingepibleu.com\/fr\/wp-json\/wp\/v2\/users\/8"}],"replies":[{"embeddable":true,"href":"https:\/\/www.campingepibleu.com\/fr\/wp-json\/wp\/v2\/comments?post=3165"}],"version-history":[{"count":4,"href":"https:\/\/www.campingepibleu.com\/fr\/wp-json\/wp\/v2\/pages\/3165\/revisions"}],"predecessor-version":[{"id":3370,"href":"https:\/\/www.campingepibleu.com\/fr\/wp-json\/wp\/v2\/pages\/3165\/revisions\/3370"}],"up":[{"embeddable":true,"href":"https:\/\/www.campingepibleu.com\/fr\/wp-json\/wp\/v2\/pages\/1234"}],"wp:featuredmedia":[{"embeddable":true,"href":"https:\/\/www.campingepibleu.com\/fr\/wp-json\/wp\/v2\/media\/3167"}],"wp:attachment":[{"href":"https:\/\/www.campingepibleu.com\/fr\/wp-json\/wp\/v2\/media?parent=3165"}],"curies":[{"name":"wp","href":"https:\/\/api.w.org\/{rel}","templated":true}]}}