{"id":3225,"date":"2025-02-17T09:50:32","date_gmt":"2025-02-17T09:50:32","guid":{"rendered":"https:\/\/www.campingepibleu.com\/?page_id=3225"},"modified":"2025-02-17T09:58:36","modified_gmt":"2025-02-17T09:58:36","slug":"camping-revest-du-bion","status":"publish","type":"page","link":"https:\/\/www.campingepibleu.com\/fr\/region-aux-portes-du-luberon-en-provence\/camping-revest-du-bion\/","title":{"rendered":"Camping pr\u00e8s de Revest du Bion"},"content":{"rendered":"[vc_row][vc_column][vc_column_text]<strong>Revest-du-Bion<\/strong> est un petit village des Alpes-de-Haute-Provence, perch\u00e9 sur le plateau d&rsquo;Albion, r\u00e9put\u00e9 pour ses vastes champs de lavande, son cadre naturel pr\u00e9serv\u00e9 et son ambiance authentiquement proven\u00e7ale. Si vous souhaitez explorer cette belle r\u00e9gion des <strong>Alpes-de-Haute-Provence<\/strong>, r\u00e9servez votre s\u00e9jour au <a href=\"https:\/\/www.campingepibleu.com\/fr\/\">camping dans le Luberon<\/a> L\u2019\u00c9pi Bleu, situ\u00e9 \u00e0 Banon. Notre <strong>camping proche de Revest-du-Bion<\/strong> 4 \u00e9toiles est l\u2019endroit r\u00eav\u00e9 pour profiter pleinement des attraits de la r\u00e9gion, tout en se reposant pendant vos vacances.[\/vc_column_text][\/vc_column][\/vc_row][vc_row equal_height=\u00a0\u00bbyes\u00a0\u00bb][vc_column width=\u00a0\u00bb1\/2&Prime; el_class=\u00a0\u00bbvalign\u00a0\u00bb][vc_column_text]\n<h2>Des vacances ressour\u00e7antes au camping l\u2019\u00c9pi Bleu proche de Revest-du-Bion<\/h2>\n<p>En s\u00e9journant dans notre <strong>camping pr\u00e8s de Revest-du-Bion<\/strong>, dans le d\u00e9partement des Alpes-de-Haute-Provence en r\u00e9gion Provence-Alpes-C\u00f4te d&rsquo;Azur, vous b\u00e9n\u00e9ficiez d\u2019un <strong>large choix d\u2019h\u00e9bergements<\/strong>. Vous pr\u00e9f\u00e9rez <a href=\"https:\/\/www.campingepibleu.com\/fr\/camping-luberon-pas-cher\/\">louer un mobil-home tout confort au c\u0153ur du Luberon<\/a> ? Ou plut\u00f4t opter pour un emplacement de camping traditionnel ? Pour ceux qui recherchent un s\u00e9jour d\u00e9tendu en Provence-Alpes-C\u00f4te-d\u2019Azur, notre <strong>camping \u00e0 proximit\u00e9 de Revest-du-Bion<\/strong> vous propose des h\u00e9bergements modernes et pratiques. Vous retrouverez :<\/p>\n<ul>\n<li><strong>Mobil-homes<\/strong> bien agenc\u00e9s avec chambres, salle de bain, cuisine \u00e9quip\u00e9e et terrasse priv\u00e9e.<\/li>\n<li><strong>Bungalows<\/strong> parfaitement \u00e9quip\u00e9s pour rendre votre s\u00e9jour agr\u00e9able.<\/li>\n<li><a href=\"https:\/\/www.campingepibleu.com\/fr\/emplacement-tente-camping-car-luberon\/\">Emplacements de camping Luberon<\/a> spacieux pour tentes, camping-cars et caravanes, \u00e0 proximit\u00e9 de blocs sanitaires modernes.<\/li>\n<\/ul>\n<p>Notre <strong>camping \u00e0 c\u00f4t\u00e9 de Revest-du-Bion<\/strong> vous garantit un s\u00e9jour de qualit\u00e9 dans un lieu 100% typique du Luberon !<\/p>\n[\/vc_column_text][\/vc_column][vc_column width=\u00a0\u00bb1\/2&Prime; el_class=\u00a0\u00bbvalign\u00a0\u00bb][vc_column_text]<a href=\"https:\/\/www.campingepibleu.com\/wp-content\/uploads\/2025\/01\/location-mobil-home-pertuis.jpg\"><img decoding=\"async\" class=\"alignnone wp-image-3187 size-full\" src=\"https:\/\/www.campingepibleu.com\/wp-content\/uploads\/2025\/01\/location-mobil-home-pertuis.jpg\" alt=\"location mobil home pertuis\" width=\"640\" height=\"399\" srcset=\"https:\/\/www.campingepibleu.com\/wp-content\/uploads\/2025\/01\/location-mobil-home-pertuis.jpg 640w, https:\/\/www.campingepibleu.com\/wp-content\/uploads\/2025\/01\/location-mobil-home-pertuis-300x187.jpg 300w\" sizes=\"(max-width: 640px) 100vw, 640px\" \/><\/a>[\/vc_column_text][\/vc_column][\/vc_row][vc_row equal_height=\u00a0\u00bbyes\u00a0\u00bb][vc_column width=\u00a0\u00bb1\/2&Prime; el_class=\u00a0\u00bbvalign\u00a0\u00bb][vc_column_text]<a href=\"https:\/\/www.campingepibleu.com\/wp-content\/uploads\/2025\/01\/camping-piscine-exterieur-chauffee-pertuis.jpg\"><img decoding=\"async\" class=\"alignnone size-full wp-image-3190\" src=\"https:\/\/www.campingepibleu.com\/wp-content\/uploads\/2025\/01\/camping-piscine-exterieur-chauffee-pertuis.jpg\" alt=\"camping piscine exterieure chauff\u00e9e pertuis\" width=\"640\" height=\"400\" srcset=\"https:\/\/www.campingepibleu.com\/wp-content\/uploads\/2025\/01\/camping-piscine-exterieur-chauffee-pertuis.jpg 640w, https:\/\/www.campingepibleu.com\/wp-content\/uploads\/2025\/01\/camping-piscine-exterieur-chauffee-pertuis-300x188.jpg 300w\" sizes=\"(max-width: 640px) 100vw, 640px\" \/><\/a>[\/vc_column_text][\/vc_column][vc_column width=\u00a0\u00bb1\/2&Prime; el_class=\u00a0\u00bbvalign\u00a0\u00bb][vc_column_text]\n<h2>D\u00e9tente et loisirs au c\u0153ur du luberon<\/h2>\n<p>Les temp\u00e9ratures estivales dans les Alpes-de-Haute-Provence rendent un plongeon dans l\u2019eau particuli\u00e8rement agr\u00e9able. C\u2019est pourquoi notre <strong>camping 4 \u00e9toiles proche de Revest-du-Bion<\/strong> dispose d\u2019un beau <strong>parc aquatique<\/strong> pour vous rafra\u00eechir tout au long des vacances. Profitez de notre <strong>piscine chauff\u00e9e<\/strong>, de notre <strong>pataugeoire<\/strong> pour les plus jeunes, de notre solarium avec <strong>transats<\/strong>, ainsi que de notre aire de jeux aquatiques pour les enfants. La <a href=\"https:\/\/www.campingepibleu.com\/fr\/camping-luberon-parc-aquatique\/\">piscine du camping Luberon<\/a> est un des atouts, permettant \u00e0 toute la famille de se d\u00e9tendre dans un environnement paisible tout en profitant du soleil de Provence-Alpes-C\u00f4te-d\u2019Azur.<\/p>\n<ul>\n<li><strong>Piscine chauff\u00e9e<\/strong> pour se d\u00e9tendre et se rafra\u00eechir.<\/li>\n<li><strong>Pataugeoire<\/strong> pour les petits enfants.<\/li>\n<li><strong>Solarium<\/strong> avec transats pour des moments de relaxation.<\/li>\n<li><strong>Aire de jeux aquatiques<\/strong> pour les plus jeunes.<\/li>\n<\/ul>\n<p>Venez vous relaxer et passer des moments inoubliables avec vos proches dans notre parc aquatique. Nous avons con\u00e7u cet endroit pour que vous puissiez profiter pleinement de vos vacances sous le soleil proven\u00e7al, tout en vous faisant profiter d\u2019un h\u00e9bergement confortable avec terrasse. Le <strong>camping non loin de Revest-du-Bion<\/strong> dispose aussi d\u2019un large choix d\u2019activit\u00e9s pour rendre votre s\u00e9jour plaisant.[\/vc_column_text][\/vc_column][\/vc_row][vc_row][vc_column width=\u00a0\u00bb1\/2&Prime;][vc_column_text]\n<h2>Activit\u00e9s et animations pour toute la famille<\/h2>\n<p>Nous avons \u00e0 c\u0153ur de rendre vos vacances des Alpes-de-Haute-Provence aussi divertissantes que reposantes. Dans notre <strong>camping proche de Revest-du-Bion<\/strong>, vous aurez \u00e0 votre disposition de nombreuses <strong>installations sportives et ludiques<\/strong>. Que vous soyez plut\u00f4t football, p\u00e9tanque, ping-pong, ou jeux vid\u00e9o, vous trouverez de quoi passer des moments agr\u00e9ables sur notre terrain multisports, notre boulodrome ou avec nos \u00e9quipements de loisirs.<\/p>\n<p>Nos jeunes vacanciers ne sont pas oubli\u00e9s : notre <strong>club enfants<\/strong> propose une multitude d\u2019activit\u00e9s, allant des jeux en plein air aux ateliers cr\u00e9atifs. Et pour des soir\u00e9es familiales, nous vous proposons des <strong>animations vari\u00e9es<\/strong>, telles que des quizz, des concerts, des soir\u00e9es dansantes et des karaok\u00e9s. Vivez des moments joyeux et conviviaux avec nous au <a href=\"https:\/\/www.campingepibleu.com\/fr\/region-aux-portes-du-luberon-en-provence\/camping-saint-etienne-les-orgues\/\">camping pr\u00e8s de Saint Etienne Les Orgues<\/a> L\u2019\u00c9pi Bleu 4 \u00e9toiles, en famille ou entre amis, dans un camping id\u00e9alement situ\u00e9 pour explorer les paysages du Luberon.<\/p>\n[\/vc_column_text][\/vc_column][vc_column width=\u00a0\u00bb1\/2&Prime;][vc_single_image image=\u00a0\u00bb3193&Prime; img_size=\u00a0\u00bblarge\u00a0\u00bb alignment=\u00a0\u00bbcenter\u00a0\u00bb][\/vc_column][\/vc_row][vc_row equal_height=\u00a0\u00bbyes\u00a0\u00bb][vc_column el_class=\u00a0\u00bbvalign\u00a0\u00bb][vc_column_text]\n<h2>Visiter Revest-du-Bion et ses alentours<\/h2>\n<h3><strong>Artisanat et activit\u00e9s en plein air<\/strong><\/h3>\n<p>Votre s\u00e9jour au <a href=\"https:\/\/www.campingepibleu.com\/fr\/camping-luberon-pas-cher\/\">camping pas cher dans le Luberon<\/a> <strong>L\u2019\u00c9pi Bleu, tout proche de Revest-du-Bion<\/strong>, est l\u2019occasion parfaite pour d\u00e9couvrir les nombreuses <strong>attractions de la r\u00e9gion<\/strong>. Situ\u00e9 entre le plateau d&rsquo;Albion et la montagne de Lure, <strong>Revest-du-Bion<\/strong> est un village paisible entour\u00e9 de for\u00eats de ch\u00eanes et de vastes champs de lavande. Son patrimoine se d\u00e9voile \u00e0 travers <strong>l\u2019\u00e9glise Saint-Clair<\/strong>, \u00e9difi\u00e9e au XIe si\u00e8cle et remani\u00e9e aux XVe et XVIIIe si\u00e8cles, ainsi que <strong>le ch\u00e2teau de Miravail<\/strong>, \u00e9l\u00e9gant \u00e9difice du XVIIIe si\u00e8cle. Offrant une vue imprenable sur le Mont Ventoux, le village est un point de d\u00e9part id\u00e9al pour des <strong>randonn\u00e9es<\/strong> sur des sentiers balis\u00e9s \u00e0 travers les paysages proven\u00e7aux. Ses placettes ombrag\u00e9es, anim\u00e9es par les habitants, invitent \u00e0 la d\u00e9tente sous les tilleuls et marronniers. <strong>Revest-du-Bion<\/strong> b\u00e9n\u00e9ficie \u00e9galement d\u2019un ciel d\u2019une puret\u00e9 exceptionnelle, parfait pour <strong>l\u2019observation des \u00e9toiles<\/strong>, ajoutant \u00e0 son charme une atmosph\u00e8re propice \u00e0 l\u2019\u00e9vasion et \u00e0 la s\u00e9r\u00e9nit\u00e9.<\/p>\n<h3><strong>Mus\u00e9e et randonn\u00e9es<\/strong><\/h3>\n<p>Les amateurs de culture et d\u2019histoire pourront se rendre \u00e0 <strong>Quinson<\/strong> pour visiter le <strong>Mus\u00e9e de la Pr\u00e9histoire des Gorges du Verdon<\/strong>, ou d\u00e9couvrir le <strong>lac de Quinson<\/strong>. De plus, les amateurs de randonn\u00e9e trouveront leur bonheur dans les Gorges du Verdon. En empruntant les sentiers de ce coin des Alpes-de-Haute-Provence, vous pourrez admirer des panoramas exceptionnels sur les falaises et les gorges environnantes, pour un s\u00e9jour inoubliable en pleine nature.<\/p>\n<p><strong>Profitez de votre s\u00e9jour<\/strong> au c\u0153ur de notre <strong>camping proche de Revest-du-Bion<\/strong> 4 \u00e9toiles, L\u2019\u00c9pi Bleu, pour explorer la r\u00e9gion et vous immerger dans la beaut\u00e9 naturelle et le patrimoine culturel des Alpes-de-Haute-Provence. Que ce soit pour un s\u00e9jour en bungalow, une escapade en mobil-home ou un emplacement de camping traditionnel, nous vous accueillons dans une <strong>atmosph\u00e8re conviviale et chaleureuse<\/strong>.[\/vc_column_text][\/vc_column][\/vc_row][vc_row][vc_column width=\u00a0\u00bb1\/2&Prime;]<div class=\"ult-new-ib ult-ib-effect-style6  ult-ib-resp  \" data-min-width=\"768\" data-max-width=\"900\" style=\"\" data-opacity=\"1\" data-hover-opacity=\"1\" ><img class=\"ult-new-ib-img\" style=\"opacity:1;\" alt=\"null\" src=\"https:\/\/www.campingepibleu.com\/wp-content\/uploads\/2020\/01\/camping-saint-christol.jpg\"   \/><div id=\"interactive-banner-wrap-3940\" class=\"ult-new-ib-desc\" style=\"\"><h2 class=\"ult-new-ib-title ult-responsive\"  data-ultimate-target='#interactive-banner-wrap-3940 .ult-new-ib-title'  data-responsive-json-new='{\"font-size\":\"\",\"line-height\":\"\"}'  style=\"font-weight:normal;\">Saint Christol<\/h2><\/div><a class=\"ult-new-ib-link\" href=\"https:\/\/www.campingepibleu.com\/fr\/region-aux-portes-du-luberon-en-provence\/camping-saint-christol\/\"  ><\/a><\/div><script type=\"text\/javascript\">\n\t\t\t(function($){\n\t\t\t\t$(document).ready(function(){\n\t\t\t\t\t$(\".ult-new-ib\").css(\"opacity\",\"1\");\n\t\t\t\t});\n\t\t\t})(jQuery);\n\t\t\t<\/script>[\/vc_column][vc_column width=\u00a0\u00bb1\/2&Prime;]<div class=\"ult-new-ib ult-ib-effect-style6  ult-ib-resp  \" data-min-width=\"768\" data-max-width=\"900\" style=\"\" data-opacity=\"1\" data-hover-opacity=\"1\" ><img class=\"ult-new-ib-img\" style=\"opacity:1;\" alt=\"null\" src=\"https:\/\/www.campingepibleu.com\/wp-content\/uploads\/2020\/01\/tourisme-manosque.jpg\"   \/><div id=\"interactive-banner-wrap-1522\" class=\"ult-new-ib-desc\" style=\"\"><h2 class=\"ult-new-ib-title ult-responsive\"  data-ultimate-target='#interactive-banner-wrap-1522 .ult-new-ib-title'  data-responsive-json-new='{\"font-size\":\"\",\"line-height\":\"\"}'  style=\"font-weight:normal;\">Manosque<\/h2><\/div><a class=\"ult-new-ib-link\" href=\"https:\/\/www.campingepibleu.com\/fr\/region-aux-portes-du-luberon-en-provence\/camping-manosque\/\"  ><\/a><\/div><script type=\"text\/javascript\">\n\t\t\t(function($){\n\t\t\t\t$(document).ready(function(){\n\t\t\t\t\t$(\".ult-new-ib\").css(\"opacity\",\"1\");\n\t\t\t\t});\n\t\t\t})(jQuery);\n\t\t\t<\/script>[\/vc_column][\/vc_row]\n","protected":false},"excerpt":{"rendered":"","protected":false},"author":8,"featured_media":3226,"parent":8,"menu_order":0,"comment_status":"closed","ping_status":"closed","template":"","meta":[],"acf":[],"yoast_head":"<!-- This site is optimized with the Yoast SEO plugin v20.1 - https:\/\/yoast.com\/wordpress\/plugins\/seo\/ -->\n<title>Camping Revest du Bion 4 \u00e9toiles : Mobil home et piscine<\/title>\n<meta name=\"description\" content=\"S\u00e9journez au camping L&#039;\u00c9pi Bleu pr\u00e8s de Revest-du-Bion : profitez d&#039;h\u00e9bergements tout confort, d&#039;une piscine chauff\u00e9e et d&#039;activit\u00e9s en pleine nature pour des vacances inoubliables en Provence !\" \/>\n<meta name=\"robots\" content=\"index, follow, max-snippet:-1, max-image-preview:large, max-video-preview:-1\" \/>\n<link rel=\"canonical\" href=\"https:\/\/www.campingepibleu.com\/fr\/region-aux-portes-du-luberon-en-provence\/camping-revest-du-bion\/\" \/>\n<meta property=\"og:locale\" content=\"fr_FR\" \/>\n<meta property=\"og:type\" content=\"article\" \/>\n<meta property=\"og:title\" content=\"Camping Revest du Bion 4 \u00e9toiles : Mobil home et piscine\" \/>\n<meta property=\"og:description\" content=\"S\u00e9journez au camping L&#039;\u00c9pi Bleu pr\u00e8s de Revest-du-Bion : profitez d&#039;h\u00e9bergements tout confort, d&#039;une piscine chauff\u00e9e et d&#039;activit\u00e9s en pleine nature pour des vacances inoubliables en Provence !\" \/>\n<meta property=\"og:url\" content=\"https:\/\/www.campingepibleu.com\/fr\/region-aux-portes-du-luberon-en-provence\/camping-revest-du-bion\/\" \/>\n<meta property=\"og:site_name\" content=\"Camping Epi Bleu\" \/>\n<meta property=\"article:publisher\" content=\"https:\/\/www.facebook.com\/CAMPING-CARAVANING-lEPI-BLEU--265609693477491\/\" \/>\n<meta property=\"article:modified_time\" content=\"2025-02-17T09:58:36+00:00\" \/>\n<meta property=\"og:image\" content=\"https:\/\/www.campingepibleu.com\/wp-content\/uploads\/2025\/02\/camping-revest-du-bion.jpg\" \/>\n\t<meta property=\"og:image:width\" content=\"1905\" \/>\n\t<meta property=\"og:image:height\" content=\"470\" \/>\n\t<meta property=\"og:image:type\" content=\"image\/jpeg\" \/>\n<meta name=\"twitter:card\" content=\"summary_large_image\" \/>\n<meta name=\"twitter:label1\" content=\"Dur\u00e9e de lecture estim\u00e9e\" \/>\n\t<meta name=\"twitter:data1\" content=\"5 minutes\" \/>\n<script type=\"application\/ld+json\" class=\"yoast-schema-graph\">{\"@context\":\"https:\/\/schema.org\",\"@graph\":[{\"@type\":\"WebPage\",\"@id\":\"https:\/\/www.campingepibleu.com\/fr\/region-aux-portes-du-luberon-en-provence\/camping-revest-du-bion\/\",\"url\":\"https:\/\/www.campingepibleu.com\/fr\/region-aux-portes-du-luberon-en-provence\/camping-revest-du-bion\/\",\"name\":\"Camping Revest du Bion 4 \u00e9toiles : Mobil home et piscine\",\"isPartOf\":{\"@id\":\"https:\/\/www.campingepibleu.com\/fr\/#website\"},\"datePublished\":\"2025-02-17T09:50:32+00:00\",\"dateModified\":\"2025-02-17T09:58:36+00:00\",\"description\":\"S\u00e9journez au camping L'\u00c9pi Bleu pr\u00e8s de Revest-du-Bion : profitez d'h\u00e9bergements tout confort, d'une piscine chauff\u00e9e et d'activit\u00e9s en pleine nature pour des vacances inoubliables en Provence !\",\"breadcrumb\":{\"@id\":\"https:\/\/www.campingepibleu.com\/fr\/region-aux-portes-du-luberon-en-provence\/camping-revest-du-bion\/#breadcrumb\"},\"inLanguage\":\"fr-FR\",\"potentialAction\":[{\"@type\":\"ReadAction\",\"target\":[\"https:\/\/www.campingepibleu.com\/fr\/region-aux-portes-du-luberon-en-provence\/camping-revest-du-bion\/\"]}]},{\"@type\":\"BreadcrumbList\",\"@id\":\"https:\/\/www.campingepibleu.com\/fr\/region-aux-portes-du-luberon-en-provence\/camping-revest-du-bion\/#breadcrumb\",\"itemListElement\":[{\"@type\":\"ListItem\",\"position\":1,\"name\":\"Camping Luberon\",\"item\":\"https:\/\/www.campingepibleu.com\/fr\/\"},{\"@type\":\"ListItem\",\"position\":2,\"name\":\"Le Luberon en Provence\",\"item\":\"https:\/\/www.campingepibleu.com\/fr\/region-aux-portes-du-luberon-en-provence\/\"},{\"@type\":\"ListItem\",\"position\":3,\"name\":\"Camping Revest du Bion\"}]},{\"@type\":\"WebSite\",\"@id\":\"https:\/\/www.campingepibleu.com\/fr\/#website\",\"url\":\"https:\/\/www.campingepibleu.com\/fr\/\",\"name\":\"Camping Epi Bleu\",\"description\":\"Camping Epi Bleu\",\"publisher\":{\"@id\":\"https:\/\/www.campingepibleu.com\/fr\/#organization\"},\"potentialAction\":[{\"@type\":\"SearchAction\",\"target\":{\"@type\":\"EntryPoint\",\"urlTemplate\":\"https:\/\/www.campingepibleu.com\/fr\/?s={search_term_string}\"},\"query-input\":\"required name=search_term_string\"}],\"inLanguage\":\"fr-FR\"},{\"@type\":\"Organization\",\"@id\":\"https:\/\/www.campingepibleu.com\/fr\/#organization\",\"name\":\"Camping Epi Bleu\",\"url\":\"https:\/\/www.campingepibleu.com\/fr\/\",\"logo\":{\"@type\":\"ImageObject\",\"inLanguage\":\"fr-FR\",\"@id\":\"https:\/\/www.campingepibleu.com\/fr\/#\/schema\/logo\/image\/\",\"url\":\"https:\/\/www.campingepibleu.com\/wp-content\/uploads\/2022\/08\/logo.png\",\"contentUrl\":\"https:\/\/www.campingepibleu.com\/wp-content\/uploads\/2022\/08\/logo.png\",\"width\":262,\"height\":162,\"caption\":\"Camping Epi Bleu\"},\"image\":{\"@id\":\"https:\/\/www.campingepibleu.com\/fr\/#\/schema\/logo\/image\/\"},\"sameAs\":[\"https:\/\/www.facebook.com\/CAMPING-CARAVANING-lEPI-BLEU--265609693477491\/\",\"https:\/\/www.youtube.com\/watch?v=pfc5cAK9aKI\"]}]}<\/script>\n<!-- \/ Yoast SEO plugin. -->","yoast_head_json":{"title":"Camping Revest du Bion 4 \u00e9toiles : Mobil home et piscine","description":"S\u00e9journez au camping L'\u00c9pi Bleu pr\u00e8s de Revest-du-Bion : profitez d'h\u00e9bergements tout confort, d'une piscine chauff\u00e9e et d'activit\u00e9s en pleine nature pour des vacances inoubliables en Provence !","robots":{"index":"index","follow":"follow","max-snippet":"max-snippet:-1","max-image-preview":"max-image-preview:large","max-video-preview":"max-video-preview:-1"},"canonical":"https:\/\/www.campingepibleu.com\/fr\/region-aux-portes-du-luberon-en-provence\/camping-revest-du-bion\/","og_locale":"fr_FR","og_type":"article","og_title":"Camping Revest du Bion 4 \u00e9toiles : Mobil home et piscine","og_description":"S\u00e9journez au camping L'\u00c9pi Bleu pr\u00e8s de Revest-du-Bion : profitez d'h\u00e9bergements tout confort, d'une piscine chauff\u00e9e et d'activit\u00e9s en pleine nature pour des vacances inoubliables en Provence !","og_url":"https:\/\/www.campingepibleu.com\/fr\/region-aux-portes-du-luberon-en-provence\/camping-revest-du-bion\/","og_site_name":"Camping Epi Bleu","article_publisher":"https:\/\/www.facebook.com\/CAMPING-CARAVANING-lEPI-BLEU--265609693477491\/","article_modified_time":"2025-02-17T09:58:36+00:00","og_image":[{"width":1905,"height":470,"url":"https:\/\/www.campingepibleu.com\/wp-content\/uploads\/2025\/02\/camping-revest-du-bion.jpg","type":"image\/jpeg"}],"twitter_card":"summary_large_image","twitter_misc":{"Dur\u00e9e de lecture estim\u00e9e":"5 minutes"},"schema":{"@context":"https:\/\/schema.org","@graph":[{"@type":"WebPage","@id":"https:\/\/www.campingepibleu.com\/fr\/region-aux-portes-du-luberon-en-provence\/camping-revest-du-bion\/","url":"https:\/\/www.campingepibleu.com\/fr\/region-aux-portes-du-luberon-en-provence\/camping-revest-du-bion\/","name":"Camping Revest du Bion 4 \u00e9toiles : Mobil home et piscine","isPartOf":{"@id":"https:\/\/www.campingepibleu.com\/fr\/#website"},"datePublished":"2025-02-17T09:50:32+00:00","dateModified":"2025-02-17T09:58:36+00:00","description":"S\u00e9journez au camping L'\u00c9pi Bleu pr\u00e8s de Revest-du-Bion : profitez d'h\u00e9bergements tout confort, d'une piscine chauff\u00e9e et d'activit\u00e9s en pleine nature pour des vacances inoubliables en Provence !","breadcrumb":{"@id":"https:\/\/www.campingepibleu.com\/fr\/region-aux-portes-du-luberon-en-provence\/camping-revest-du-bion\/#breadcrumb"},"inLanguage":"fr-FR","potentialAction":[{"@type":"ReadAction","target":["https:\/\/www.campingepibleu.com\/fr\/region-aux-portes-du-luberon-en-provence\/camping-revest-du-bion\/"]}]},{"@type":"BreadcrumbList","@id":"https:\/\/www.campingepibleu.com\/fr\/region-aux-portes-du-luberon-en-provence\/camping-revest-du-bion\/#breadcrumb","itemListElement":[{"@type":"ListItem","position":1,"name":"Camping Luberon","item":"https:\/\/www.campingepibleu.com\/fr\/"},{"@type":"ListItem","position":2,"name":"Le Luberon en Provence","item":"https:\/\/www.campingepibleu.com\/fr\/region-aux-portes-du-luberon-en-provence\/"},{"@type":"ListItem","position":3,"name":"Camping Revest du Bion"}]},{"@type":"WebSite","@id":"https:\/\/www.campingepibleu.com\/fr\/#website","url":"https:\/\/www.campingepibleu.com\/fr\/","name":"Camping Epi Bleu","description":"Camping Epi Bleu","publisher":{"@id":"https:\/\/www.campingepibleu.com\/fr\/#organization"},"potentialAction":[{"@type":"SearchAction","target":{"@type":"EntryPoint","urlTemplate":"https:\/\/www.campingepibleu.com\/fr\/?s={search_term_string}"},"query-input":"required name=search_term_string"}],"inLanguage":"fr-FR"},{"@type":"Organization","@id":"https:\/\/www.campingepibleu.com\/fr\/#organization","name":"Camping Epi Bleu","url":"https:\/\/www.campingepibleu.com\/fr\/","logo":{"@type":"ImageObject","inLanguage":"fr-FR","@id":"https:\/\/www.campingepibleu.com\/fr\/#\/schema\/logo\/image\/","url":"https:\/\/www.campingepibleu.com\/wp-content\/uploads\/2022\/08\/logo.png","contentUrl":"https:\/\/www.campingepibleu.com\/wp-content\/uploads\/2022\/08\/logo.png","width":262,"height":162,"caption":"Camping Epi Bleu"},"image":{"@id":"https:\/\/www.campingepibleu.com\/fr\/#\/schema\/logo\/image\/"},"sameAs":["https:\/\/www.facebook.com\/CAMPING-CARAVANING-lEPI-BLEU--265609693477491\/","https:\/\/www.youtube.com\/watch?v=pfc5cAK9aKI"]}]}},"_links":{"self":[{"href":"https:\/\/www.campingepibleu.com\/fr\/wp-json\/wp\/v2\/pages\/3225"}],"collection":[{"href":"https:\/\/www.campingepibleu.com\/fr\/wp-json\/wp\/v2\/pages"}],"about":[{"href":"https:\/\/www.campingepibleu.com\/fr\/wp-json\/wp\/v2\/types\/page"}],"author":[{"embeddable":true,"href":"https:\/\/www.campingepibleu.com\/fr\/wp-json\/wp\/v2\/users\/8"}],"replies":[{"embeddable":true,"href":"https:\/\/www.campingepibleu.com\/fr\/wp-json\/wp\/v2\/comments?post=3225"}],"version-history":[{"count":1,"href":"https:\/\/www.campingepibleu.com\/fr\/wp-json\/wp\/v2\/pages\/3225\/revisions"}],"predecessor-version":[{"id":3229,"href":"https:\/\/www.campingepibleu.com\/fr\/wp-json\/wp\/v2\/pages\/3225\/revisions\/3229"}],"up":[{"embeddable":true,"href":"https:\/\/www.campingepibleu.com\/fr\/wp-json\/wp\/v2\/pages\/8"}],"wp:featuredmedia":[{"embeddable":true,"href":"https:\/\/www.campingepibleu.com\/fr\/wp-json\/wp\/v2\/media\/3226"}],"wp:attachment":[{"href":"https:\/\/www.campingepibleu.com\/fr\/wp-json\/wp\/v2\/media?parent=3225"}],"curies":[{"name":"wp","href":"https:\/\/api.w.org\/{rel}","templated":true}]}}