{"id":3361,"date":"2025-11-10T13:24:30","date_gmt":"2025-11-10T13:24:30","guid":{"rendered":"https:\/\/www.campingepibleu.com\/?page_id=3361"},"modified":"2025-11-10T13:41:21","modified_gmt":"2025-11-10T13:41:21","slug":"camping-ancv","status":"publish","type":"page","link":"https:\/\/www.campingepibleu.com\/fr\/camping-luberon-pas-cher\/camping-ancv\/","title":{"rendered":"Camping ANCV : vos vacances en Provence"},"content":{"rendered":"[vc_row][vc_column][vc_column_text]Profitez de vos <strong>ch\u00e8ques vacances<\/strong> pour vivre des <strong>moments inoubliables<\/strong> au sein de notre <a href=\"https:\/\/www.campingepibleu.com\/fr\/\">camping dans le Lub\u00e9ron<\/a>. Nos <strong>h\u00e9bergements tout confort<\/strong>, dont des <strong>mobil-homes<\/strong> modernes et \u00e9quip\u00e9s, vous accueillent dans un cadre enchanteur entre <strong>champs de lavande<\/strong> et <strong>paysages des Alpes<\/strong>.<\/p>\n<p>Pour des <strong>vacances en France<\/strong> relaxantes, une immersion en pleine nature ou des d\u00e9couvertes authentiques, notre camping avec parc aquatique dans le Lub\u00e9ron est la destination id\u00e9ale. R\u00e9servez d\u00e8s maintenant et transformez vos <strong>ch\u00e8ques vacances<\/strong> en <strong>souvenirs m\u00e9morables<\/strong> pour toute la famille ![\/vc_column_text][vc_raw_html el_class=\u00a0\u00bbheberg-resa\u00a0\u00bb]JTNDZGl2JTIwY2xhc3MlM0QlMjJmcmFtZS1jdG91dHZlcnQlMjIlM0UlMEElM0NzY3JpcHQlM0UlMEElMjAlMjAlMjAlMjB3aW5kb3cuY3RvdXR2ZXJ0JTIwJTNEJTIwJTdCJTBBJTIwJTIwJTIwJTIwJTIwJTIwJTIwJTIwaWQlM0ElMjAyMzU3JTJDJTBBJTIwJTIwJTIwJTIwJTIwJTIwJTIwJTIwbGFuZyUzQSUyMCUyN2F1dG8lMjclMkMlMEElMjAlMjAlMjAlMjAlMjAlMjAlMjAlMjB1cmwlM0ElMjAlMjdodHRwcyUzQSUyRiUyRmJvb2tpbmdwcmVtaXVtLnNlY3VyZWhvbGlkYXkubmV0JTJGd2lkZ2V0cyUyRiUyNyUyQyUyMCUwQSUyMCUyMCUyMCUyMCU3RCUzQiUwQSUyMCUyMCUyMCUyMCUyOGZ1bmN0aW9uJTIwJTI4dyUyQyUyMGQlMkMlMjBzJTJDJTIwY3R2JTJDJTIwciUyQyUyMGpzJTJDJTIwZmpzJTI5JTIwJTdCJTBBJTIwJTIwJTIwJTIwJTIwJTIwJTIwJTIwciUzRG5ldyUyMFhNTEh0dHBSZXF1ZXN0JTI4JTI5JTNCci5vcGVuJTI4JTI3R0VUJTI3JTJDdyU1QmN0diU1RC51cmwlMkIlMjdqcyUyRnNyYy5qc29uJTI3JTI5JTNCJTBBJTIwJTIwJTIwJTIwJTIwJTIwJTIwJTIwci5yZXNwb25zZVR5cGUlM0QlMjdqc29uJTI3JTNCci5qc29uJTNEdHJ1ZSUzQnIuc2VuZCUyOCUyOSUzQiUwQSUyMCUyMCUyMCUyMCUyMCUyMCUyMCUyMHIub25sb2FkJTNEZnVuY3Rpb24lMjglMjklN0J3JTVCY3R2JTVELnNyYyUzRHIucmVzcG9uc2VUeXBlJTNEJTNEJTI3anNvbiUyNyUzRnIucmVzcG9uc2UlM0FKU09OLnBhcnNlJTI4ci5yZXNwb25zZSUyOSUzQiUwQSUyMCUyMCUyMCUyMCUyMCUyMCUyMCUyMGpzLnNyYyUzRHclNUJjdHYlNUQuc3JjJTVCMCU1RCUzQmZqcy5wYXJlbnROb2RlLmluc2VydEJlZm9yZSUyOGpzJTJDJTIwZmpzJTI5JTNCJTdEJTBBJTIwJTIwJTIwJTIwJTIwJTIwJTIwJTIwanMlM0RkLmNyZWF0ZUVsZW1lbnQlMjhzJTI5JTJDZmpzJTNEZC5nZXRFbGVtZW50c0J5VGFnTmFtZSUyOHMlMjklNUIwJTVEJTNCJTBBJTIwJTIwJTIwJTIwJTIwJTIwJTIwJTIwanMuaWQlM0QlMjdjdHZ3aWRnZXQlMjclM0Jqcy5hc3luYyUzRDElM0IlMEElMjAlMjAlMjAlMjAlN0QlMjh3aW5kb3clMkMlMjBkb2N1bWVudCUyQyUyMCUyN3NjcmlwdCUyNyUyQyUyMCUyN2N0b3V0dmVydCUyNyUyOSUyOSUzQiUwQSUzQyUyRnNjcmlwdCUzRSUwQSUzQ2N0di1hdmFpbGFiaWxpdHklMjAlM0UlM0MlMkZjdHYtYXZhaWxhYmlsaXR5JTNFJTBBJTNDJTJGZGl2JTNF[\/vc_raw_html][\/vc_column][\/vc_row][vc_row equal_height=\u00a0\u00bbyes\u00a0\u00bb][vc_column width=\u00a0\u00bb1\/2&Prime; el_class=\u00a0\u00bbvalign\u00a0\u00bb][vc_column_text]\n<h2>Notre camping acceptant les ch\u00e8ques vacances ANCV en bref<\/h2>\n<p>Pour vous aider \u00e0 planifier votre\u00a0 s\u00e9jour dans notre <a href=\"https:\/\/www.campingepibleu.com\/fr\/camping-luberon-pas-cher\/\">camping pas cher dans le Lub\u00e9ron<\/a>, voici ce qui fait la particularit\u00e9 de notre \u00e9tablissement :<\/p>\n<ul>\n<li><strong>Paiement facilit\u00e9<\/strong> : nous acceptons les <strong>ch\u00e8ques vacances ANCV<\/strong> pour r\u00e9gler votre s\u00e9jour et vos nuits en toute simplicit\u00e9.<\/li>\n<li><strong>Un cadre unique en Provence-Alpes-C\u00f4te d\u2019Azur<\/strong> : notre <strong>camping 4 \u00e9toiles<\/strong> est un point de d\u00e9part id\u00e9al pour d\u00e9couvrir la <strong>r\u00e9gion Provence-Alpes<\/strong>, du <strong>Luberon<\/strong> aux <strong>Alpes<\/strong>.<\/li>\n<li><strong>Espace aquatique<\/strong> : notre <strong>piscine chauff\u00e9e<\/strong> est parfaite pour la <strong>d\u00e9tente<\/strong> de toute la\u00a0 famille.<\/li>\n<li><strong>Des animations pour tous<\/strong> : un <strong>club enfants<\/strong> et des <strong>animations vari\u00e9es<\/strong> rythment vos journ\u00e9es.<\/li>\n<li><strong>Des avis camping positifs<\/strong> : avec une note de <strong>4,4\/5<\/strong>, les avis de nos vacanciers soulignent la <strong>qualit\u00e9 de notre accueil<\/strong>.<\/li>\n<\/ul>\n[\/vc_column_text][\/vc_column][vc_column width=\u00a0\u00bb1\/2&Prime; el_class=\u00a0\u00bbvalign\u00a0\u00bb][vc_column_text]<a href=\"https:\/\/www.campingepibleu.com\/wp-content\/uploads\/2025\/01\/location-mobil-home-pertuis.jpg\"><img decoding=\"async\" class=\"alignnone size-full wp-image-3187\" src=\"https:\/\/www.campingepibleu.com\/wp-content\/uploads\/2025\/01\/location-mobil-home-pertuis.jpg\" alt=\"location mobil home pertuis\" width=\"640\" height=\"399\" srcset=\"https:\/\/www.campingepibleu.com\/wp-content\/uploads\/2025\/01\/location-mobil-home-pertuis.jpg 640w, https:\/\/www.campingepibleu.com\/wp-content\/uploads\/2025\/01\/location-mobil-home-pertuis-300x187.jpg 300w\" sizes=\"(max-width: 640px) 100vw, 640px\" \/><\/a>[\/vc_column_text][\/vc_column][\/vc_row][vc_row equal_height=\u00a0\u00bbyes\u00a0\u00bb][vc_column width=\u00a0\u00bb1\/2&Prime; el_class=\u00a0\u00bbvalign\u00a0\u00bb][vc_column_text]<img decoding=\"async\" src=\"https:\/\/www.campingepibleu.com\/wp-content\/uploads\/2020\/01\/emplacement-camping-luberon.jpg\" alt=\"emplacement camping vacaf luberon\" \/>[\/vc_column_text][\/vc_column][vc_column width=\u00a0\u00bb1\/2&Prime; el_class=\u00a0\u00bbvalign\u00a0\u00bb][vc_column_text]\n<h2>Simplifiez votre r\u00e9servation au camping ANCV<\/h2>\n<p>Chaque ann\u00e9e, l&rsquo;<strong>ANCV<\/strong> permet \u00e0 des millions de personnes de profiter de <strong>vacances en France<\/strong>. R\u00e9server un <strong>camping avec ANCV<\/strong> est simple et accessible : que vous veniez d&rsquo;<strong>Auvergne-Rh\u00f4ne-Alpes<\/strong> ou de <strong>Nouvelle-Aquitaine<\/strong>, l&rsquo;utilisation de vos <strong>ch\u00e8ques vacances<\/strong> est identique dans tous les <strong>campings partenaires ANCV<\/strong>.<\/p>\n<p>Nos <strong>h\u00e9bergements tout confort<\/strong> et notre <a href=\"https:\/\/www.campingepibleu.com\/fr\/camping-luberon-parc-aquatique\/\">camping avec parc aquatique dans le Lub\u00e9ron<\/a> promettent une exp\u00e9rience unique, id\u00e9ale pour des <strong>vacances bien m\u00e9rit\u00e9es<\/strong> en famille. Le <strong>dispositif des ch\u00e8ques vacances<\/strong>, qu&rsquo;il soit au format <strong>Classic papier<\/strong> ou <strong>Connect digital<\/strong>, est con\u00e7u pour vous laisser toute la <strong>flexibilit\u00e9<\/strong> n\u00e9cessaire et est <strong>valable deux ans<\/strong> apr\u00e8s son ann\u00e9e d&rsquo;\u00e9mission, vous permettant de planifier le s\u00e9jour parfait.<\/p>\n<p>Notre <a href=\"https:\/\/www.campingepibleu.com\/fr\/camping-luberon-pas-cher\/camping-acsi\/\">camping ACSI<\/a>, par sa <strong>convivialit\u00e9<\/strong> et son ambiance familiale, est le choix privil\u00e9gi\u00e9 des utilisateurs de <strong>ch\u00e8ques vacances<\/strong>, garantissant des <strong>vacances en France<\/strong> simples, accessibles et m\u00e9morables.[\/vc_column_text][\/vc_column][\/vc_row][vc_row equal_height=\u00a0\u00bbyes\u00a0\u00bb][vc_column width=\u00a0\u00bb1\/2&Prime; el_class=\u00a0\u00bbvalign\u00a0\u00bb][vc_column_text]\n<h2>Une exp\u00e9rience compl\u00e8te pour vos vacances au camping ANCV<\/h2>\n<p>Utiliser vos <strong>ch\u00e8ques vacances ANCV<\/strong> vous donne acc\u00e8s \u00e0 tous nos <strong>services<\/strong>. Au-del\u00e0 de la location de votre <strong>mobil-home<\/strong> ou de votre <strong>emplacement<\/strong>, profitez de notre <strong>bar-restaurant<\/strong> et des nombreuses <strong>activit\u00e9s<\/strong>. Notre <strong>\u00e9tablissement<\/strong> est un v\u00e9ritable lieu de vie, avec son <strong>aire de jeux<\/strong> et ses <strong>animations<\/strong>. De plus, les <strong>animaux<\/strong> sont les bienvenus.<\/p>\n<p>Choisir notre <strong>camping ANCV<\/strong>, c&rsquo;est opter pour un <strong>s\u00e9jour financ\u00e9 par vos ch\u00e8ques vacances<\/strong> o\u00f9 tout est pens\u00e9 pour vous, au c\u0153ur de la r\u00e9gion <strong>Provence-Alpes-C\u00f4te d\u2019Azur<\/strong>. C&rsquo;est la garantie d&rsquo;un <strong>s\u00e9jour r\u00e9ussi<\/strong>, que ce soit pour quelques nuits ou plus.[\/vc_column_text][\/vc_column][vc_column width=\u00a0\u00bb1\/2&Prime; el_class=\u00a0\u00bbvalign\u00a0\u00bb][vc_column_text]<a href=\"https:\/\/www.campingepibleu.com\/wp-content\/uploads\/2025\/01\/camping-piscine-exterieur-chauffee-pertuis.jpg\"><img decoding=\"async\" class=\"alignnone size-full wp-image-3190\" src=\"https:\/\/www.campingepibleu.com\/wp-content\/uploads\/2025\/01\/camping-piscine-exterieur-chauffee-pertuis.jpg\" alt=\"camping piscine exterieure chauff\u00e9e pertuis\" width=\"640\" height=\"400\" srcset=\"https:\/\/www.campingepibleu.com\/wp-content\/uploads\/2025\/01\/camping-piscine-exterieur-chauffee-pertuis.jpg 640w, https:\/\/www.campingepibleu.com\/wp-content\/uploads\/2025\/01\/camping-piscine-exterieur-chauffee-pertuis-300x188.jpg 300w\" sizes=\"(max-width: 640px) 100vw, 640px\" \/><\/a>[\/vc_column_text][\/vc_column][\/vc_row][vc_row][vc_column width=\u00a0\u00bb1\/2&Prime;][vc_column_text]<a href=\"https:\/\/www.campingepibleu.com\/wp-content\/uploads\/2021\/05\/location-mh-confort-plus-provence.jpg\"><img decoding=\"async\" class=\"alignnone size-full wp-image-2533\" src=\"https:\/\/www.campingepibleu.com\/wp-content\/uploads\/2021\/05\/location-mh-confort-plus-provence.jpg\" alt=\"location mobil home confort plus\" width=\"500\" height=\"375\" srcset=\"https:\/\/www.campingepibleu.com\/wp-content\/uploads\/2021\/05\/location-mh-confort-plus-provence.jpg 500w, https:\/\/www.campingepibleu.com\/wp-content\/uploads\/2021\/05\/location-mh-confort-plus-provence-300x225.jpg 300w\" sizes=\"(max-width: 500px) 100vw, 500px\" \/><\/a>[\/vc_column_text][\/vc_column][vc_column width=\u00a0\u00bb1\/2&Prime;][vc_column_text]\n<h2>Au c\u0153ur d&rsquo;une liste de campings ANCV en Provence<\/h2>\n<p>Parmi la liste des <strong>campings ANCV en France<\/strong>, notre <strong>\u00e9tablissement en Provence<\/strong> se distingue. Si des r\u00e9gions comme le <strong>Languedoc-Roussillon<\/strong> ou les <strong>Pays de la Loire<\/strong> sont pris\u00e9es, la r\u00e9gion <strong>Provence-Alpes-C\u00f4te d\u2019Azur<\/strong> poss\u00e8de un charme unique. Notre <strong>camping acceptant les ch\u00e8ques vacances ANCV<\/strong> est une base id\u00e9ale pour d\u00e9couvrir les <strong>tr\u00e9sors locaux<\/strong>. C&rsquo;est l&rsquo;un des <strong>campings de Provence-Alpes-C\u00f4te d\u2019Azur<\/strong> qui combine <strong>nature<\/strong> et <strong>confort<\/strong>.<\/p>\n<p>La r\u00e9gion <strong>Provence-Alpes-C\u00f4te d\u2019Azur<\/strong> figure parmi les destinations les plus pris\u00e9es des <strong>campeurs en France<\/strong>, captant une part importante des <strong>nuit\u00e9es nationales<\/strong> aux c\u00f4t\u00e9s de la <strong>Nouvelle-Aquitaine<\/strong> et de l&rsquo;<strong>Occitanie<\/strong>. Ce succ\u00e8s s&rsquo;explique par la diversit\u00e9 de ses <strong>paysages<\/strong>, allant du <strong>littoral m\u00e9diterran\u00e9en<\/strong> aux <strong>massifs alpins<\/strong>.<\/p>\n<p>Choisir un <strong>s\u00e9jour en camping avec vos ch\u00e8ques vacances<\/strong> dans notre r\u00e9gion, c&rsquo;est s&rsquo;assurer des <strong>journ\u00e9es ensoleill\u00e9es<\/strong>, des <strong>d\u00e9couvertes culturelles<\/strong> et des <strong>activit\u00e9s pour toute la famille<\/strong>. C&rsquo;est une destination qui attire aussi bien les <strong>vacanciers fran\u00e7ais<\/strong> qu&rsquo;une <strong>client\u00e8le internationale<\/strong>, tous s\u00e9duits par le c\u0153ur de la Provence.[\/vc_column_text][\/vc_column][\/vc_row][vc_row][vc_column][vc_column_text]\n<h2>Foire aux questions : camping et ANCV<\/h2>\n[\/vc_column_text][vc_tta_accordion][vc_tta_section title=\u00a0\u00bbPeut-on r\u00e9gler l&rsquo;ensemble des h\u00e9bergements et des nuits avec des ch\u00e8ques vacances ANCV ?\u00a0\u00bb tab_id=\u00a0\u00bb1759473485929-d860cee3-4410&Prime;][vc_column_text]Oui, vous pouvez r\u00e9gler l\u2019int\u00e9gralit\u00e9 de votre s\u00e9jour facilement avec vos <strong>ch\u00e8ques ANCV<\/strong>, pour des <strong>vacances sereines<\/strong> et sans souci. Que ce soit pour la location de votre <strong>mobil-home<\/strong> ou de votre <strong>emplacement<\/strong>, tout est pens\u00e9 pour vous simplifier la vie.[\/vc_column_text][\/vc_tta_section][vc_tta_section title=\u00a0\u00bbNotre camping ANCV propose-t-il des services pour toute la famille, comme un club enfants ou une piscine ?\u00a0\u00bb tab_id=\u00a0\u00bb1759473485938-a8253ce9-1ccb\u00a0\u00bb][vc_column_text]Absolument. Pour des <strong>vacances en famille<\/strong> r\u00e9ussies, nous proposons de nombreuses <strong>animations<\/strong>, un <strong>club enfants<\/strong>, une <strong>aire de jeux<\/strong> et une <strong>piscine chauff\u00e9e<\/strong>. Vous pourrez \u00e9galement profiter de notre <strong>bar-restaurant<\/strong>. Les <strong>animaux<\/strong> sont les bienvenus, pour que personne ne manque \u00e0 l\u2019appel.[\/vc_column_text][\/vc_tta_section][vc_tta_section title=\u00a0\u00bbComment effectuer une r\u00e9servation pour un s\u00e9jour en utilisant mes ch\u00e8ques vacances ?\u00a0\u00bb tab_id=\u00a0\u00bb1759474080095-9131aa88-5399&Prime;][vc_column_text]La d\u00e9marche pour votre <strong>r\u00e9servation au camping ANCV<\/strong> est simple et rapide. O\u00f9 que vous soyez, il vous suffit de nous contacter. Nous vous expliquerons comment utiliser vos <strong>ch\u00e8ques ANCV<\/strong> pour r\u00e9gler votre s\u00e9jour et profiter pleinement de toutes nos prestations.<\/p>\n<p>Vos <strong>vacances en Provence-Alpes-C\u00f4te d\u2019Azur<\/strong> commencent ici. Notre <strong>camping L&rsquo;Epi Bleu<\/strong>, membre du r\u00e9seau <strong>Flower Campings<\/strong>, est heureux de vous accueillir pour un <strong>s\u00e9jour inoubliable<\/strong>, o\u00f9 <strong>confort<\/strong>, <strong>convivialit\u00e9<\/strong> et <strong>activit\u00e9s pour toute la famille<\/strong> se combinent pour cr\u00e9er des <strong>souvenirs m\u00e9morables<\/strong>.[\/vc_column_text][\/vc_tta_section][\/vc_tta_accordion][\/vc_column][\/vc_row]\n","protected":false},"excerpt":{"rendered":"","protected":false},"author":8,"featured_media":2537,"parent":1234,"menu_order":0,"comment_status":"closed","ping_status":"closed","template":"","meta":[],"acf":[],"yoast_head":"<!-- This site is optimized with the Yoast SEO plugin v20.1 - https:\/\/yoast.com\/wordpress\/plugins\/seo\/ -->\n<title>Camping ANCV: payez vos vacances dans le Lub\u00e9ron avec vos ch\u00e8ques ANCV<\/title>\n<meta name=\"description\" content=\"R\u00e9servez votre s\u00e9jour au camping L\u2019Epi Bleu en Provence et payez avec vos ch\u00e8ques vacances ANCV. Piscine, animations et nature au c\u0153ur des Alpes de Haute-Provence.\" \/>\n<meta name=\"robots\" content=\"index, follow, max-snippet:-1, max-image-preview:large, max-video-preview:-1\" \/>\n<link rel=\"canonical\" href=\"https:\/\/www.campingepibleu.com\/fr\/camping-luberon-pas-cher\/camping-ancv\/\" \/>\n<meta property=\"og:locale\" content=\"fr_FR\" \/>\n<meta property=\"og:type\" content=\"article\" \/>\n<meta property=\"og:title\" content=\"Camping ANCV: payez vos vacances dans le Lub\u00e9ron avec vos ch\u00e8ques ANCV\" \/>\n<meta property=\"og:description\" content=\"R\u00e9servez votre s\u00e9jour au camping L\u2019Epi Bleu en Provence et payez avec vos ch\u00e8ques vacances ANCV. Piscine, animations et nature au c\u0153ur des Alpes de Haute-Provence.\" \/>\n<meta property=\"og:url\" content=\"https:\/\/www.campingepibleu.com\/fr\/camping-luberon-pas-cher\/camping-ancv\/\" \/>\n<meta property=\"og:site_name\" content=\"Camping Epi Bleu\" \/>\n<meta property=\"article:publisher\" content=\"https:\/\/www.facebook.com\/CAMPING-CARAVANING-lEPI-BLEU--265609693477491\/\" \/>\n<meta property=\"article:modified_time\" content=\"2025-11-10T13:41:21+00:00\" \/>\n<meta property=\"og:image\" content=\"https:\/\/www.campingepibleu.com\/wp-content\/uploads\/2021\/05\/quartier-home.jpg\" \/>\n\t<meta property=\"og:image:width\" content=\"970\" \/>\n\t<meta property=\"og:image:height\" content=\"230\" \/>\n\t<meta property=\"og:image:type\" content=\"image\/jpeg\" \/>\n<meta name=\"twitter:card\" content=\"summary_large_image\" \/>\n<meta name=\"twitter:label1\" content=\"Dur\u00e9e de lecture estim\u00e9e\" \/>\n\t<meta name=\"twitter:data1\" content=\"6 minutes\" \/>\n<script type=\"application\/ld+json\" class=\"yoast-schema-graph\">{\"@context\":\"https:\/\/schema.org\",\"@graph\":[{\"@type\":\"WebPage\",\"@id\":\"https:\/\/www.campingepibleu.com\/fr\/camping-luberon-pas-cher\/camping-ancv\/\",\"url\":\"https:\/\/www.campingepibleu.com\/fr\/camping-luberon-pas-cher\/camping-ancv\/\",\"name\":\"Camping ANCV: payez vos vacances dans le Lub\u00e9ron avec vos ch\u00e8ques ANCV\",\"isPartOf\":{\"@id\":\"https:\/\/www.campingepibleu.com\/fr\/#website\"},\"datePublished\":\"2025-11-10T13:24:30+00:00\",\"dateModified\":\"2025-11-10T13:41:21+00:00\",\"description\":\"R\u00e9servez votre s\u00e9jour au camping L\u2019Epi Bleu en Provence et payez avec vos ch\u00e8ques vacances ANCV. Piscine, animations et nature au c\u0153ur des Alpes de Haute-Provence.\",\"breadcrumb\":{\"@id\":\"https:\/\/www.campingepibleu.com\/fr\/camping-luberon-pas-cher\/camping-ancv\/#breadcrumb\"},\"inLanguage\":\"fr-FR\",\"potentialAction\":[{\"@type\":\"ReadAction\",\"target\":[\"https:\/\/www.campingepibleu.com\/fr\/camping-luberon-pas-cher\/camping-ancv\/\"]}]},{\"@type\":\"BreadcrumbList\",\"@id\":\"https:\/\/www.campingepibleu.com\/fr\/camping-luberon-pas-cher\/camping-ancv\/#breadcrumb\",\"itemListElement\":[{\"@type\":\"ListItem\",\"position\":1,\"name\":\"Camping Luberon\",\"item\":\"https:\/\/www.campingepibleu.com\/fr\/\"},{\"@type\":\"ListItem\",\"position\":2,\"name\":\"Camping pas cher Luberon\",\"item\":\"https:\/\/www.campingepibleu.com\/fr\/camping-luberon-pas-cher\/\"},{\"@type\":\"ListItem\",\"position\":3,\"name\":\"Camping ANCV\"}]},{\"@type\":\"WebSite\",\"@id\":\"https:\/\/www.campingepibleu.com\/fr\/#website\",\"url\":\"https:\/\/www.campingepibleu.com\/fr\/\",\"name\":\"Camping Epi Bleu\",\"description\":\"Camping Epi Bleu\",\"publisher\":{\"@id\":\"https:\/\/www.campingepibleu.com\/fr\/#organization\"},\"potentialAction\":[{\"@type\":\"SearchAction\",\"target\":{\"@type\":\"EntryPoint\",\"urlTemplate\":\"https:\/\/www.campingepibleu.com\/fr\/?s={search_term_string}\"},\"query-input\":\"required name=search_term_string\"}],\"inLanguage\":\"fr-FR\"},{\"@type\":\"Organization\",\"@id\":\"https:\/\/www.campingepibleu.com\/fr\/#organization\",\"name\":\"Camping Epi Bleu\",\"url\":\"https:\/\/www.campingepibleu.com\/fr\/\",\"logo\":{\"@type\":\"ImageObject\",\"inLanguage\":\"fr-FR\",\"@id\":\"https:\/\/www.campingepibleu.com\/fr\/#\/schema\/logo\/image\/\",\"url\":\"https:\/\/www.campingepibleu.com\/wp-content\/uploads\/2022\/08\/logo.png\",\"contentUrl\":\"https:\/\/www.campingepibleu.com\/wp-content\/uploads\/2022\/08\/logo.png\",\"width\":262,\"height\":162,\"caption\":\"Camping Epi Bleu\"},\"image\":{\"@id\":\"https:\/\/www.campingepibleu.com\/fr\/#\/schema\/logo\/image\/\"},\"sameAs\":[\"https:\/\/www.facebook.com\/CAMPING-CARAVANING-lEPI-BLEU--265609693477491\/\",\"https:\/\/www.youtube.com\/watch?v=pfc5cAK9aKI\"]}]}<\/script>\n<!-- \/ Yoast SEO plugin. -->","yoast_head_json":{"title":"Camping ANCV: payez vos vacances dans le Lub\u00e9ron avec vos ch\u00e8ques ANCV","description":"R\u00e9servez votre s\u00e9jour au camping L\u2019Epi Bleu en Provence et payez avec vos ch\u00e8ques vacances ANCV. Piscine, animations et nature au c\u0153ur des Alpes de Haute-Provence.","robots":{"index":"index","follow":"follow","max-snippet":"max-snippet:-1","max-image-preview":"max-image-preview:large","max-video-preview":"max-video-preview:-1"},"canonical":"https:\/\/www.campingepibleu.com\/fr\/camping-luberon-pas-cher\/camping-ancv\/","og_locale":"fr_FR","og_type":"article","og_title":"Camping ANCV: payez vos vacances dans le Lub\u00e9ron avec vos ch\u00e8ques ANCV","og_description":"R\u00e9servez votre s\u00e9jour au camping L\u2019Epi Bleu en Provence et payez avec vos ch\u00e8ques vacances ANCV. Piscine, animations et nature au c\u0153ur des Alpes de Haute-Provence.","og_url":"https:\/\/www.campingepibleu.com\/fr\/camping-luberon-pas-cher\/camping-ancv\/","og_site_name":"Camping Epi Bleu","article_publisher":"https:\/\/www.facebook.com\/CAMPING-CARAVANING-lEPI-BLEU--265609693477491\/","article_modified_time":"2025-11-10T13:41:21+00:00","og_image":[{"width":"970","height":"230","url":"https:\/\/www.campingepibleu.com\/wp-content\/uploads\/2021\/05\/quartier-home.jpg","type":"image\/jpeg"}],"twitter_card":"summary_large_image","twitter_misc":{"Dur\u00e9e de lecture estim\u00e9e":"6 minutes"},"schema":{"@context":"https:\/\/schema.org","@graph":[{"@type":"WebPage","@id":"https:\/\/www.campingepibleu.com\/fr\/camping-luberon-pas-cher\/camping-ancv\/","url":"https:\/\/www.campingepibleu.com\/fr\/camping-luberon-pas-cher\/camping-ancv\/","name":"Camping ANCV: payez vos vacances dans le Lub\u00e9ron avec vos ch\u00e8ques ANCV","isPartOf":{"@id":"https:\/\/www.campingepibleu.com\/fr\/#website"},"datePublished":"2025-11-10T13:24:30+00:00","dateModified":"2025-11-10T13:41:21+00:00","description":"R\u00e9servez votre s\u00e9jour au camping L\u2019Epi Bleu en Provence et payez avec vos ch\u00e8ques vacances ANCV. Piscine, animations et nature au c\u0153ur des Alpes de Haute-Provence.","breadcrumb":{"@id":"https:\/\/www.campingepibleu.com\/fr\/camping-luberon-pas-cher\/camping-ancv\/#breadcrumb"},"inLanguage":"fr-FR","potentialAction":[{"@type":"ReadAction","target":["https:\/\/www.campingepibleu.com\/fr\/camping-luberon-pas-cher\/camping-ancv\/"]}]},{"@type":"BreadcrumbList","@id":"https:\/\/www.campingepibleu.com\/fr\/camping-luberon-pas-cher\/camping-ancv\/#breadcrumb","itemListElement":[{"@type":"ListItem","position":1,"name":"Camping Luberon","item":"https:\/\/www.campingepibleu.com\/fr\/"},{"@type":"ListItem","position":2,"name":"Camping pas cher Luberon","item":"https:\/\/www.campingepibleu.com\/fr\/camping-luberon-pas-cher\/"},{"@type":"ListItem","position":3,"name":"Camping ANCV"}]},{"@type":"WebSite","@id":"https:\/\/www.campingepibleu.com\/fr\/#website","url":"https:\/\/www.campingepibleu.com\/fr\/","name":"Camping Epi Bleu","description":"Camping Epi Bleu","publisher":{"@id":"https:\/\/www.campingepibleu.com\/fr\/#organization"},"potentialAction":[{"@type":"SearchAction","target":{"@type":"EntryPoint","urlTemplate":"https:\/\/www.campingepibleu.com\/fr\/?s={search_term_string}"},"query-input":"required name=search_term_string"}],"inLanguage":"fr-FR"},{"@type":"Organization","@id":"https:\/\/www.campingepibleu.com\/fr\/#organization","name":"Camping Epi Bleu","url":"https:\/\/www.campingepibleu.com\/fr\/","logo":{"@type":"ImageObject","inLanguage":"fr-FR","@id":"https:\/\/www.campingepibleu.com\/fr\/#\/schema\/logo\/image\/","url":"https:\/\/www.campingepibleu.com\/wp-content\/uploads\/2022\/08\/logo.png","contentUrl":"https:\/\/www.campingepibleu.com\/wp-content\/uploads\/2022\/08\/logo.png","width":262,"height":162,"caption":"Camping Epi Bleu"},"image":{"@id":"https:\/\/www.campingepibleu.com\/fr\/#\/schema\/logo\/image\/"},"sameAs":["https:\/\/www.facebook.com\/CAMPING-CARAVANING-lEPI-BLEU--265609693477491\/","https:\/\/www.youtube.com\/watch?v=pfc5cAK9aKI"]}]}},"_links":{"self":[{"href":"https:\/\/www.campingepibleu.com\/fr\/wp-json\/wp\/v2\/pages\/3361"}],"collection":[{"href":"https:\/\/www.campingepibleu.com\/fr\/wp-json\/wp\/v2\/pages"}],"about":[{"href":"https:\/\/www.campingepibleu.com\/fr\/wp-json\/wp\/v2\/types\/page"}],"author":[{"embeddable":true,"href":"https:\/\/www.campingepibleu.com\/fr\/wp-json\/wp\/v2\/users\/8"}],"replies":[{"embeddable":true,"href":"https:\/\/www.campingepibleu.com\/fr\/wp-json\/wp\/v2\/comments?post=3361"}],"version-history":[{"count":6,"href":"https:\/\/www.campingepibleu.com\/fr\/wp-json\/wp\/v2\/pages\/3361\/revisions"}],"predecessor-version":[{"id":3368,"href":"https:\/\/www.campingepibleu.com\/fr\/wp-json\/wp\/v2\/pages\/3361\/revisions\/3368"}],"up":[{"embeddable":true,"href":"https:\/\/www.campingepibleu.com\/fr\/wp-json\/wp\/v2\/pages\/1234"}],"wp:featuredmedia":[{"embeddable":true,"href":"https:\/\/www.campingepibleu.com\/fr\/wp-json\/wp\/v2\/media\/2537"}],"wp:attachment":[{"href":"https:\/\/www.campingepibleu.com\/fr\/wp-json\/wp\/v2\/media?parent=3361"}],"curies":[{"name":"wp","href":"https:\/\/api.w.org\/{rel}","templated":true}]}}