{"id":6,"date":"2015-07-09T13:29:33","date_gmt":"2015-07-09T13:29:33","guid":{"rendered":"https:\/\/www.campingepibleu.com\/?page_id=6"},"modified":"2025-10-17T09:34:17","modified_gmt":"2025-10-17T09:34:17","slug":"epi-bleu-dans-les-alpes-de-haute-provence","status":"publish","type":"page","link":"https:\/\/www.campingepibleu.com\/fr\/epi-bleu-dans-les-alpes-de-haute-provence\/","title":{"rendered":"Epi Bleu dans les Alpes-de-Haute-Provence (04)"},"content":{"rendered":"[vc_row][vc_column][vc_column_text]\n<div style=\"text-align: center;\"><span style=\"font-size: 20px; color: #9b51ba;\"><em><strong>BIENVENUE AU FLOWER CAMPING L&rsquo;EPI BLEU DANS LES ALPES-DE-HAUTE-PROVENCE<br \/>\n<\/strong><\/em><\/span><\/div>\n[\/vc_column_text][vc_separator color=\u00a0\u00bborange\u00a0\u00bb border_width=\u00a0\u00bb3&Prime;][\/vc_column][\/vc_row][vc_row][vc_column width=\u00a0\u00bb1\/4&Prime;][vc_single_image image=\u00a0\u00bb2738&Prime; img_size=\u00a0\u00bb275&#215;400&Prime;][\/vc_column][vc_column width=\u00a0\u00bb1\/2&Prime;][vc_column_text]\n<p style=\"text-align: center;\">Virgil et Sylvie seront heureux de vous accueillir pour la saison 2024 au<strong> Camping Flower L&rsquo;Epi Bleu dans les Alpes-de-Haute-Provence (04)<\/strong> du<br \/>\n<span style=\"color: #d19a23; font-size: 20px;\"><strong>1er Mai au 13 septembre 2026<\/strong><\/span><\/p>\n<p>&nbsp;<\/p>\n<p>Le <a href=\"\/fr\/\">camping Luberon<\/a> l&rsquo;Epi Bleu vous accueille \u00e0 Banon en Provence, entre le c\u00e9l\u00e8bre Mont Ventoux et la montagne de Lure, tout pr\u00e8s du parc du Luberon. Pendant votre s\u00e9jour, n&rsquo;oubliez pas de go\u00fbter le c\u00e9l\u00e8bre fromage de ch\u00e8vre enrob\u00e9 de sa feuille de chataignier, sp\u00e9cialit\u00e9 du village, et de passer par la librairie Le Bleuet.<\/p>\n<p>&nbsp;<\/p>\n<p>Au beau milieu des champs de lavande, et \u00e0 une altitude de 750 m\u00e8tres, vous pourrez profiter du soleil proven\u00e7al \u00e0 longueur de journ\u00e9e et d&rsquo;une douce temp\u00e9rature \u00e0 la nuit tomb\u00e9e, le tout dans un domaine arbor\u00e9 de ch\u00eanes truffiers. Vous prendrez plaisir \u00e0 vous d\u00e9tendre au pays de Forcalquier dans les Alpes de Haute Provence ! Ici, les produits du terroir et les paysages naturels ne manquent pas ! Les balades parfum\u00e9es par les senteurs de lavande et anim\u00e9es par le chant des cigales laisseront un souvenir imp\u00e9rissable de leurs vacances au camping l&rsquo;Epi Bleu aux amoureux de nature sauvage !<\/p>\n<p>&nbsp;<\/p>\n<p><span style=\"color: #d19a23;\"><strong>&#8211; PISCINE CHAUFF\u00c9E<\/strong>\u00a0<\/span><\/p>\n<p><span style=\"color: #d19a23;\"><strong>&#8211; PATAUGEOIRE CHAUFF\u00c9E<\/strong>\u00a0du <strong>01 juillet au 31 ao\u00fbt <\/strong>!<\/span><\/p>\n<p><span style=\"font-size: 16px; color: #ff0000;\"><a style=\"color: #ff0000;\" href=\"https:\/\/www.drops.live\/fr-fr\/city\/3022126\" target=\"_blank\" rel=\"noopener noreferrer\">Affichez la m\u00e9t\u00e9o!!!<\/a><\/span>[\/vc_column_text][\/vc_column][vc_column width=\u00a0\u00bb1\/4&Prime;][vc_single_image image=\u00a0\u00bb993&Prime; img_size=\u00a0\u00bb275&#215;400&Prime; alignment=\u00a0\u00bbright\u00a0\u00bb][\/vc_column][\/vc_row][vc_row][vc_column][vc_column_text]\n<p style=\"text-align: center;\"><span style=\"font-size: 20px;\"><a href=\"https:\/\/www.flowercampings.com\/page\/application-mobile\" target=\"_blank\" rel=\"noopener noreferrer\">T\u00e9l\u00e9chargez l&rsquo;application Flower<\/a><\/span><\/p>\n[\/vc_column_text][vc_gallery interval=\u00a0\u00bb5&Prime; images=\u00a0\u00bb2093,1107,1103,1059,2537,2540,2994,3204,3338&Prime; img_size=\u00a0\u00bb970&#215;230&Prime;][\/vc_column][\/vc_row]\n","protected":false},"excerpt":{"rendered":"","protected":false},"author":1,"featured_media":995,"parent":0,"menu_order":10,"comment_status":"closed","ping_status":"closed","template":"","meta":[],"acf":[],"yoast_head":"<!-- This site is optimized with the Yoast SEO plugin v20.1 - https:\/\/yoast.com\/wordpress\/plugins\/seo\/ -->\n<title>Epi Bleu dans les Alpes-de-Haute-Provence (04) camping 3* en Provence<\/title>\n<meta name=\"description\" content=\"L&#039;Epi Bleu dans les Alpes-de-Haute-Provence (04). Camping familial, parc aquatique avec toboggan, piscine chauff\u00e9e. Vos vacances au coeur de la Provence\" \/>\n<meta name=\"robots\" content=\"index, follow, max-snippet:-1, max-image-preview:large, max-video-preview:-1\" \/>\n<link rel=\"canonical\" href=\"https:\/\/www.campingepibleu.com\/fr\/epi-bleu-dans-les-alpes-de-haute-provence\/\" \/>\n<meta property=\"og:locale\" content=\"fr_FR\" \/>\n<meta property=\"og:type\" content=\"article\" \/>\n<meta property=\"og:title\" content=\"Epi Bleu dans les Alpes-de-Haute-Provence (04) camping 3* en Provence\" \/>\n<meta property=\"og:description\" content=\"L&#039;Epi Bleu dans les Alpes-de-Haute-Provence (04). Camping familial, parc aquatique avec toboggan, piscine chauff\u00e9e. Vos vacances au coeur de la Provence\" \/>\n<meta property=\"og:url\" content=\"https:\/\/www.campingepibleu.com\/fr\/epi-bleu-dans-les-alpes-de-haute-provence\/\" \/>\n<meta property=\"og:site_name\" content=\"Camping Epi Bleu\" \/>\n<meta property=\"article:publisher\" content=\"https:\/\/www.facebook.com\/CAMPING-CARAVANING-lEPI-BLEU--265609693477491\/\" \/>\n<meta property=\"article:modified_time\" content=\"2025-10-17T09:34:17+00:00\" \/>\n<meta property=\"og:image\" content=\"https:\/\/www.campingepibleu.com\/wp-content\/uploads\/2019\/09\/Epi-Bleu-07-2019-42.jpg\" \/>\n\t<meta property=\"og:image:width\" content=\"1200\" \/>\n\t<meta property=\"og:image:height\" content=\"800\" \/>\n\t<meta property=\"og:image:type\" content=\"image\/jpeg\" \/>\n<meta name=\"twitter:card\" content=\"summary_large_image\" \/>\n<meta name=\"twitter:label1\" content=\"Dur\u00e9e de lecture estim\u00e9e\" \/>\n\t<meta name=\"twitter:data1\" content=\"2 minutes\" \/>\n<script type=\"application\/ld+json\" class=\"yoast-schema-graph\">{\"@context\":\"https:\/\/schema.org\",\"@graph\":[{\"@type\":\"WebPage\",\"@id\":\"https:\/\/www.campingepibleu.com\/fr\/epi-bleu-dans-les-alpes-de-haute-provence\/\",\"url\":\"https:\/\/www.campingepibleu.com\/fr\/epi-bleu-dans-les-alpes-de-haute-provence\/\",\"name\":\"Epi Bleu dans les Alpes-de-Haute-Provence (04) camping 3* en Provence\",\"isPartOf\":{\"@id\":\"https:\/\/www.campingepibleu.com\/fr\/#website\"},\"datePublished\":\"2015-07-09T13:29:33+00:00\",\"dateModified\":\"2025-10-17T09:34:17+00:00\",\"description\":\"L'Epi Bleu dans les Alpes-de-Haute-Provence (04). Camping familial, parc aquatique avec toboggan, piscine chauff\u00e9e. Vos vacances au coeur de la Provence\",\"breadcrumb\":{\"@id\":\"https:\/\/www.campingepibleu.com\/fr\/epi-bleu-dans-les-alpes-de-haute-provence\/#breadcrumb\"},\"inLanguage\":\"fr-FR\",\"potentialAction\":[{\"@type\":\"ReadAction\",\"target\":[\"https:\/\/www.campingepibleu.com\/fr\/epi-bleu-dans-les-alpes-de-haute-provence\/\"]}]},{\"@type\":\"BreadcrumbList\",\"@id\":\"https:\/\/www.campingepibleu.com\/fr\/epi-bleu-dans-les-alpes-de-haute-provence\/#breadcrumb\",\"itemListElement\":[{\"@type\":\"ListItem\",\"position\":1,\"name\":\"Camping Luberon\",\"item\":\"https:\/\/www.campingepibleu.com\/fr\/\"},{\"@type\":\"ListItem\",\"position\":2,\"name\":\"Alpes de Haute Provence\"}]},{\"@type\":\"WebSite\",\"@id\":\"https:\/\/www.campingepibleu.com\/fr\/#website\",\"url\":\"https:\/\/www.campingepibleu.com\/fr\/\",\"name\":\"Camping Epi Bleu\",\"description\":\"Camping Epi Bleu\",\"publisher\":{\"@id\":\"https:\/\/www.campingepibleu.com\/fr\/#organization\"},\"potentialAction\":[{\"@type\":\"SearchAction\",\"target\":{\"@type\":\"EntryPoint\",\"urlTemplate\":\"https:\/\/www.campingepibleu.com\/fr\/?s={search_term_string}\"},\"query-input\":\"required name=search_term_string\"}],\"inLanguage\":\"fr-FR\"},{\"@type\":\"Organization\",\"@id\":\"https:\/\/www.campingepibleu.com\/fr\/#organization\",\"name\":\"Camping Epi Bleu\",\"url\":\"https:\/\/www.campingepibleu.com\/fr\/\",\"logo\":{\"@type\":\"ImageObject\",\"inLanguage\":\"fr-FR\",\"@id\":\"https:\/\/www.campingepibleu.com\/fr\/#\/schema\/logo\/image\/\",\"url\":\"https:\/\/www.campingepibleu.com\/wp-content\/uploads\/2022\/08\/logo.png\",\"contentUrl\":\"https:\/\/www.campingepibleu.com\/wp-content\/uploads\/2022\/08\/logo.png\",\"width\":262,\"height\":162,\"caption\":\"Camping Epi Bleu\"},\"image\":{\"@id\":\"https:\/\/www.campingepibleu.com\/fr\/#\/schema\/logo\/image\/\"},\"sameAs\":[\"https:\/\/www.facebook.com\/CAMPING-CARAVANING-lEPI-BLEU--265609693477491\/\",\"https:\/\/www.youtube.com\/watch?v=pfc5cAK9aKI\"]}]}<\/script>\n<!-- \/ Yoast SEO plugin. -->","yoast_head_json":{"title":"Epi Bleu dans les Alpes-de-Haute-Provence (04) camping 3* en Provence","description":"L'Epi Bleu dans les Alpes-de-Haute-Provence (04). Camping familial, parc aquatique avec toboggan, piscine chauff\u00e9e. Vos vacances au coeur de la Provence","robots":{"index":"index","follow":"follow","max-snippet":"max-snippet:-1","max-image-preview":"max-image-preview:large","max-video-preview":"max-video-preview:-1"},"canonical":"https:\/\/www.campingepibleu.com\/fr\/epi-bleu-dans-les-alpes-de-haute-provence\/","og_locale":"fr_FR","og_type":"article","og_title":"Epi Bleu dans les Alpes-de-Haute-Provence (04) camping 3* en Provence","og_description":"L'Epi Bleu dans les Alpes-de-Haute-Provence (04). Camping familial, parc aquatique avec toboggan, piscine chauff\u00e9e. Vos vacances au coeur de la Provence","og_url":"https:\/\/www.campingepibleu.com\/fr\/epi-bleu-dans-les-alpes-de-haute-provence\/","og_site_name":"Camping Epi Bleu","article_publisher":"https:\/\/www.facebook.com\/CAMPING-CARAVANING-lEPI-BLEU--265609693477491\/","article_modified_time":"2025-10-17T09:34:17+00:00","og_image":[{"width":1200,"height":800,"url":"https:\/\/www.campingepibleu.com\/wp-content\/uploads\/2019\/09\/Epi-Bleu-07-2019-42.jpg","type":"image\/jpeg"}],"twitter_card":"summary_large_image","twitter_misc":{"Dur\u00e9e de lecture estim\u00e9e":"2 minutes"},"schema":{"@context":"https:\/\/schema.org","@graph":[{"@type":"WebPage","@id":"https:\/\/www.campingepibleu.com\/fr\/epi-bleu-dans-les-alpes-de-haute-provence\/","url":"https:\/\/www.campingepibleu.com\/fr\/epi-bleu-dans-les-alpes-de-haute-provence\/","name":"Epi Bleu dans les Alpes-de-Haute-Provence (04) camping 3* en Provence","isPartOf":{"@id":"https:\/\/www.campingepibleu.com\/fr\/#website"},"datePublished":"2015-07-09T13:29:33+00:00","dateModified":"2025-10-17T09:34:17+00:00","description":"L'Epi Bleu dans les Alpes-de-Haute-Provence (04). Camping familial, parc aquatique avec toboggan, piscine chauff\u00e9e. Vos vacances au coeur de la Provence","breadcrumb":{"@id":"https:\/\/www.campingepibleu.com\/fr\/epi-bleu-dans-les-alpes-de-haute-provence\/#breadcrumb"},"inLanguage":"fr-FR","potentialAction":[{"@type":"ReadAction","target":["https:\/\/www.campingepibleu.com\/fr\/epi-bleu-dans-les-alpes-de-haute-provence\/"]}]},{"@type":"BreadcrumbList","@id":"https:\/\/www.campingepibleu.com\/fr\/epi-bleu-dans-les-alpes-de-haute-provence\/#breadcrumb","itemListElement":[{"@type":"ListItem","position":1,"name":"Camping Luberon","item":"https:\/\/www.campingepibleu.com\/fr\/"},{"@type":"ListItem","position":2,"name":"Alpes de Haute Provence"}]},{"@type":"WebSite","@id":"https:\/\/www.campingepibleu.com\/fr\/#website","url":"https:\/\/www.campingepibleu.com\/fr\/","name":"Camping Epi Bleu","description":"Camping Epi Bleu","publisher":{"@id":"https:\/\/www.campingepibleu.com\/fr\/#organization"},"potentialAction":[{"@type":"SearchAction","target":{"@type":"EntryPoint","urlTemplate":"https:\/\/www.campingepibleu.com\/fr\/?s={search_term_string}"},"query-input":"required name=search_term_string"}],"inLanguage":"fr-FR"},{"@type":"Organization","@id":"https:\/\/www.campingepibleu.com\/fr\/#organization","name":"Camping Epi Bleu","url":"https:\/\/www.campingepibleu.com\/fr\/","logo":{"@type":"ImageObject","inLanguage":"fr-FR","@id":"https:\/\/www.campingepibleu.com\/fr\/#\/schema\/logo\/image\/","url":"https:\/\/www.campingepibleu.com\/wp-content\/uploads\/2022\/08\/logo.png","contentUrl":"https:\/\/www.campingepibleu.com\/wp-content\/uploads\/2022\/08\/logo.png","width":262,"height":162,"caption":"Camping Epi Bleu"},"image":{"@id":"https:\/\/www.campingepibleu.com\/fr\/#\/schema\/logo\/image\/"},"sameAs":["https:\/\/www.facebook.com\/CAMPING-CARAVANING-lEPI-BLEU--265609693477491\/","https:\/\/www.youtube.com\/watch?v=pfc5cAK9aKI"]}]}},"_links":{"self":[{"href":"https:\/\/www.campingepibleu.com\/fr\/wp-json\/wp\/v2\/pages\/6"}],"collection":[{"href":"https:\/\/www.campingepibleu.com\/fr\/wp-json\/wp\/v2\/pages"}],"about":[{"href":"https:\/\/www.campingepibleu.com\/fr\/wp-json\/wp\/v2\/types\/page"}],"author":[{"embeddable":true,"href":"https:\/\/www.campingepibleu.com\/fr\/wp-json\/wp\/v2\/users\/1"}],"replies":[{"embeddable":true,"href":"https:\/\/www.campingepibleu.com\/fr\/wp-json\/wp\/v2\/comments?post=6"}],"version-history":[{"count":31,"href":"https:\/\/www.campingepibleu.com\/fr\/wp-json\/wp\/v2\/pages\/6\/revisions"}],"predecessor-version":[{"id":3344,"href":"https:\/\/www.campingepibleu.com\/fr\/wp-json\/wp\/v2\/pages\/6\/revisions\/3344"}],"wp:featuredmedia":[{"embeddable":true,"href":"https:\/\/www.campingepibleu.com\/fr\/wp-json\/wp\/v2\/media\/995"}],"wp:attachment":[{"href":"https:\/\/www.campingepibleu.com\/fr\/wp-json\/wp\/v2\/media?parent=6"}],"curies":[{"name":"wp","href":"https:\/\/api.w.org\/{rel}","templated":true}]}}